{"id":20594,"date":"2024-04-16T15:16:33","date_gmt":"2024-04-16T19:16:33","guid":{"rendered":"https:\/\/staging.3eco.com\/politique-de-cookies-3e\/"},"modified":"2024-07-16T17:40:50","modified_gmt":"2024-07-16T21:40:50","slug":"politique-de-cookies-3e","status":"publish","type":"page","link":"https:\/\/www.3eco.com\/fr\/juridique\/politique-de-cookies-3e\/","title":{"rendered":"Politique de cookies 3E"},"content":{"rendered":"<p><strong>Qu&#8217;est-ce qu&#8217;un biscuit ?<\/strong><\/p>\n<p>Les cookies sont des fichiers texte contenant de petites quantit\u00e9s d&#8217;informations qui sont envoy\u00e9es \u00e0 votre navigateur et stock\u00e9es sur votre ordinateur, votre t\u00e9l\u00e9phone portable ou tout autre appareil lorsque vous visitez un site web.<\/p>\n<p>Les cookies peuvent \u00eatre permanents (&#8220;persistants&#8221;) et rester sur votre ordinateur jusqu&#8217;\u00e0 ce que vous les supprimiez. Les cookies peuvent \u00e9galement \u00eatre temporaires (&#8220;cookies de session&#8221;) et rester sur votre ordinateur jusqu&#8217;\u00e0 ce que vous fermiez votre navigateur. Les cookies peuvent \u00e9galement \u00eatre des cookies de premi\u00e8re partie, c&#8217;est-\u00e0-dire ceux mis en place par 3E sur ce site, ou des cookies de tierce partie, c&#8217;est-\u00e0-dire ceux mis en place par des tiers autoris\u00e9s par 3E \u00e0 le faire.<\/p>\n<h4><\/h4>\n<p><strong>Comment la soci\u00e9t\u00e9 3E utilise-t-elle les cookies ?<\/strong><\/p>\n<p>Nous utilisons des cookies pour personnaliser et am\u00e9liorer les visites de nos visiteurs sur le site, faciliter l&#8217;utilisation du site, collecter des statistiques sur vos visites sur le site et comprendre la mani\u00e8re dont nos visiteurs naviguent sur le site. Nous utilisons \u00e9galement ces informations pour diagnostiquer les probl\u00e8mes techniques et de service, administrer les sites, am\u00e9liorer la s\u00e9curit\u00e9 des sites et identifier les visiteurs des sites. Nous utilisons les donn\u00e9es relatives au parcours de navigation pour d\u00e9terminer le temps que les visiteurs passent sur les pages web des sites, la mani\u00e8re dont les visiteurs naviguent sur les sites et la mani\u00e8re dont nous pouvons adapter les sites aux besoins de nos visiteurs.<\/p>\n<h4><\/h4>\n<p><strong>Cookies que nous utilisons et \u00e0 quoi ils servent<\/strong><\/p>\n<p>Les cookies que nous utilisons sur nos sites web peuvent \u00eatre class\u00e9s comme suit :<\/p>\n<h4><\/h4>\n<p><strong>Cookies strictement n\u00e9cessaires<\/strong><\/p>\n<p>Ces cookies sont essentiels au fonctionnement de notre site. Il s&#8217;agit notamment des technologies qui vous permettent d&#8217;acc\u00e9der \u00e0 notre site, d&#8217;identifier les comportements irr\u00e9guliers sur le site, de pr\u00e9venir les activit\u00e9s frauduleuses et d&#8217;am\u00e9liorer la s\u00e9curit\u00e9 ou de vous permettre d&#8217;utiliser les fonctions du site. En bref, sans ces cookies, notre site web ne fonctionnera pas correctement ou ne sera pas en mesure de fournir certaines caract\u00e9ristiques et fonctionnalit\u00e9s.<\/p>\n<h4><\/h4>\n<p><strong>Cookies de performance<\/strong><\/p>\n<p>Ces cookies recueillent des informations sur vos visites sur le site. Ils nous aident \u00e0 comprendre la mani\u00e8re dont vous naviguez sur le site, \u00e0 savoir si vous avez interagi avec notre messagerie, \u00e0 d\u00e9terminer si vous avez consult\u00e9 un \u00e9l\u00e9ment ou un lien, ou \u00e0 am\u00e9liorer le contenu de notre site web, nos applications, nos services ou nos outils.<\/p>\n<h4><\/h4>\n<p><strong>Cookies fonctionnels<\/strong><\/p>\n<p>Nous pouvons utiliser des cookies, des balises web ou d&#8217;autres technologies similaires qui nous permettent de vous offrir des fonctionnalit\u00e9s am\u00e9lior\u00e9es lorsque vous acc\u00e9dez \u00e0 nos sites, services, applications ou outils ou que vous les utilisez. Il peut s&#8217;agir de vous identifier lorsque vous vous connectez \u00e0 nos sites ou de garder trace de vos pr\u00e9f\u00e9rences, de vos centres d&#8217;int\u00e9r\u00eat ou des \u00e9l\u00e9ments que vous avez consult\u00e9s pr\u00e9c\u00e9demment, afin d&#8217;am\u00e9liorer la pr\u00e9sentation du contenu de nos sites.<\/p>\n<h4><\/h4>\n<p><strong>Autres cookies de tiers<\/strong><\/p>\n<p>Sur certaines pages de notre site web, nous pouvons afficher du contenu provenant de services tels que Twitter. Veuillez noter que nous ne contr\u00f4lons pas les cookies utilis\u00e9s par ces services et que vous devez consulter le site web du tiers concern\u00e9 pour plus d&#8217;informations sur ces cookies.<\/p>\n<h4><\/h4>\n<p><strong>Comment g\u00e9rer et supprimer les cookies<\/strong><\/p>\n<p>La plupart des navigateurs web permettent de contr\u00f4ler la plupart des cookies par le biais des param\u00e8tres du navigateur. Vous trouverez ci-dessous des informations, publi\u00e9es par Chrome Help, sur la mani\u00e8re de supprimer, d&#8217;effacer, d&#8217;activer et de d\u00e9sactiver les cookies sur un navigateur Chrome.<\/p>\n<p>Si vous n&#8217;utilisez pas Chrome ou si vous souhaitez en savoir plus sur les cookies, notamment sur la mani\u00e8re de voir quels cookies ont \u00e9t\u00e9 plac\u00e9s sur votre appareil et sur la mani\u00e8re de les g\u00e9rer et\/ou de les supprimer, veuillez consulter : www.aboutcookies.org ou www.allaboutcookies.org.<\/p>\n<h4><\/h4>\n<p><strong>Supprimez des cookies sp\u00e9cifiques ou effacez tous les cookies dans Chrome :<\/strong><\/p>\n<p>Vous pouvez supprimer les informations et les donn\u00e9es des cookies de premi\u00e8re et de tierce partie de vos appareils. Si vous supprimez les cookies, des \u00e9l\u00e9ments tels que les pr\u00e9f\u00e9rences enregistr\u00e9es sur les sites web risquent d&#8217;\u00eatre supprim\u00e9s.<\/p>\n<ol>\n<li>Sur votre ordinateur, ouvrez Google Chrome<\/li>\n<li>En haut \u00e0 droite, cliquez sur le menu<\/li>\n<li>Cliquez sur Param\u00e8tres Afficher les param\u00e8tres avanc\u00e9s en bas de la page.<\/li>\n<li>Dans la section &#8220;Vie priv\u00e9e&#8221;, cliquez sur Param\u00e8tres de contenu<\/li>\n<li>Sous &#8220;Cookies&#8221;, cliquez sur Tous les cookies et donn\u00e9es de site.<\/li>\n<\/ol>\n<p>Pour supprimer tous les cookies, cliquez sur Supprimer tout<br \/>\nPour supprimer un cookie sp\u00e9cifique, survolez un site, puis cliquez sur le bouton qui appara\u00eet \u00e0 droite.<br \/>\nVous pouvez \u00e9galement choisir de supprimer tous les cookies cr\u00e9\u00e9s pendant une p\u00e9riode donn\u00e9e<br \/>\nAutoriser ou non les cookies :<\/p>\n<p>&nbsp;<\/p>\n<p><strong>Vous pouvez activer ou d\u00e9sactiver les cookies enregistr\u00e9s par les sites web<\/strong><\/p>\n<ol>\n<li>Sur votre ordinateur, ouvrez Google Chrome<\/li>\n<li>En haut \u00e0 droite, cliquez sur le menu<\/li>\n<li>Cliquez sur Param\u00e8tres Afficher les param\u00e8tres avanc\u00e9s<\/li>\n<li>Dans la section &#8220;Vie priv\u00e9e&#8221;, cliquez sur Param\u00e8tres de contenu<\/li>\n<li>Utilisez la section &#8220;Cookies&#8221; pour modifier vos param\u00e8tres :<\/li>\n<\/ol>\n<p>Pour bloquer tous les cookies, cliquez sur Emp\u00eacher les sites de d\u00e9finir des donn\u00e9es. Lorsque vous utilisez ce param\u00e8tre, la plupart des sites qui exigent que vous vous connectiez ne fonctionnent pas<br \/>\nPour autoriser uniquement les cookies de premi\u00e8re partie et bloquer tous les cookies de tierce partie, cochez la case Bloquer les cookies de tierce partie et les donn\u00e9es du site. Ce param\u00e8tre signifie que les donn\u00e9es du site ne peuvent pas \u00eatre \u00e9crites et lues, m\u00eame si vous avez ajout\u00e9 un site \u00e0 la liste des exceptions et que vous avez choisi d&#8217;autoriser ses cookies.<br \/>\nPour autoriser \u00e0 la fois les cookies de premi\u00e8re et de tierce partie, cliquez sur Autoriser le param\u00e9trage des donn\u00e9es locales.<\/p>\n<p>Vous pouvez \u00e9galement consulter la politique de confidentialit\u00e9 de 3E pour plus d&#8217;informations sur l&#8217;utilisation de vos donn\u00e9es personnelles.<\/p>\n","protected":false},"excerpt":{"rendered":"<p>Qu&#8217;est-ce qu&#8217;un biscuit ? Les cookies sont des fichiers texte contenant de petites quantit\u00e9s d&#8217;informations qui sont envoy\u00e9es \u00e0 votre navigateur et stock\u00e9es sur votre ordinateur, votre t\u00e9l\u00e9phone portable ou tout autre appareil lorsque vous visitez un site web. Les cookies peuvent \u00eatre permanents (&#8220;persistants&#8221;) et rester sur votre ordinateur jusqu&#8217;\u00e0 ce que vous les [&hellip;]<\/p>\n","protected":false},"author":11,"featured_media":0,"parent":20595,"menu_order":0,"comment_status":"closed","ping_status":"closed","template":"page-policy.php","meta":{"_acf_changed":false,"inline_featured_image":false,"_3eco_schema_page_type":"","footnotes":""},"capability":[],"content-type":[],"industry":[],"product-and-service":[],"region":[],"service-type":[],"solution":[],"topic":[],"class_list":["post-20594","page","type-page","status-publish","hentry"],"acf":[],"yoast_head":"<!-- This site is optimized with the Yoast SEO Premium plugin v26.8 (Yoast SEO v27.1.1) - https:\/\/yoast.com\/product\/yoast-seo-premium-wordpress\/ -->\n<title>Politique de cookies 3E | 3E<\/title>\n<meta name=\"description\" content=\"Qu&#039;est-ce qu&#039;un biscuit ? Les cookies sont des fichiers texte contenant de petites quantit\u00e9s d&#039;informations qui sont envoy\u00e9es \u00e0 votre navigateur et\" \/>\n<meta name=\"robots\" content=\"index, follow, max-snippet:-1, max-image-preview:large, max-video-preview:-1\" \/>\n<link rel=\"canonical\" href=\"https:\/\/www.3eco.com\/fr\/juridique\/politique-de-cookies-3e\/\" \/>\n<meta property=\"og:locale\" content=\"fr_FR\" \/>\n<meta property=\"og:type\" content=\"article\" \/>\n<meta property=\"og:title\" content=\"Politique de cookies 3E\" \/>\n<meta property=\"og:description\" content=\"Qu&#039;est-ce qu&#039;un biscuit ? Les cookies sont des fichiers texte contenant de petites quantit\u00e9s d&#039;informations qui sont envoy\u00e9es \u00e0 votre navigateur et\" \/>\n<meta property=\"og:url\" content=\"https:\/\/www.3eco.com\/fr\/juridique\/politique-de-cookies-3e\/\" \/>\n<meta property=\"og:site_name\" content=\"3E\" \/>\n<meta property=\"article:publisher\" content=\"https:\/\/web.facebook.com\/3ESaferWorld\" \/>\n<meta property=\"article:modified_time\" content=\"2024-07-16T21:40:50+00:00\" \/>\n<meta name=\"twitter:card\" content=\"summary_large_image\" \/>\n<meta name=\"twitter:site\" content=\"@3E_Safer_World\" \/>\n<meta name=\"twitter:label1\" content=\"Est. reading time\" \/>\n\t<meta name=\"twitter:data1\" content=\"5 minutes\" \/>\n<script type=\"application\/ld+json\" class=\"yoast-schema-graph\">{\"@context\":\"https:\/\/schema.org\",\"@graph\":[{\"@type\":\"WebPage\",\"@id\":\"https:\/\/www.3eco.com\/fr\/juridique\/politique-de-cookies-3e\/\",\"url\":\"https:\/\/www.3eco.com\/fr\/juridique\/politique-de-cookies-3e\/\",\"name\":\"Politique de cookies 3E | 3E\",\"isPartOf\":{\"@id\":\"https:\/\/www.3eco.com\/fr\/#website\"},\"datePublished\":\"2024-04-16T19:16:33+00:00\",\"dateModified\":\"2024-07-16T21:40:50+00:00\",\"description\":\"Qu'est-ce qu'un biscuit ? Les cookies sont des fichiers texte contenant de petites quantit\u00e9s d'informations qui sont envoy\u00e9es \u00e0 votre navigateur et\",\"breadcrumb\":{\"@id\":\"https:\/\/www.3eco.com\/fr\/juridique\/politique-de-cookies-3e\/#breadcrumb\"},\"inLanguage\":\"fr-FR\",\"potentialAction\":[{\"@type\":\"ReadAction\",\"target\":[\"https:\/\/www.3eco.com\/fr\/juridique\/politique-de-cookies-3e\/\"]}]},{\"@type\":\"BreadcrumbList\",\"@id\":\"https:\/\/www.3eco.com\/fr\/juridique\/politique-de-cookies-3e\/#breadcrumb\",\"itemListElement\":[{\"@type\":\"ListItem\",\"position\":1,\"name\":\"Home\",\"item\":\"https:\/\/www.3eco.com\/fr\/\"},{\"@type\":\"ListItem\",\"position\":2,\"name\":\"Juridique\",\"item\":\"https:\/\/www.3eco.com\/fr\/juridique\/\"},{\"@type\":\"ListItem\",\"position\":3,\"name\":\"Politique de cookies 3E\"}]},{\"@type\":\"WebSite\",\"@id\":\"https:\/\/www.3eco.com\/fr\/#website\",\"url\":\"https:\/\/www.3eco.com\/fr\/\",\"name\":\"3E\",\"description\":\"\",\"publisher\":{\"@id\":\"https:\/\/www.3eco.com\/fr\/#organization\"},\"alternateName\":\"3E\",\"potentialAction\":[{\"@type\":\"SearchAction\",\"target\":{\"@type\":\"EntryPoint\",\"urlTemplate\":\"https:\/\/www.3eco.com\/fr\/?s={search_term_string}\"},\"query-input\":{\"@type\":\"PropertyValueSpecification\",\"valueRequired\":true,\"valueName\":\"search_term_string\"}}],\"inLanguage\":\"fr-FR\"},{\"@type\":\"Organization\",\"@id\":\"https:\/\/www.3eco.com\/fr\/#organization\",\"name\":\"3E\",\"url\":\"https:\/\/www.3eco.com\/fr\/\",\"logo\":{\"@type\":\"ImageObject\",\"inLanguage\":\"fr-FR\",\"@id\":\"https:\/\/www.3eco.com\/fr\/#\/schema\/logo\/image\/\",\"url\":\"https:\/\/www.3eco.com\/wp-content\/uploads\/2024\/05\/3e-logo.svg\",\"contentUrl\":\"https:\/\/www.3eco.com\/wp-content\/uploads\/2024\/05\/3e-logo.svg\",\"width\":82,\"height\":29,\"caption\":\"3E\"},\"image\":{\"@id\":\"https:\/\/www.3eco.com\/fr\/#\/schema\/logo\/image\/\"},\"sameAs\":[\"https:\/\/web.facebook.com\/3ESaferWorld\",\"https:\/\/x.com\/3E_Safer_World\",\"https:\/\/www.youtube.com\/@Channel3E\",\"https:\/\/www.instagram.com\/3e_safer_world\/\",\"https:\/\/www.facebook.com\/3ESaferWorld\"],\"email\":\"support@3eco.com\"}]}<\/script>\n<!-- \/ Yoast SEO Premium plugin. -->","yoast_head_json":{"title":"Politique de cookies 3E | 3E","description":"Qu'est-ce qu'un biscuit ? Les cookies sont des fichiers texte contenant de petites quantit\u00e9s d'informations qui sont envoy\u00e9es \u00e0 votre navigateur et","robots":{"index":"index","follow":"follow","max-snippet":"max-snippet:-1","max-image-preview":"max-image-preview:large","max-video-preview":"max-video-preview:-1"},"canonical":"https:\/\/www.3eco.com\/fr\/juridique\/politique-de-cookies-3e\/","og_locale":"fr_FR","og_type":"article","og_title":"Politique de cookies 3E","og_description":"Qu'est-ce qu'un biscuit ? Les cookies sont des fichiers texte contenant de petites quantit\u00e9s d'informations qui sont envoy\u00e9es \u00e0 votre navigateur et","og_url":"https:\/\/www.3eco.com\/fr\/juridique\/politique-de-cookies-3e\/","og_site_name":"3E","article_publisher":"https:\/\/web.facebook.com\/3ESaferWorld","article_modified_time":"2024-07-16T21:40:50+00:00","twitter_card":"summary_large_image","twitter_site":"@3E_Safer_World","twitter_misc":{"Est. reading time":"5 minutes"},"schema":{"@context":"https:\/\/schema.org","@graph":[{"@type":"WebPage","@id":"https:\/\/www.3eco.com\/fr\/juridique\/politique-de-cookies-3e\/","url":"https:\/\/www.3eco.com\/fr\/juridique\/politique-de-cookies-3e\/","name":"Politique de cookies 3E | 3E","isPartOf":{"@id":"https:\/\/www.3eco.com\/fr\/#website"},"datePublished":"2024-04-16T19:16:33+00:00","dateModified":"2024-07-16T21:40:50+00:00","description":"Qu'est-ce qu'un biscuit ? Les cookies sont des fichiers texte contenant de petites quantit\u00e9s d'informations qui sont envoy\u00e9es \u00e0 votre navigateur et","breadcrumb":{"@id":"https:\/\/www.3eco.com\/fr\/juridique\/politique-de-cookies-3e\/#breadcrumb"},"inLanguage":"fr-FR","potentialAction":[{"@type":"ReadAction","target":["https:\/\/www.3eco.com\/fr\/juridique\/politique-de-cookies-3e\/"]}]},{"@type":"BreadcrumbList","@id":"https:\/\/www.3eco.com\/fr\/juridique\/politique-de-cookies-3e\/#breadcrumb","itemListElement":[{"@type":"ListItem","position":1,"name":"Home","item":"https:\/\/www.3eco.com\/fr\/"},{"@type":"ListItem","position":2,"name":"Juridique","item":"https:\/\/www.3eco.com\/fr\/juridique\/"},{"@type":"ListItem","position":3,"name":"Politique de cookies 3E"}]},{"@type":"WebSite","@id":"https:\/\/www.3eco.com\/fr\/#website","url":"https:\/\/www.3eco.com\/fr\/","name":"3E","description":"","publisher":{"@id":"https:\/\/www.3eco.com\/fr\/#organization"},"alternateName":"3E","potentialAction":[{"@type":"SearchAction","target":{"@type":"EntryPoint","urlTemplate":"https:\/\/www.3eco.com\/fr\/?s={search_term_string}"},"query-input":{"@type":"PropertyValueSpecification","valueRequired":true,"valueName":"search_term_string"}}],"inLanguage":"fr-FR"},{"@type":"Organization","@id":"https:\/\/www.3eco.com\/fr\/#organization","name":"3E","url":"https:\/\/www.3eco.com\/fr\/","logo":{"@type":"ImageObject","inLanguage":"fr-FR","@id":"https:\/\/www.3eco.com\/fr\/#\/schema\/logo\/image\/","url":"https:\/\/www.3eco.com\/wp-content\/uploads\/2024\/05\/3e-logo.svg","contentUrl":"https:\/\/www.3eco.com\/wp-content\/uploads\/2024\/05\/3e-logo.svg","width":82,"height":29,"caption":"3E"},"image":{"@id":"https:\/\/www.3eco.com\/fr\/#\/schema\/logo\/image\/"},"sameAs":["https:\/\/web.facebook.com\/3ESaferWorld","https:\/\/x.com\/3E_Safer_World","https:\/\/www.youtube.com\/@Channel3E","https:\/\/www.instagram.com\/3e_safer_world\/","https:\/\/www.facebook.com\/3ESaferWorld"],"email":"support@3eco.com"}]}},"_links":{"self":[{"href":"https:\/\/www.3eco.com\/fr\/wp-json\/wp\/v2\/pages\/20594","targetHints":{"allow":["GET"]}}],"collection":[{"href":"https:\/\/www.3eco.com\/fr\/wp-json\/wp\/v2\/pages"}],"about":[{"href":"https:\/\/www.3eco.com\/fr\/wp-json\/wp\/v2\/types\/page"}],"author":[{"embeddable":true,"href":"https:\/\/www.3eco.com\/fr\/wp-json\/wp\/v2\/users\/11"}],"replies":[{"embeddable":true,"href":"https:\/\/www.3eco.com\/fr\/wp-json\/wp\/v2\/comments?post=20594"}],"version-history":[{"count":1,"href":"https:\/\/www.3eco.com\/fr\/wp-json\/wp\/v2\/pages\/20594\/revisions"}],"predecessor-version":[{"id":20596,"href":"https:\/\/www.3eco.com\/fr\/wp-json\/wp\/v2\/pages\/20594\/revisions\/20596"}],"up":[{"embeddable":true,"href":"https:\/\/www.3eco.com\/fr\/wp-json\/wp\/v2\/pages\/20595"}],"wp:attachment":[{"href":"https:\/\/www.3eco.com\/fr\/wp-json\/wp\/v2\/media?parent=20594"}],"wp:term":[{"taxonomy":"capability","embeddable":true,"href":"https:\/\/www.3eco.com\/fr\/wp-json\/wp\/v2\/capability?post=20594"},{"taxonomy":"content-type","embeddable":true,"href":"https:\/\/www.3eco.com\/fr\/wp-json\/wp\/v2\/content-type?post=20594"},{"taxonomy":"industry","embeddable":true,"href":"https:\/\/www.3eco.com\/fr\/wp-json\/wp\/v2\/industry?post=20594"},{"taxonomy":"product-and-service","embeddable":true,"href":"https:\/\/www.3eco.com\/fr\/wp-json\/wp\/v2\/product-and-service?post=20594"},{"taxonomy":"region","embeddable":true,"href":"https:\/\/www.3eco.com\/fr\/wp-json\/wp\/v2\/region?post=20594"},{"taxonomy":"service-type","embeddable":true,"href":"https:\/\/www.3eco.com\/fr\/wp-json\/wp\/v2\/service-type?post=20594"},{"taxonomy":"solution","embeddable":true,"href":"https:\/\/www.3eco.com\/fr\/wp-json\/wp\/v2\/solution?post=20594"},{"taxonomy":"topic","embeddable":true,"href":"https:\/\/www.3eco.com\/fr\/wp-json\/wp\/v2\/topic?post=20594"}],"curies":[{"name":"wp","href":"https:\/\/api.w.org\/{rel}","templated":true}]}}