{"id":20595,"date":"2024-04-16T15:18:03","date_gmt":"2024-04-16T19:18:03","guid":{"rendered":"https:\/\/staging.3eco.com\/juridique\/"},"modified":"2025-05-28T12:13:54","modified_gmt":"2025-05-28T16:13:54","slug":"juridique","status":"publish","type":"page","link":"https:\/\/www.3eco.com\/fr\/juridique\/","title":{"rendered":"Juridique"},"content":{"rendered":"<h3>Norme 3E Accords relatifs aux produits sous licence et aux services professionnels<\/h3>\n<p><strong>Accord-cadre 3E USA<\/strong><\/p>\n<ul>\n<li><a href=\"https:\/\/view.highspot.com\/viewer\/666c85d0887b954fe28f27fc\">v. 042022<\/a><\/li>\n<li><a href=\"https:\/\/view.highspot.com\/viewer\/666c864c884928463c502e6c\">v. 022024<\/a><\/li>\n<\/ul>\n<p><strong>Accord-cadre 3E Europe<\/strong><\/p>\n<ul>\n<li><a href=\"https:\/\/view.highspot.com\/viewer\/666c866f547a2371b5a251be\">v. 042022<\/a><\/li>\n<li><a href=\"https:\/\/view.highspot.com\/viewer\/666c869351a59362181bfd31\">v. 022024<\/a><\/li>\n<li><a href=\"https:\/\/view.highspot.com\/viewer\/faee6b9fad8447354b5c42ae50cd0ce7\">Accord-cadre Quick-FDS<\/a><\/li>\n<\/ul>\n<h4><\/h4>\n<h3>3E Entit\u00e9s l\u00e9gales<\/h3>\n<p><strong>3E Company Environmental, Ecological and Engineering, LLC (Soci\u00e9t\u00e9 pour l&#8217;environnement, l&#8217;\u00e9cologie et l&#8217;ing\u00e9nierie)<\/strong><\/p>\n<p><em>Faire des affaires sous le nom de 3E<\/em><\/p>\n<p>une soci\u00e9t\u00e9 \u00e0 responsabilit\u00e9 limit\u00e9e du Delaware<\/p>\n<p>&nbsp;<\/p>\n<p><strong>3E Company, Environmental, Ecological and Engineering Canada ULC<\/strong><\/p>\n<p><em>une soci\u00e9t\u00e9 de Novia Scotia<\/em><\/p>\n<p>&nbsp;<\/p>\n<p><strong>3E Denmark ApS<\/strong><\/p>\n<p><em>une soci\u00e9t\u00e9 priv\u00e9e \u00e0 responsabilit\u00e9 limit\u00e9e du Danemark<\/em><\/p>\n<p>&nbsp;<\/p>\n<p><strong>3E Company Bulgaria EOOD<\/strong><\/p>\n<p><em>une soci\u00e9t\u00e9 bulgare \u00e0 responsabilit\u00e9 limit\u00e9e<\/em><\/p>\n<p>&nbsp;<\/p>\n<p><strong>3E Europe GmbH<\/strong><\/p>\n<p><em>une soci\u00e9t\u00e9 allemande \u00e0 responsabilit\u00e9 limit\u00e9e<\/em><\/p>\n<p>Sitz\/Seat : Markdorf, Allemagne<\/p>\n<p>Anschrift\/Address : Bergheimer Str. 3, 88677 Markdorf, Allemagne<\/p>\n<p>Gesch\u00e4ftsf\u00fchrer\/Managing Director : Oliver Danckert, Audrey Jean, Chelsea Gibson<\/p>\n<p>Registergericht\/Registre du commerce : Freiburg, HRB 729882<\/p>\n<p>USt-IdNr\/Tax ID : DE 164 249 054<\/p>\n<p>&nbsp;<\/p>\n<p><strong>Quick-FDS<\/strong><\/p>\n<p><em>Soci\u00e9t\u00e9 par actions simplifi\u00e9e (SAS)<\/em><\/p>\n<p>Adresse\u00a0: Immeuble Pleyad 1, 39 boulevard Orano, 93200 Saint-Denis, France<\/p>\n<p>Capital social: 15 000 001,00 euros<\/p>\n<p>Registre du commerce et des soci\u00e9t\u00e9s\u00a0: 979 763 786 R.C.S. Bobigny<\/p>\n<p>SIRET : 97976378600014<\/p>\n<p>TVA: FR 86 979 763 786<\/p>\n<p>&nbsp;<\/p>\n<h3>\u00c9diteur et H\u00e9bergement<\/h3>\n<p><span data-olk-copy-source=\"MessageBody\">Responsable de publication : Gregory Gartland<\/span><\/p>\n<p>3E COMPANY ENVIRONMENTAL, ECOLOGICAL AND ENGINEERING<\/p>\n<p>3207 Grey Hawk Court Carlsbad, CA 92010, \u00c9tats-Unis<\/p>\n<p>T\u00e9l : +1 760-602-8700<\/p>\n<p>Email :\u00a0<a title=\"mailto:marketing@3eco.com\" href=\"mailto:marketing@3eco.com\" data-linkindex=\"2\">marketing@3eco.com<\/a><\/p>\n","protected":false},"excerpt":{"rendered":"<p>Norme 3E Accords relatifs aux produits sous licence et aux services professionnels Accord-cadre 3E USA v. 042022 v. 022024 Accord-cadre 3E Europe v. 042022 v. 022024 Accord-cadre Quick-FDS 3E Entit\u00e9s l\u00e9gales 3E Company Environmental, Ecological and Engineering, LLC (Soci\u00e9t\u00e9 pour l&#8217;environnement, l&#8217;\u00e9cologie et l&#8217;ing\u00e9nierie) Faire des affaires sous le nom de 3E une soci\u00e9t\u00e9 \u00e0 [&hellip;]<\/p>\n","protected":false},"author":11,"featured_media":0,"parent":0,"menu_order":0,"comment_status":"closed","ping_status":"closed","template":"page-policy.php","meta":{"_acf_changed":false,"inline_featured_image":false,"_3eco_schema_page_type":"","footnotes":""},"capability":[],"content-type":[],"industry":[],"product-and-service":[],"region":[],"service-type":[],"solution":[],"topic":[],"class_list":["post-20595","page","type-page","status-publish","hentry"],"acf":[],"yoast_head":"<!-- This site is optimized with the Yoast SEO Premium plugin v26.8 (Yoast SEO v27.1.1) - https:\/\/yoast.com\/product\/yoast-seo-premium-wordpress\/ -->\n<title>Juridique | 3E<\/title>\n<meta name=\"description\" content=\"Norme 3E Accords relatifs aux produits sous licence et aux services professionnels Accord-cadre 3E USA v. 042022 v. 022024 Accord-cadre 3E Europe v.\" \/>\n<meta name=\"robots\" content=\"index, follow, max-snippet:-1, max-image-preview:large, max-video-preview:-1\" \/>\n<link rel=\"canonical\" href=\"https:\/\/www.3eco.com\/fr\/juridique\/\" \/>\n<meta property=\"og:locale\" content=\"fr_FR\" \/>\n<meta property=\"og:type\" content=\"article\" \/>\n<meta property=\"og:title\" content=\"Juridique\" \/>\n<meta property=\"og:description\" content=\"Norme 3E Accords relatifs aux produits sous licence et aux services professionnels Accord-cadre 3E USA v. 042022 v. 022024 Accord-cadre 3E Europe v.\" \/>\n<meta property=\"og:url\" content=\"https:\/\/www.3eco.com\/fr\/juridique\/\" \/>\n<meta property=\"og:site_name\" content=\"3E\" \/>\n<meta property=\"article:publisher\" content=\"https:\/\/web.facebook.com\/3ESaferWorld\" \/>\n<meta property=\"article:modified_time\" content=\"2025-05-28T16:13:54+00:00\" \/>\n<meta name=\"twitter:card\" content=\"summary_large_image\" \/>\n<meta name=\"twitter:site\" content=\"@3E_Safer_World\" \/>\n<meta name=\"twitter:label1\" content=\"Est. reading time\" \/>\n\t<meta name=\"twitter:data1\" content=\"1 minute\" \/>\n<script type=\"application\/ld+json\" class=\"yoast-schema-graph\">{\"@context\":\"https:\/\/schema.org\",\"@graph\":[{\"@type\":\"WebPage\",\"@id\":\"https:\/\/www.3eco.com\/fr\/juridique\/\",\"url\":\"https:\/\/www.3eco.com\/fr\/juridique\/\",\"name\":\"Juridique | 3E\",\"isPartOf\":{\"@id\":\"https:\/\/www.3eco.com\/fr\/#website\"},\"datePublished\":\"2024-04-16T19:18:03+00:00\",\"dateModified\":\"2025-05-28T16:13:54+00:00\",\"description\":\"Norme 3E Accords relatifs aux produits sous licence et aux services professionnels Accord-cadre 3E USA v. 042022 v. 022024 Accord-cadre 3E Europe v.\",\"breadcrumb\":{\"@id\":\"https:\/\/www.3eco.com\/fr\/juridique\/#breadcrumb\"},\"inLanguage\":\"fr-FR\",\"potentialAction\":[{\"@type\":\"ReadAction\",\"target\":[\"https:\/\/www.3eco.com\/fr\/juridique\/\"]}]},{\"@type\":\"BreadcrumbList\",\"@id\":\"https:\/\/www.3eco.com\/fr\/juridique\/#breadcrumb\",\"itemListElement\":[{\"@type\":\"ListItem\",\"position\":1,\"name\":\"Home\",\"item\":\"https:\/\/www.3eco.com\/fr\/\"},{\"@type\":\"ListItem\",\"position\":2,\"name\":\"Juridique\"}]},{\"@type\":\"WebSite\",\"@id\":\"https:\/\/www.3eco.com\/fr\/#website\",\"url\":\"https:\/\/www.3eco.com\/fr\/\",\"name\":\"3E\",\"description\":\"\",\"publisher\":{\"@id\":\"https:\/\/www.3eco.com\/fr\/#organization\"},\"alternateName\":\"3E\",\"potentialAction\":[{\"@type\":\"SearchAction\",\"target\":{\"@type\":\"EntryPoint\",\"urlTemplate\":\"https:\/\/www.3eco.com\/fr\/?s={search_term_string}\"},\"query-input\":{\"@type\":\"PropertyValueSpecification\",\"valueRequired\":true,\"valueName\":\"search_term_string\"}}],\"inLanguage\":\"fr-FR\"},{\"@type\":\"Organization\",\"@id\":\"https:\/\/www.3eco.com\/fr\/#organization\",\"name\":\"3E\",\"url\":\"https:\/\/www.3eco.com\/fr\/\",\"logo\":{\"@type\":\"ImageObject\",\"inLanguage\":\"fr-FR\",\"@id\":\"https:\/\/www.3eco.com\/fr\/#\/schema\/logo\/image\/\",\"url\":\"https:\/\/www.3eco.com\/wp-content\/uploads\/2024\/05\/3e-logo.svg\",\"contentUrl\":\"https:\/\/www.3eco.com\/wp-content\/uploads\/2024\/05\/3e-logo.svg\",\"width\":82,\"height\":29,\"caption\":\"3E\"},\"image\":{\"@id\":\"https:\/\/www.3eco.com\/fr\/#\/schema\/logo\/image\/\"},\"sameAs\":[\"https:\/\/web.facebook.com\/3ESaferWorld\",\"https:\/\/x.com\/3E_Safer_World\",\"https:\/\/www.youtube.com\/@Channel3E\",\"https:\/\/www.instagram.com\/3e_safer_world\/\",\"https:\/\/www.facebook.com\/3ESaferWorld\"],\"email\":\"support@3eco.com\"}]}<\/script>\n<!-- \/ Yoast SEO Premium plugin. -->","yoast_head_json":{"title":"Juridique | 3E","description":"Norme 3E Accords relatifs aux produits sous licence et aux services professionnels Accord-cadre 3E USA v. 042022 v. 022024 Accord-cadre 3E Europe v.","robots":{"index":"index","follow":"follow","max-snippet":"max-snippet:-1","max-image-preview":"max-image-preview:large","max-video-preview":"max-video-preview:-1"},"canonical":"https:\/\/www.3eco.com\/fr\/juridique\/","og_locale":"fr_FR","og_type":"article","og_title":"Juridique","og_description":"Norme 3E Accords relatifs aux produits sous licence et aux services professionnels Accord-cadre 3E USA v. 042022 v. 022024 Accord-cadre 3E Europe v.","og_url":"https:\/\/www.3eco.com\/fr\/juridique\/","og_site_name":"3E","article_publisher":"https:\/\/web.facebook.com\/3ESaferWorld","article_modified_time":"2025-05-28T16:13:54+00:00","twitter_card":"summary_large_image","twitter_site":"@3E_Safer_World","twitter_misc":{"Est. reading time":"1 minute"},"schema":{"@context":"https:\/\/schema.org","@graph":[{"@type":"WebPage","@id":"https:\/\/www.3eco.com\/fr\/juridique\/","url":"https:\/\/www.3eco.com\/fr\/juridique\/","name":"Juridique | 3E","isPartOf":{"@id":"https:\/\/www.3eco.com\/fr\/#website"},"datePublished":"2024-04-16T19:18:03+00:00","dateModified":"2025-05-28T16:13:54+00:00","description":"Norme 3E Accords relatifs aux produits sous licence et aux services professionnels Accord-cadre 3E USA v. 042022 v. 022024 Accord-cadre 3E Europe v.","breadcrumb":{"@id":"https:\/\/www.3eco.com\/fr\/juridique\/#breadcrumb"},"inLanguage":"fr-FR","potentialAction":[{"@type":"ReadAction","target":["https:\/\/www.3eco.com\/fr\/juridique\/"]}]},{"@type":"BreadcrumbList","@id":"https:\/\/www.3eco.com\/fr\/juridique\/#breadcrumb","itemListElement":[{"@type":"ListItem","position":1,"name":"Home","item":"https:\/\/www.3eco.com\/fr\/"},{"@type":"ListItem","position":2,"name":"Juridique"}]},{"@type":"WebSite","@id":"https:\/\/www.3eco.com\/fr\/#website","url":"https:\/\/www.3eco.com\/fr\/","name":"3E","description":"","publisher":{"@id":"https:\/\/www.3eco.com\/fr\/#organization"},"alternateName":"3E","potentialAction":[{"@type":"SearchAction","target":{"@type":"EntryPoint","urlTemplate":"https:\/\/www.3eco.com\/fr\/?s={search_term_string}"},"query-input":{"@type":"PropertyValueSpecification","valueRequired":true,"valueName":"search_term_string"}}],"inLanguage":"fr-FR"},{"@type":"Organization","@id":"https:\/\/www.3eco.com\/fr\/#organization","name":"3E","url":"https:\/\/www.3eco.com\/fr\/","logo":{"@type":"ImageObject","inLanguage":"fr-FR","@id":"https:\/\/www.3eco.com\/fr\/#\/schema\/logo\/image\/","url":"https:\/\/www.3eco.com\/wp-content\/uploads\/2024\/05\/3e-logo.svg","contentUrl":"https:\/\/www.3eco.com\/wp-content\/uploads\/2024\/05\/3e-logo.svg","width":82,"height":29,"caption":"3E"},"image":{"@id":"https:\/\/www.3eco.com\/fr\/#\/schema\/logo\/image\/"},"sameAs":["https:\/\/web.facebook.com\/3ESaferWorld","https:\/\/x.com\/3E_Safer_World","https:\/\/www.youtube.com\/@Channel3E","https:\/\/www.instagram.com\/3e_safer_world\/","https:\/\/www.facebook.com\/3ESaferWorld"],"email":"support@3eco.com"}]}},"_links":{"self":[{"href":"https:\/\/www.3eco.com\/fr\/wp-json\/wp\/v2\/pages\/20595","targetHints":{"allow":["GET"]}}],"collection":[{"href":"https:\/\/www.3eco.com\/fr\/wp-json\/wp\/v2\/pages"}],"about":[{"href":"https:\/\/www.3eco.com\/fr\/wp-json\/wp\/v2\/types\/page"}],"author":[{"embeddable":true,"href":"https:\/\/www.3eco.com\/fr\/wp-json\/wp\/v2\/users\/11"}],"replies":[{"embeddable":true,"href":"https:\/\/www.3eco.com\/fr\/wp-json\/wp\/v2\/comments?post=20595"}],"version-history":[{"count":9,"href":"https:\/\/www.3eco.com\/fr\/wp-json\/wp\/v2\/pages\/20595\/revisions"}],"predecessor-version":[{"id":30521,"href":"https:\/\/www.3eco.com\/fr\/wp-json\/wp\/v2\/pages\/20595\/revisions\/30521"}],"wp:attachment":[{"href":"https:\/\/www.3eco.com\/fr\/wp-json\/wp\/v2\/media?parent=20595"}],"wp:term":[{"taxonomy":"capability","embeddable":true,"href":"https:\/\/www.3eco.com\/fr\/wp-json\/wp\/v2\/capability?post=20595"},{"taxonomy":"content-type","embeddable":true,"href":"https:\/\/www.3eco.com\/fr\/wp-json\/wp\/v2\/content-type?post=20595"},{"taxonomy":"industry","embeddable":true,"href":"https:\/\/www.3eco.com\/fr\/wp-json\/wp\/v2\/industry?post=20595"},{"taxonomy":"product-and-service","embeddable":true,"href":"https:\/\/www.3eco.com\/fr\/wp-json\/wp\/v2\/product-and-service?post=20595"},{"taxonomy":"region","embeddable":true,"href":"https:\/\/www.3eco.com\/fr\/wp-json\/wp\/v2\/region?post=20595"},{"taxonomy":"service-type","embeddable":true,"href":"https:\/\/www.3eco.com\/fr\/wp-json\/wp\/v2\/service-type?post=20595"},{"taxonomy":"solution","embeddable":true,"href":"https:\/\/www.3eco.com\/fr\/wp-json\/wp\/v2\/solution?post=20595"},{"taxonomy":"topic","embeddable":true,"href":"https:\/\/www.3eco.com\/fr\/wp-json\/wp\/v2\/topic?post=20595"}],"curies":[{"name":"wp","href":"https:\/\/api.w.org\/{rel}","templated":true}]}}