{"id":20622,"date":"2024-05-15T22:48:33","date_gmt":"2024-05-16T02:48:33","guid":{"rendered":"https:\/\/staging.3eco.com\/juridique\/code-de-conduite-des-fournisseurs-3e\/"},"modified":"2025-07-18T09:43:22","modified_gmt":"2025-07-18T13:43:22","slug":"code-de-conduite-des-fournisseurs-3e","status":"publish","type":"page","link":"https:\/\/www.3eco.com\/fr\/juridique\/code-de-conduite-des-fournisseurs-3e\/","title":{"rendered":"Code de conduite des Fournisseurs 3E"},"content":{"rendered":"<p><strong><br \/>\n<em><span style=\"text-decoration: underline;\">Important:<\/span><\/em><\/strong><em> La version fran\u00e7aise du Code de conduite des Fournisseurs 3E est propos\u00e9e uniquement \u00e0 titre informatif. Seul le texte original en anglais fait foi et a une valeur juridique. En cas de divergence ou d\u2019ambigu\u00eft\u00e9, la version anglaise pr\u00e9vaudra.<\/em><\/p>\n<p><em><span style=\"text-decoration: underline;\"><strong>Translation Notice:<\/strong> <\/span>This French translation of the 3E Suppliers Code of conduct is provided solely as a courtesy. The original English language version is the only binding and authoritative version. In the event of any discrepancies or ambiguities, the English version shall prevail.<\/em><\/p>\n<p>&nbsp;<\/p>\n<h3><strong>Introduction<\/strong><\/h3>\n<p>3E Company Environmental, Ecological and Engineering, LLC (\u201c3E\u201d) s\u2019engage \u00e0 promouvoir un changement positif. Le pr\u00e9sent Code de conduite des Fournisseurs (\u201cCode\u201d) d\u00e9finit les normes et les lignes directrices \u00e0 l\u2019intention des entreprises (\u201cFournisseurs\u201d) qui travaillent avec 3E dans le monde entier. Les Fournisseurs, y compris leurs employ\u00e9s et sous-traitants, sont tenus de se conformer au pr\u00e9sent Code, en garantissant des pratiques commerciales \u00e9thiques et responsables, conform\u00e9ment \u00e0 toutes les lois et r\u00e9glementations applicables. Le pr\u00e9sent Code compl\u00e8te, mais ne remplace pas, les contrats existants que 3E peut avoir avec ses Fournisseurs. Les Fournisseurs doivent communiquer ces principes tout au long de leur propre cha\u00eene d\u2019approvisionnement et veiller \u00e0 ce qu\u2019ils soient respect\u00e9s \u00e0 tous les niveaux.<\/p>\n<p>&nbsp;<\/p>\n<h3><strong>Travail et droits de l&#8217;homme<\/strong><\/h3>\n<p>Les Fournisseurs doivent respecter les droits de l\u2019homme et la l\u00e9gislation du travail dans tous les pays o\u00f9 ils op\u00e8rent. Les pratiques interdites comprennent le travail des enfants, le travail forc\u00e9, la traite des \u00eatres humains et toute forme de travail involontaire. Les travailleurs doivent \u00eatre employ\u00e9s volontairement et avoir la libert\u00e9 de quitter leur emploi. Les Fournisseurs doivent interdire toute forme de harc\u00e8lement ou de discrimination fond\u00e9e sur une caract\u00e9ristique prot\u00e9g\u00e9e par la loi, telle que la race, le sexe, l\u2019identit\u00e9 de genre, la religion, l\u2019\u00e2ge, la nationalit\u00e9, l\u2019ascendance, l\u2019\u00e9tat de sant\u00e9, le handicap ou d\u2019autres caract\u00e9ristiques prot\u00e9g\u00e9es par les lois applicables (qui peuvent varier d\u2019un pays \u00e0 l\u2019autre). 3E attend de ses Fournisseurs qu\u2019ils respectent les droits des travailleurs \u00e0 adh\u00e9rer \u00e0 des syndicats, \u00e0 n\u00e9gocier collectivement et \u00e0 participer \u00e0 des rassemblements pacifiques.<\/p>\n<p>&nbsp;<\/p>\n<h3><strong>Sant\u00e9 et s\u00e9curit\u00e9<\/strong><\/h3>\n<p>Nous attendons de nos Fournisseurs qu\u2019ils mettent en \u0153uvre des proc\u00e9dures, des contr\u00f4les et des mesures de protection appropri\u00e9s afin d\u2019offrir un environnement de travail s\u00fbr, s\u00e9curis\u00e9 et sain aux travailleurs et aux sous-traitants. Les Fournisseurs doivent respecter les exigences l\u00e9gales applicables et fournir aux travailleurs une formation pertinente sur les proc\u00e9dures de sant\u00e9 et de s\u00e9curit\u00e9, le cas \u00e9ch\u00e9ant.<\/p>\n<p>&nbsp;<\/p>\n<h3><strong>Respecter l&#8217;environnement<\/strong><\/h3>\n<p>Les Fournisseurs doivent respecter les normes industrielles visant \u00e0 r\u00e9duire l\u2019impact sur l\u2019environnement et \u00e0 g\u00e9rer et r\u00e9duire les effets sur les ressources naturelles, les \u00e9missions et les polluants. 3E attend des Fournisseurs qu\u2019ils s\u2019approvisionnent en mat\u00e9riaux de mani\u00e8re \u00e9thique, qu\u2019ils optimisent la durabilit\u00e9 des emballages et qu\u2019ils limitent les substances dangereuses. Les Fournisseurs doivent \u00e9galement respecter les lois relatives aux produits contenant des mati\u00e8res dangereuses ou des minerais de conflit, et aider 3E \u00e0 tracer le type, l\u2019origine et la garde des mat\u00e9riaux. Les Fournisseurs sont tenus de respecter tous les permis environnementaux et toutes les obligations de d\u00e9claration.<\/p>\n<p>&nbsp;<\/p>\n<h3><strong>Comportement juridique et \u00e9thique<\/strong><\/h3>\n<ul>\n<li>Les Fournisseurs doivent se conformer \u00e0 toutes les lois et r\u00e9glementations applicables, y compris celles relatives \u00e0 la l\u00e9gislation antitrust, aux interactions gouvernementales, \u00e0 la lutte contre le blanchiment d\u2019argent, \u00e0 la lutte contre l\u2019\u00e9vasion fiscale, au contr\u00f4le des exportations et aux sanctions \u00e9conomiques.<\/li>\n<li>Les Fournisseurs doivent interdire les pots-de-vin et la corruption sous toutes leurs formes. Les cadeaux, les divertissements professionnels, les contributions politiques ou tout autre avantage offert \u00e0 des fonctionnaires ou \u00e0 des entit\u00e9s politiques au nom de la 3E doivent recevoir l\u2019approbation \u00e9crite pr\u00e9alable de la 3E.<\/li>\n<li>Les Fournisseurs doivent tenir des registres pr\u00e9cis et complets de toutes les transactions li\u00e9es \u00e0 leurs activit\u00e9s avec 3E. Ils doivent prot\u00e9ger et respecter la vie priv\u00e9e, la propri\u00e9t\u00e9 intellectuelle, les donn\u00e9es de l\u2019entreprise et les donn\u00e9es personnelles, et veiller \u00e0 ce que toutes les transactions soient transparentes et document\u00e9es avec pr\u00e9cision.<\/li>\n<\/ul>\n<p>&nbsp;<\/p>\n<h3><strong>Politique de d\u00e9nonciation<\/strong><\/h3>\n<p>3E encourage le signalement de toute violation pr\u00e9sum\u00e9e du pr\u00e9sent Code, des politiques de l\u2019entreprise ou des lois par l\u2019interm\u00e9diaire de sa ligne d\u2019assistance ind\u00e9pendante pour les d\u00e9nonciations, disponible en ligne ou par t\u00e9l\u00e9phone. Les rapports peuvent \u00eatre faits de mani\u00e8re confidentielle et, si vous le pr\u00e9f\u00e9rez, de mani\u00e8re anonyme, bien qu\u2019un anonymat moindre soit encourag\u00e9 pour une r\u00e9solution efficace des probl\u00e8mes.<\/p>\n<p>Coordonn\u00e9es pour l\u2019\u00e9tablissement des rapports<br \/>\nEn ligne : Ligne d\u2019assistance t\u00e9l\u00e9phonique pour les signalements d\u2019irr\u00e9gularit\u00e9s<br \/>\nT\u00e9l\u00e9phone : +1 877.641.6371<\/p>\n","protected":false},"excerpt":{"rendered":"<p>Important: La version fran\u00e7aise du Code de conduite des Fournisseurs 3E est propos\u00e9e uniquement \u00e0 titre informatif. Seul le texte original en anglais fait foi et a une valeur juridique. En cas de divergence ou d\u2019ambigu\u00eft\u00e9, la version anglaise pr\u00e9vaudra. Translation Notice: This French translation of the 3E Suppliers Code of conduct is provided solely [&hellip;]<\/p>\n","protected":false},"author":7,"featured_media":0,"parent":20595,"menu_order":0,"comment_status":"closed","ping_status":"closed","template":"page-policy.php","meta":{"_acf_changed":false,"inline_featured_image":false,"_3eco_schema_page_type":"","footnotes":""},"capability":[],"content-type":[],"industry":[],"product-and-service":[],"region":[],"service-type":[],"solution":[],"topic":[],"class_list":["post-20622","page","type-page","status-publish","hentry"],"acf":[],"yoast_head":"<!-- This site is optimized with the Yoast SEO Premium plugin v26.8 (Yoast SEO v27.1.1) - https:\/\/yoast.com\/product\/yoast-seo-premium-wordpress\/ -->\n<title>Code de conduite des Fournisseurs 3E | 3E<\/title>\n<meta name=\"description\" content=\"Important: La version fran\u00e7aise du Code de conduite des Fournisseurs 3E est propos\u00e9e uniquement \u00e0 titre informatif. Seul le texte original en anglais fait\" \/>\n<meta name=\"robots\" content=\"index, follow, max-snippet:-1, max-image-preview:large, max-video-preview:-1\" \/>\n<link rel=\"canonical\" href=\"https:\/\/www.3eco.com\/fr\/juridique\/code-de-conduite-des-fournisseurs-3e\/\" \/>\n<meta property=\"og:locale\" content=\"fr_FR\" \/>\n<meta property=\"og:type\" content=\"article\" \/>\n<meta property=\"og:title\" content=\"Code de conduite des Fournisseurs 3E\" \/>\n<meta property=\"og:description\" content=\"Important: La version fran\u00e7aise du Code de conduite des Fournisseurs 3E est propos\u00e9e uniquement \u00e0 titre informatif. Seul le texte original en anglais fait\" \/>\n<meta property=\"og:url\" content=\"https:\/\/www.3eco.com\/fr\/juridique\/code-de-conduite-des-fournisseurs-3e\/\" \/>\n<meta property=\"og:site_name\" content=\"3E\" \/>\n<meta property=\"article:publisher\" content=\"https:\/\/web.facebook.com\/3ESaferWorld\" \/>\n<meta property=\"article:modified_time\" content=\"2025-07-18T13:43:22+00:00\" \/>\n<meta name=\"twitter:card\" content=\"summary_large_image\" \/>\n<meta name=\"twitter:site\" content=\"@3E_Safer_World\" \/>\n<meta name=\"twitter:label1\" content=\"Est. reading time\" \/>\n\t<meta name=\"twitter:data1\" content=\"4 minutes\" \/>\n<script type=\"application\/ld+json\" class=\"yoast-schema-graph\">{\"@context\":\"https:\/\/schema.org\",\"@graph\":[{\"@type\":\"WebPage\",\"@id\":\"https:\/\/www.3eco.com\/fr\/juridique\/code-de-conduite-des-fournisseurs-3e\/\",\"url\":\"https:\/\/www.3eco.com\/fr\/juridique\/code-de-conduite-des-fournisseurs-3e\/\",\"name\":\"Code de conduite des Fournisseurs 3E | 3E\",\"isPartOf\":{\"@id\":\"https:\/\/www.3eco.com\/fr\/#website\"},\"datePublished\":\"2024-05-16T02:48:33+00:00\",\"dateModified\":\"2025-07-18T13:43:22+00:00\",\"description\":\"Important: La version fran\u00e7aise du Code de conduite des Fournisseurs 3E est propos\u00e9e uniquement \u00e0 titre informatif. Seul le texte original en anglais fait\",\"breadcrumb\":{\"@id\":\"https:\/\/www.3eco.com\/fr\/juridique\/code-de-conduite-des-fournisseurs-3e\/#breadcrumb\"},\"inLanguage\":\"fr-FR\",\"potentialAction\":[{\"@type\":\"ReadAction\",\"target\":[\"https:\/\/www.3eco.com\/fr\/juridique\/code-de-conduite-des-fournisseurs-3e\/\"]}]},{\"@type\":\"BreadcrumbList\",\"@id\":\"https:\/\/www.3eco.com\/fr\/juridique\/code-de-conduite-des-fournisseurs-3e\/#breadcrumb\",\"itemListElement\":[{\"@type\":\"ListItem\",\"position\":1,\"name\":\"Home\",\"item\":\"https:\/\/www.3eco.com\/fr\/homepage\/\"},{\"@type\":\"ListItem\",\"position\":2,\"name\":\"Juridique\",\"item\":\"https:\/\/www.3eco.com\/fr\/juridique\/\"},{\"@type\":\"ListItem\",\"position\":3,\"name\":\"Code de conduite des Fournisseurs 3E\"}]},{\"@type\":\"WebSite\",\"@id\":\"https:\/\/www.3eco.com\/fr\/#website\",\"url\":\"https:\/\/www.3eco.com\/fr\/\",\"name\":\"3E\",\"description\":\"\",\"publisher\":{\"@id\":\"https:\/\/www.3eco.com\/fr\/#organization\"},\"alternateName\":\"3E\",\"potentialAction\":[{\"@type\":\"SearchAction\",\"target\":{\"@type\":\"EntryPoint\",\"urlTemplate\":\"https:\/\/www.3eco.com\/fr\/?s={search_term_string}\"},\"query-input\":{\"@type\":\"PropertyValueSpecification\",\"valueRequired\":true,\"valueName\":\"search_term_string\"}}],\"inLanguage\":\"fr-FR\"},{\"@type\":\"Organization\",\"@id\":\"https:\/\/www.3eco.com\/fr\/#organization\",\"name\":\"3E\",\"url\":\"https:\/\/www.3eco.com\/fr\/\",\"logo\":{\"@type\":\"ImageObject\",\"inLanguage\":\"fr-FR\",\"@id\":\"https:\/\/www.3eco.com\/fr\/#\/schema\/logo\/image\/\",\"url\":\"https:\/\/www.3eco.com\/wp-content\/uploads\/2024\/05\/3e-logo.svg\",\"contentUrl\":\"https:\/\/www.3eco.com\/wp-content\/uploads\/2024\/05\/3e-logo.svg\",\"width\":82,\"height\":29,\"caption\":\"3E\"},\"image\":{\"@id\":\"https:\/\/www.3eco.com\/fr\/#\/schema\/logo\/image\/\"},\"sameAs\":[\"https:\/\/web.facebook.com\/3ESaferWorld\",\"https:\/\/x.com\/3E_Safer_World\",\"https:\/\/www.youtube.com\/@Channel3E\",\"https:\/\/www.instagram.com\/3e_safer_world\/\",\"https:\/\/www.facebook.com\/3ESaferWorld\"],\"email\":\"support@3eco.com\"}]}<\/script>\n<!-- \/ Yoast SEO Premium plugin. -->","yoast_head_json":{"title":"Code de conduite des Fournisseurs 3E | 3E","description":"Important: La version fran\u00e7aise du Code de conduite des Fournisseurs 3E est propos\u00e9e uniquement \u00e0 titre informatif. Seul le texte original en anglais fait","robots":{"index":"index","follow":"follow","max-snippet":"max-snippet:-1","max-image-preview":"max-image-preview:large","max-video-preview":"max-video-preview:-1"},"canonical":"https:\/\/www.3eco.com\/fr\/juridique\/code-de-conduite-des-fournisseurs-3e\/","og_locale":"fr_FR","og_type":"article","og_title":"Code de conduite des Fournisseurs 3E","og_description":"Important: La version fran\u00e7aise du Code de conduite des Fournisseurs 3E est propos\u00e9e uniquement \u00e0 titre informatif. Seul le texte original en anglais fait","og_url":"https:\/\/www.3eco.com\/fr\/juridique\/code-de-conduite-des-fournisseurs-3e\/","og_site_name":"3E","article_publisher":"https:\/\/web.facebook.com\/3ESaferWorld","article_modified_time":"2025-07-18T13:43:22+00:00","twitter_card":"summary_large_image","twitter_site":"@3E_Safer_World","twitter_misc":{"Est. reading time":"4 minutes"},"schema":{"@context":"https:\/\/schema.org","@graph":[{"@type":"WebPage","@id":"https:\/\/www.3eco.com\/fr\/juridique\/code-de-conduite-des-fournisseurs-3e\/","url":"https:\/\/www.3eco.com\/fr\/juridique\/code-de-conduite-des-fournisseurs-3e\/","name":"Code de conduite des Fournisseurs 3E | 3E","isPartOf":{"@id":"https:\/\/www.3eco.com\/fr\/#website"},"datePublished":"2024-05-16T02:48:33+00:00","dateModified":"2025-07-18T13:43:22+00:00","description":"Important: La version fran\u00e7aise du Code de conduite des Fournisseurs 3E est propos\u00e9e uniquement \u00e0 titre informatif. Seul le texte original en anglais fait","breadcrumb":{"@id":"https:\/\/www.3eco.com\/fr\/juridique\/code-de-conduite-des-fournisseurs-3e\/#breadcrumb"},"inLanguage":"fr-FR","potentialAction":[{"@type":"ReadAction","target":["https:\/\/www.3eco.com\/fr\/juridique\/code-de-conduite-des-fournisseurs-3e\/"]}]},{"@type":"BreadcrumbList","@id":"https:\/\/www.3eco.com\/fr\/juridique\/code-de-conduite-des-fournisseurs-3e\/#breadcrumb","itemListElement":[{"@type":"ListItem","position":1,"name":"Home","item":"https:\/\/www.3eco.com\/fr\/homepage\/"},{"@type":"ListItem","position":2,"name":"Juridique","item":"https:\/\/www.3eco.com\/fr\/juridique\/"},{"@type":"ListItem","position":3,"name":"Code de conduite des Fournisseurs 3E"}]},{"@type":"WebSite","@id":"https:\/\/www.3eco.com\/fr\/#website","url":"https:\/\/www.3eco.com\/fr\/","name":"3E","description":"","publisher":{"@id":"https:\/\/www.3eco.com\/fr\/#organization"},"alternateName":"3E","potentialAction":[{"@type":"SearchAction","target":{"@type":"EntryPoint","urlTemplate":"https:\/\/www.3eco.com\/fr\/?s={search_term_string}"},"query-input":{"@type":"PropertyValueSpecification","valueRequired":true,"valueName":"search_term_string"}}],"inLanguage":"fr-FR"},{"@type":"Organization","@id":"https:\/\/www.3eco.com\/fr\/#organization","name":"3E","url":"https:\/\/www.3eco.com\/fr\/","logo":{"@type":"ImageObject","inLanguage":"fr-FR","@id":"https:\/\/www.3eco.com\/fr\/#\/schema\/logo\/image\/","url":"https:\/\/www.3eco.com\/wp-content\/uploads\/2024\/05\/3e-logo.svg","contentUrl":"https:\/\/www.3eco.com\/wp-content\/uploads\/2024\/05\/3e-logo.svg","width":82,"height":29,"caption":"3E"},"image":{"@id":"https:\/\/www.3eco.com\/fr\/#\/schema\/logo\/image\/"},"sameAs":["https:\/\/web.facebook.com\/3ESaferWorld","https:\/\/x.com\/3E_Safer_World","https:\/\/www.youtube.com\/@Channel3E","https:\/\/www.instagram.com\/3e_safer_world\/","https:\/\/www.facebook.com\/3ESaferWorld"],"email":"support@3eco.com"}]}},"_links":{"self":[{"href":"https:\/\/www.3eco.com\/fr\/wp-json\/wp\/v2\/pages\/20622","targetHints":{"allow":["GET"]}}],"collection":[{"href":"https:\/\/www.3eco.com\/fr\/wp-json\/wp\/v2\/pages"}],"about":[{"href":"https:\/\/www.3eco.com\/fr\/wp-json\/wp\/v2\/types\/page"}],"author":[{"embeddable":true,"href":"https:\/\/www.3eco.com\/fr\/wp-json\/wp\/v2\/users\/7"}],"replies":[{"embeddable":true,"href":"https:\/\/www.3eco.com\/fr\/wp-json\/wp\/v2\/comments?post=20622"}],"version-history":[{"count":5,"href":"https:\/\/www.3eco.com\/fr\/wp-json\/wp\/v2\/pages\/20622\/revisions"}],"predecessor-version":[{"id":31440,"href":"https:\/\/www.3eco.com\/fr\/wp-json\/wp\/v2\/pages\/20622\/revisions\/31440"}],"up":[{"embeddable":true,"href":"https:\/\/www.3eco.com\/fr\/wp-json\/wp\/v2\/pages\/20595"}],"wp:attachment":[{"href":"https:\/\/www.3eco.com\/fr\/wp-json\/wp\/v2\/media?parent=20622"}],"wp:term":[{"taxonomy":"capability","embeddable":true,"href":"https:\/\/www.3eco.com\/fr\/wp-json\/wp\/v2\/capability?post=20622"},{"taxonomy":"content-type","embeddable":true,"href":"https:\/\/www.3eco.com\/fr\/wp-json\/wp\/v2\/content-type?post=20622"},{"taxonomy":"industry","embeddable":true,"href":"https:\/\/www.3eco.com\/fr\/wp-json\/wp\/v2\/industry?post=20622"},{"taxonomy":"product-and-service","embeddable":true,"href":"https:\/\/www.3eco.com\/fr\/wp-json\/wp\/v2\/product-and-service?post=20622"},{"taxonomy":"region","embeddable":true,"href":"https:\/\/www.3eco.com\/fr\/wp-json\/wp\/v2\/region?post=20622"},{"taxonomy":"service-type","embeddable":true,"href":"https:\/\/www.3eco.com\/fr\/wp-json\/wp\/v2\/service-type?post=20622"},{"taxonomy":"solution","embeddable":true,"href":"https:\/\/www.3eco.com\/fr\/wp-json\/wp\/v2\/solution?post=20622"},{"taxonomy":"topic","embeddable":true,"href":"https:\/\/www.3eco.com\/fr\/wp-json\/wp\/v2\/topic?post=20622"}],"curies":[{"name":"wp","href":"https:\/\/api.w.org\/{rel}","templated":true}]}}