{"id":20757,"date":"2024-04-16T07:10:45","date_gmt":"2024-04-16T11:10:45","guid":{"rendered":"https:\/\/staging.3eco.com\/solutions-3e\/securite-des-produits-chimiques-et-du-lieu-de-travail\/"},"modified":"2024-11-28T05:00:20","modified_gmt":"2024-11-28T09:00:20","slug":"securite-des-produits-chimiques-et-des-lieux-de-travail","status":"publish","type":"page","link":"https:\/\/www.3eco.com\/fr\/solutions-3e\/securite-des-produits-chimiques-et-des-lieux-de-travail\/","title":{"rendered":"S\u00e9curit\u00e9 des produits chimiques et des lieux de travail"},"content":{"rendered":"","protected":false},"excerpt":{"rendered":"","protected":false},"author":17,"featured_media":8258,"parent":20619,"menu_order":0,"comment_status":"closed","ping_status":"closed","template":"page-solution.php","meta":{"_acf_changed":false,"inline_featured_image":false,"_3eco_schema_page_type":"","footnotes":""},"capability":[99],"content-type":[],"industry":[28,26,27,31,33,34,36,35],"product-and-service":[38,41,42,44],"region":[],"service-type":[],"solution":[63],"topic":[],"class_list":["post-20757","page","type-page","status-publish","has-post-thumbnail","hentry","capability-chemical-inventory-management","industry-consumer-packaged-goods","industry-chemicals","industry-construction","industry-manufacturing","industry-pharma","industry-plastics","industry-transportation","industry-retail","product-and-service-3e-erc","product-and-service-3e-insight","product-and-service-3e-news","product-and-service-3e-regulatory-content-api","solution-horizon-scanning"],"acf":[],"yoast_head":"<!-- This site is optimized with the Yoast SEO Premium plugin v26.8 (Yoast SEO v27.1.1) - https:\/\/yoast.com\/product\/yoast-seo-premium-wordpress\/ -->\n<title>S\u00e9curit\u00e9 des produits chimiques et du lieu de travail | 3E<\/title>\n<meta name=\"description\" content=\"Garantir la s\u00e9curit\u00e9 des produits chimiques et des lieux de travail n&#039;a jamais \u00e9t\u00e9 aussi important. Relevez les principaux d\u00e9fis avec 3E.\" \/>\n<meta name=\"robots\" content=\"index, follow, max-snippet:-1, max-image-preview:large, max-video-preview:-1\" \/>\n<link rel=\"canonical\" href=\"https:\/\/www.3eco.com\/fr\/solutions-3e\/securite-des-produits-chimiques-et-des-lieux-de-travail\/\" \/>\n<meta property=\"og:locale\" content=\"fr_FR\" \/>\n<meta property=\"og:type\" content=\"article\" \/>\n<meta property=\"og:title\" content=\"S\u00e9curit\u00e9 des produits chimiques et des lieux de travail\" \/>\n<meta property=\"og:description\" content=\"Garantir la s\u00e9curit\u00e9 des produits chimiques et des lieux de travail n&#039;a jamais \u00e9t\u00e9 aussi important. Relevez les principaux d\u00e9fis avec 3E.\" \/>\n<meta property=\"og:url\" content=\"https:\/\/www.3eco.com\/fr\/solutions-3e\/securite-des-produits-chimiques-et-des-lieux-de-travail\/\" \/>\n<meta property=\"og:site_name\" content=\"3E\" \/>\n<meta property=\"article:publisher\" content=\"https:\/\/web.facebook.com\/3ESaferWorld\" \/>\n<meta property=\"article:modified_time\" content=\"2024-11-28T09:00:20+00:00\" \/>\n<meta property=\"og:image\" content=\"https:\/\/www.3eco.com\/wp-content\/uploads\/2024\/05\/banner_1x1_workplace-safety-parent-page-overlay.jpg?v=1.0.10\" \/>\n\t<meta property=\"og:image:width\" content=\"1200\" \/>\n\t<meta property=\"og:image:height\" content=\"1200\" \/>\n\t<meta property=\"og:image:type\" content=\"image\/jpeg\" \/>\n<meta name=\"twitter:card\" content=\"summary_large_image\" \/>\n<meta name=\"twitter:site\" content=\"@3E_Safer_World\" \/>\n<meta name=\"twitter:label1\" content=\"Est. reading time\" \/>\n\t<meta name=\"twitter:data1\" content=\"3 minutes\" \/>\n<script type=\"application\/ld+json\" class=\"yoast-schema-graph\">{\"@context\":\"https:\/\/schema.org\",\"@graph\":[{\"@type\":\"WebPage\",\"@id\":\"https:\/\/www.3eco.com\/fr\/solutions-3e\/securite-des-produits-chimiques-et-des-lieux-de-travail\/\",\"url\":\"https:\/\/www.3eco.com\/fr\/solutions-3e\/securite-des-produits-chimiques-et-des-lieux-de-travail\/\",\"name\":\"S\u00e9curit\u00e9 des produits chimiques et du lieu de travail | 3E\",\"isPartOf\":{\"@id\":\"https:\/\/www.3eco.com\/fr\/#website\"},\"primaryImageOfPage\":{\"@id\":\"https:\/\/www.3eco.com\/fr\/solutions-3e\/securite-des-produits-chimiques-et-des-lieux-de-travail\/#primaryimage\"},\"image\":{\"@id\":\"https:\/\/www.3eco.com\/fr\/solutions-3e\/securite-des-produits-chimiques-et-des-lieux-de-travail\/#primaryimage\"},\"thumbnailUrl\":\"https:\/\/www.3eco.com\/wp-content\/uploads\/2024\/05\/banner_1x1_workplace-safety-parent-page-overlay.jpg?v=1.0.10\",\"datePublished\":\"2024-04-16T11:10:45+00:00\",\"dateModified\":\"2024-11-28T09:00:20+00:00\",\"description\":\"Garantir la s\u00e9curit\u00e9 des produits chimiques et des lieux de travail n'a jamais \u00e9t\u00e9 aussi important. Relevez les principaux d\u00e9fis avec 3E.\",\"breadcrumb\":{\"@id\":\"https:\/\/www.3eco.com\/fr\/solutions-3e\/securite-des-produits-chimiques-et-des-lieux-de-travail\/#breadcrumb\"},\"inLanguage\":\"fr-FR\",\"potentialAction\":[{\"@type\":\"ReadAction\",\"target\":[\"https:\/\/www.3eco.com\/fr\/solutions-3e\/securite-des-produits-chimiques-et-des-lieux-de-travail\/\"]}]},{\"@type\":\"ImageObject\",\"inLanguage\":\"fr-FR\",\"@id\":\"https:\/\/www.3eco.com\/fr\/solutions-3e\/securite-des-produits-chimiques-et-des-lieux-de-travail\/#primaryimage\",\"url\":\"https:\/\/www.3eco.com\/wp-content\/uploads\/2024\/05\/banner_1x1_workplace-safety-parent-page-overlay.jpg?v=1.0.10\",\"contentUrl\":\"https:\/\/www.3eco.com\/wp-content\/uploads\/2024\/05\/banner_1x1_workplace-safety-parent-page-overlay.jpg?v=1.0.10\",\"width\":1200,\"height\":1200,\"caption\":\"3E Protect structures chemical and SDS data according to defined normalization standards\"},{\"@type\":\"BreadcrumbList\",\"@id\":\"https:\/\/www.3eco.com\/fr\/solutions-3e\/securite-des-produits-chimiques-et-des-lieux-de-travail\/#breadcrumb\",\"itemListElement\":[{\"@type\":\"ListItem\",\"position\":1,\"name\":\"Home\",\"item\":\"https:\/\/www.3eco.com\/fr\/homepage\/\"},{\"@type\":\"ListItem\",\"position\":2,\"name\":\"Solutions 3E\",\"item\":\"https:\/\/www.3eco.com\/fr\/solutions-3e\/\"},{\"@type\":\"ListItem\",\"position\":3,\"name\":\"S\u00e9curit\u00e9 des produits chimiques et des lieux de travail\"}]},{\"@type\":\"WebSite\",\"@id\":\"https:\/\/www.3eco.com\/fr\/#website\",\"url\":\"https:\/\/www.3eco.com\/fr\/\",\"name\":\"3E\",\"description\":\"\",\"publisher\":{\"@id\":\"https:\/\/www.3eco.com\/fr\/#organization\"},\"alternateName\":\"3E\",\"potentialAction\":[{\"@type\":\"SearchAction\",\"target\":{\"@type\":\"EntryPoint\",\"urlTemplate\":\"https:\/\/www.3eco.com\/fr\/?s={search_term_string}\"},\"query-input\":{\"@type\":\"PropertyValueSpecification\",\"valueRequired\":true,\"valueName\":\"search_term_string\"}}],\"inLanguage\":\"fr-FR\"},{\"@type\":\"Organization\",\"@id\":\"https:\/\/www.3eco.com\/fr\/#organization\",\"name\":\"3E\",\"url\":\"https:\/\/www.3eco.com\/fr\/\",\"logo\":{\"@type\":\"ImageObject\",\"inLanguage\":\"fr-FR\",\"@id\":\"https:\/\/www.3eco.com\/fr\/#\/schema\/logo\/image\/\",\"url\":\"https:\/\/www.3eco.com\/wp-content\/uploads\/2024\/05\/3e-logo.svg\",\"contentUrl\":\"https:\/\/www.3eco.com\/wp-content\/uploads\/2024\/05\/3e-logo.svg\",\"width\":82,\"height\":29,\"caption\":\"3E\"},\"image\":{\"@id\":\"https:\/\/www.3eco.com\/fr\/#\/schema\/logo\/image\/\"},\"sameAs\":[\"https:\/\/web.facebook.com\/3ESaferWorld\",\"https:\/\/x.com\/3E_Safer_World\",\"https:\/\/www.youtube.com\/@Channel3E\",\"https:\/\/www.instagram.com\/3e_safer_world\/\",\"https:\/\/www.facebook.com\/3ESaferWorld\"],\"email\":\"support@3eco.com\"}]}<\/script>\n<!-- \/ Yoast SEO Premium plugin. -->","yoast_head_json":{"title":"S\u00e9curit\u00e9 des produits chimiques et du lieu de travail | 3E","description":"Garantir la s\u00e9curit\u00e9 des produits chimiques et des lieux de travail n'a jamais \u00e9t\u00e9 aussi important. Relevez les principaux d\u00e9fis avec 3E.","robots":{"index":"index","follow":"follow","max-snippet":"max-snippet:-1","max-image-preview":"max-image-preview:large","max-video-preview":"max-video-preview:-1"},"canonical":"https:\/\/www.3eco.com\/fr\/solutions-3e\/securite-des-produits-chimiques-et-des-lieux-de-travail\/","og_locale":"fr_FR","og_type":"article","og_title":"S\u00e9curit\u00e9 des produits chimiques et des lieux de travail","og_description":"Garantir la s\u00e9curit\u00e9 des produits chimiques et des lieux de travail n'a jamais \u00e9t\u00e9 aussi important. Relevez les principaux d\u00e9fis avec 3E.","og_url":"https:\/\/www.3eco.com\/fr\/solutions-3e\/securite-des-produits-chimiques-et-des-lieux-de-travail\/","og_site_name":"3E","article_publisher":"https:\/\/web.facebook.com\/3ESaferWorld","article_modified_time":"2024-11-28T09:00:20+00:00","og_image":[{"width":1200,"height":1200,"url":"https:\/\/www.3eco.com\/wp-content\/uploads\/2024\/05\/banner_1x1_workplace-safety-parent-page-overlay.jpg?v=1.0.10","type":"image\/jpeg"}],"twitter_card":"summary_large_image","twitter_site":"@3E_Safer_World","twitter_misc":{"Est. reading time":"3 minutes"},"schema":{"@context":"https:\/\/schema.org","@graph":[{"@type":"WebPage","@id":"https:\/\/www.3eco.com\/fr\/solutions-3e\/securite-des-produits-chimiques-et-des-lieux-de-travail\/","url":"https:\/\/www.3eco.com\/fr\/solutions-3e\/securite-des-produits-chimiques-et-des-lieux-de-travail\/","name":"S\u00e9curit\u00e9 des produits chimiques et du lieu de travail | 3E","isPartOf":{"@id":"https:\/\/www.3eco.com\/fr\/#website"},"primaryImageOfPage":{"@id":"https:\/\/www.3eco.com\/fr\/solutions-3e\/securite-des-produits-chimiques-et-des-lieux-de-travail\/#primaryimage"},"image":{"@id":"https:\/\/www.3eco.com\/fr\/solutions-3e\/securite-des-produits-chimiques-et-des-lieux-de-travail\/#primaryimage"},"thumbnailUrl":"https:\/\/www.3eco.com\/wp-content\/uploads\/2024\/05\/banner_1x1_workplace-safety-parent-page-overlay.jpg?v=1.0.10","datePublished":"2024-04-16T11:10:45+00:00","dateModified":"2024-11-28T09:00:20+00:00","description":"Garantir la s\u00e9curit\u00e9 des produits chimiques et des lieux de travail n'a jamais \u00e9t\u00e9 aussi important. Relevez les principaux d\u00e9fis avec 3E.","breadcrumb":{"@id":"https:\/\/www.3eco.com\/fr\/solutions-3e\/securite-des-produits-chimiques-et-des-lieux-de-travail\/#breadcrumb"},"inLanguage":"fr-FR","potentialAction":[{"@type":"ReadAction","target":["https:\/\/www.3eco.com\/fr\/solutions-3e\/securite-des-produits-chimiques-et-des-lieux-de-travail\/"]}]},{"@type":"ImageObject","inLanguage":"fr-FR","@id":"https:\/\/www.3eco.com\/fr\/solutions-3e\/securite-des-produits-chimiques-et-des-lieux-de-travail\/#primaryimage","url":"https:\/\/www.3eco.com\/wp-content\/uploads\/2024\/05\/banner_1x1_workplace-safety-parent-page-overlay.jpg?v=1.0.10","contentUrl":"https:\/\/www.3eco.com\/wp-content\/uploads\/2024\/05\/banner_1x1_workplace-safety-parent-page-overlay.jpg?v=1.0.10","width":1200,"height":1200,"caption":"3E Protect structures chemical and SDS data according to defined normalization standards"},{"@type":"BreadcrumbList","@id":"https:\/\/www.3eco.com\/fr\/solutions-3e\/securite-des-produits-chimiques-et-des-lieux-de-travail\/#breadcrumb","itemListElement":[{"@type":"ListItem","position":1,"name":"Home","item":"https:\/\/www.3eco.com\/fr\/homepage\/"},{"@type":"ListItem","position":2,"name":"Solutions 3E","item":"https:\/\/www.3eco.com\/fr\/solutions-3e\/"},{"@type":"ListItem","position":3,"name":"S\u00e9curit\u00e9 des produits chimiques et des lieux de travail"}]},{"@type":"WebSite","@id":"https:\/\/www.3eco.com\/fr\/#website","url":"https:\/\/www.3eco.com\/fr\/","name":"3E","description":"","publisher":{"@id":"https:\/\/www.3eco.com\/fr\/#organization"},"alternateName":"3E","potentialAction":[{"@type":"SearchAction","target":{"@type":"EntryPoint","urlTemplate":"https:\/\/www.3eco.com\/fr\/?s={search_term_string}"},"query-input":{"@type":"PropertyValueSpecification","valueRequired":true,"valueName":"search_term_string"}}],"inLanguage":"fr-FR"},{"@type":"Organization","@id":"https:\/\/www.3eco.com\/fr\/#organization","name":"3E","url":"https:\/\/www.3eco.com\/fr\/","logo":{"@type":"ImageObject","inLanguage":"fr-FR","@id":"https:\/\/www.3eco.com\/fr\/#\/schema\/logo\/image\/","url":"https:\/\/www.3eco.com\/wp-content\/uploads\/2024\/05\/3e-logo.svg","contentUrl":"https:\/\/www.3eco.com\/wp-content\/uploads\/2024\/05\/3e-logo.svg","width":82,"height":29,"caption":"3E"},"image":{"@id":"https:\/\/www.3eco.com\/fr\/#\/schema\/logo\/image\/"},"sameAs":["https:\/\/web.facebook.com\/3ESaferWorld","https:\/\/x.com\/3E_Safer_World","https:\/\/www.youtube.com\/@Channel3E","https:\/\/www.instagram.com\/3e_safer_world\/","https:\/\/www.facebook.com\/3ESaferWorld"],"email":"support@3eco.com"}]}},"_links":{"self":[{"href":"https:\/\/www.3eco.com\/fr\/wp-json\/wp\/v2\/pages\/20757","targetHints":{"allow":["GET"]}}],"collection":[{"href":"https:\/\/www.3eco.com\/fr\/wp-json\/wp\/v2\/pages"}],"about":[{"href":"https:\/\/www.3eco.com\/fr\/wp-json\/wp\/v2\/types\/page"}],"author":[{"embeddable":true,"href":"https:\/\/www.3eco.com\/fr\/wp-json\/wp\/v2\/users\/17"}],"replies":[{"embeddable":true,"href":"https:\/\/www.3eco.com\/fr\/wp-json\/wp\/v2\/comments?post=20757"}],"version-history":[{"count":7,"href":"https:\/\/www.3eco.com\/fr\/wp-json\/wp\/v2\/pages\/20757\/revisions"}],"predecessor-version":[{"id":25978,"href":"https:\/\/www.3eco.com\/fr\/wp-json\/wp\/v2\/pages\/20757\/revisions\/25978"}],"up":[{"embeddable":true,"href":"https:\/\/www.3eco.com\/fr\/wp-json\/wp\/v2\/pages\/20619"}],"wp:featuredmedia":[{"embeddable":true,"href":"https:\/\/www.3eco.com\/fr\/wp-json\/wp\/v2\/media\/8258"}],"wp:attachment":[{"href":"https:\/\/www.3eco.com\/fr\/wp-json\/wp\/v2\/media?parent=20757"}],"wp:term":[{"taxonomy":"capability","embeddable":true,"href":"https:\/\/www.3eco.com\/fr\/wp-json\/wp\/v2\/capability?post=20757"},{"taxonomy":"content-type","embeddable":true,"href":"https:\/\/www.3eco.com\/fr\/wp-json\/wp\/v2\/content-type?post=20757"},{"taxonomy":"industry","embeddable":true,"href":"https:\/\/www.3eco.com\/fr\/wp-json\/wp\/v2\/industry?post=20757"},{"taxonomy":"product-and-service","embeddable":true,"href":"https:\/\/www.3eco.com\/fr\/wp-json\/wp\/v2\/product-and-service?post=20757"},{"taxonomy":"region","embeddable":true,"href":"https:\/\/www.3eco.com\/fr\/wp-json\/wp\/v2\/region?post=20757"},{"taxonomy":"service-type","embeddable":true,"href":"https:\/\/www.3eco.com\/fr\/wp-json\/wp\/v2\/service-type?post=20757"},{"taxonomy":"solution","embeddable":true,"href":"https:\/\/www.3eco.com\/fr\/wp-json\/wp\/v2\/solution?post=20757"},{"taxonomy":"topic","embeddable":true,"href":"https:\/\/www.3eco.com\/fr\/wp-json\/wp\/v2\/topic?post=20757"}],"curies":[{"name":"wp","href":"https:\/\/api.w.org\/{rel}","templated":true}]}}