{"id":20849,"date":"2024-04-12T07:51:21","date_gmt":"2024-04-12T11:51:21","guid":{"rendered":"https:\/\/staging.3eco.com\/fabrication\/"},"modified":"2024-11-14T07:02:32","modified_gmt":"2024-11-14T11:02:32","slug":"fabrication","status":"publish","type":"page","link":"https:\/\/www.3eco.com\/fr\/fabrication\/","title":{"rendered":"Industrie manufacturi\u00e8re"},"content":{"rendered":"","protected":false},"excerpt":{"rendered":"","protected":false},"author":18,"featured_media":0,"parent":0,"menu_order":0,"comment_status":"closed","ping_status":"closed","template":"page-solution.php","meta":{"_acf_changed":false,"inline_featured_image":false,"_3eco_schema_page_type":"","footnotes":""},"capability":[16,25,99,23,18,22,101,21,20,24,12],"content-type":[],"industry":[],"product-and-service":[37,38,39,40,41,42,44],"region":[],"service-type":[],"solution":[151],"topic":[],"class_list":["post-20849","page","type-page","status-publish","hentry","capability-global-regulatory-news","capability-supplier-surveys","capability-chemical-inventory-management","capability-sds-indexation","capability-partner-integration","capability-sds-data-obtainment","capability-trusted-supplier-network","capability-sap-integration","capability-product-ingredient-screening","capability-supplier-outreach","capability-classification-services","product-and-service-3e-authoring-services","product-and-service-3e-erc","product-and-service-3e-exchange","product-and-service-3e-generate","product-and-service-3e-insight","product-and-service-3e-news","product-and-service-3e-regulatory-content-api","solution-chemical-inventory-sds-management"],"acf":[],"yoast_head":"<!-- This site is optimized with the Yoast SEO Premium plugin v26.8 (Yoast SEO v27.1.1) - https:\/\/yoast.com\/product\/yoast-seo-premium-wordpress\/ -->\n<title>Industrie manufacturi\u00e8re | 3E<\/title>\n<meta name=\"description\" content=\"Nous aidons les fabricants, quel que soit leur secteur d&#039;activit\u00e9, \u00e0 se conformer aux r\u00e9glementations mondiales sur les produits chimiques, \u00e0 am\u00e9liorer la transparence de la cha\u00eene d&#039;approvisionnement et \u00e0 r\u00e9duire les risques pour les employ\u00e9s et les clients.\" \/>\n<meta name=\"robots\" content=\"index, follow, max-snippet:-1, max-image-preview:large, max-video-preview:-1\" \/>\n<link rel=\"canonical\" href=\"https:\/\/www.3eco.com\/fr\/fabrication\/\" \/>\n<meta property=\"og:locale\" content=\"fr_FR\" \/>\n<meta property=\"og:type\" content=\"article\" \/>\n<meta property=\"og:title\" content=\"Industrie manufacturi\u00e8re\" \/>\n<meta property=\"og:description\" content=\"Nous aidons les fabricants, quel que soit leur secteur d&#039;activit\u00e9, \u00e0 se conformer aux r\u00e9glementations mondiales sur les produits chimiques, \u00e0 am\u00e9liorer la transparence de la cha\u00eene d&#039;approvisionnement et \u00e0 r\u00e9duire les risques pour les employ\u00e9s et les clients.\" \/>\n<meta property=\"og:url\" content=\"https:\/\/www.3eco.com\/fr\/fabrication\/\" \/>\n<meta property=\"og:site_name\" content=\"3E\" \/>\n<meta property=\"article:publisher\" content=\"https:\/\/web.facebook.com\/3ESaferWorld\" \/>\n<meta property=\"article:modified_time\" content=\"2024-11-14T11:02:32+00:00\" \/>\n<meta name=\"twitter:card\" content=\"summary_large_image\" \/>\n<meta name=\"twitter:site\" content=\"@3E_Safer_World\" \/>\n<meta name=\"twitter:label1\" content=\"Est. reading time\" \/>\n\t<meta name=\"twitter:data1\" content=\"5 minutes\" \/>\n<script type=\"application\/ld+json\" class=\"yoast-schema-graph\">{\"@context\":\"https:\/\/schema.org\",\"@graph\":[{\"@type\":\"WebPage\",\"@id\":\"https:\/\/www.3eco.com\/fr\/fabrication\/\",\"url\":\"https:\/\/www.3eco.com\/fr\/fabrication\/\",\"name\":\"Industrie manufacturi\u00e8re | 3E\",\"isPartOf\":{\"@id\":\"https:\/\/www.3eco.com\/fr\/#website\"},\"datePublished\":\"2024-04-12T11:51:21+00:00\",\"dateModified\":\"2024-11-14T11:02:32+00:00\",\"description\":\"Nous aidons les fabricants, quel que soit leur secteur d'activit\u00e9, \u00e0 se conformer aux r\u00e9glementations mondiales sur les produits chimiques, \u00e0 am\u00e9liorer la transparence de la cha\u00eene d'approvisionnement et \u00e0 r\u00e9duire les risques pour les employ\u00e9s et les clients.\",\"breadcrumb\":{\"@id\":\"https:\/\/www.3eco.com\/fr\/fabrication\/#breadcrumb\"},\"inLanguage\":\"fr-FR\",\"potentialAction\":[{\"@type\":\"ReadAction\",\"target\":[\"https:\/\/www.3eco.com\/fr\/fabrication\/\"]}]},{\"@type\":\"BreadcrumbList\",\"@id\":\"https:\/\/www.3eco.com\/fr\/fabrication\/#breadcrumb\",\"itemListElement\":[{\"@type\":\"ListItem\",\"position\":1,\"name\":\"Home\",\"item\":\"https:\/\/www.3eco.com\/fr\/\"},{\"@type\":\"ListItem\",\"position\":2,\"name\":\"Industrie manufacturi\u00e8re\"}]},{\"@type\":\"WebSite\",\"@id\":\"https:\/\/www.3eco.com\/fr\/#website\",\"url\":\"https:\/\/www.3eco.com\/fr\/\",\"name\":\"3E\",\"description\":\"\",\"publisher\":{\"@id\":\"https:\/\/www.3eco.com\/fr\/#organization\"},\"alternateName\":\"3E\",\"potentialAction\":[{\"@type\":\"SearchAction\",\"target\":{\"@type\":\"EntryPoint\",\"urlTemplate\":\"https:\/\/www.3eco.com\/fr\/?s={search_term_string}\"},\"query-input\":{\"@type\":\"PropertyValueSpecification\",\"valueRequired\":true,\"valueName\":\"search_term_string\"}}],\"inLanguage\":\"fr-FR\"},{\"@type\":\"Organization\",\"@id\":\"https:\/\/www.3eco.com\/fr\/#organization\",\"name\":\"3E\",\"url\":\"https:\/\/www.3eco.com\/fr\/\",\"logo\":{\"@type\":\"ImageObject\",\"inLanguage\":\"fr-FR\",\"@id\":\"https:\/\/www.3eco.com\/fr\/#\/schema\/logo\/image\/\",\"url\":\"https:\/\/www.3eco.com\/wp-content\/uploads\/2024\/05\/3e-logo.svg\",\"contentUrl\":\"https:\/\/www.3eco.com\/wp-content\/uploads\/2024\/05\/3e-logo.svg\",\"width\":82,\"height\":29,\"caption\":\"3E\"},\"image\":{\"@id\":\"https:\/\/www.3eco.com\/fr\/#\/schema\/logo\/image\/\"},\"sameAs\":[\"https:\/\/web.facebook.com\/3ESaferWorld\",\"https:\/\/x.com\/3E_Safer_World\",\"https:\/\/www.youtube.com\/@Channel3E\",\"https:\/\/www.instagram.com\/3e_safer_world\/\",\"https:\/\/www.facebook.com\/3ESaferWorld\"],\"email\":\"support@3eco.com\"}]}<\/script>\n<!-- \/ Yoast SEO Premium plugin. -->","yoast_head_json":{"title":"Industrie manufacturi\u00e8re | 3E","description":"Nous aidons les fabricants, quel que soit leur secteur d'activit\u00e9, \u00e0 se conformer aux r\u00e9glementations mondiales sur les produits chimiques, \u00e0 am\u00e9liorer la transparence de la cha\u00eene d'approvisionnement et \u00e0 r\u00e9duire les risques pour les employ\u00e9s et les clients.","robots":{"index":"index","follow":"follow","max-snippet":"max-snippet:-1","max-image-preview":"max-image-preview:large","max-video-preview":"max-video-preview:-1"},"canonical":"https:\/\/www.3eco.com\/fr\/fabrication\/","og_locale":"fr_FR","og_type":"article","og_title":"Industrie manufacturi\u00e8re","og_description":"Nous aidons les fabricants, quel que soit leur secteur d'activit\u00e9, \u00e0 se conformer aux r\u00e9glementations mondiales sur les produits chimiques, \u00e0 am\u00e9liorer la transparence de la cha\u00eene d'approvisionnement et \u00e0 r\u00e9duire les risques pour les employ\u00e9s et les clients.","og_url":"https:\/\/www.3eco.com\/fr\/fabrication\/","og_site_name":"3E","article_publisher":"https:\/\/web.facebook.com\/3ESaferWorld","article_modified_time":"2024-11-14T11:02:32+00:00","twitter_card":"summary_large_image","twitter_site":"@3E_Safer_World","twitter_misc":{"Est. reading time":"5 minutes"},"schema":{"@context":"https:\/\/schema.org","@graph":[{"@type":"WebPage","@id":"https:\/\/www.3eco.com\/fr\/fabrication\/","url":"https:\/\/www.3eco.com\/fr\/fabrication\/","name":"Industrie manufacturi\u00e8re | 3E","isPartOf":{"@id":"https:\/\/www.3eco.com\/fr\/#website"},"datePublished":"2024-04-12T11:51:21+00:00","dateModified":"2024-11-14T11:02:32+00:00","description":"Nous aidons les fabricants, quel que soit leur secteur d'activit\u00e9, \u00e0 se conformer aux r\u00e9glementations mondiales sur les produits chimiques, \u00e0 am\u00e9liorer la transparence de la cha\u00eene d'approvisionnement et \u00e0 r\u00e9duire les risques pour les employ\u00e9s et les clients.","breadcrumb":{"@id":"https:\/\/www.3eco.com\/fr\/fabrication\/#breadcrumb"},"inLanguage":"fr-FR","potentialAction":[{"@type":"ReadAction","target":["https:\/\/www.3eco.com\/fr\/fabrication\/"]}]},{"@type":"BreadcrumbList","@id":"https:\/\/www.3eco.com\/fr\/fabrication\/#breadcrumb","itemListElement":[{"@type":"ListItem","position":1,"name":"Home","item":"https:\/\/www.3eco.com\/fr\/"},{"@type":"ListItem","position":2,"name":"Industrie manufacturi\u00e8re"}]},{"@type":"WebSite","@id":"https:\/\/www.3eco.com\/fr\/#website","url":"https:\/\/www.3eco.com\/fr\/","name":"3E","description":"","publisher":{"@id":"https:\/\/www.3eco.com\/fr\/#organization"},"alternateName":"3E","potentialAction":[{"@type":"SearchAction","target":{"@type":"EntryPoint","urlTemplate":"https:\/\/www.3eco.com\/fr\/?s={search_term_string}"},"query-input":{"@type":"PropertyValueSpecification","valueRequired":true,"valueName":"search_term_string"}}],"inLanguage":"fr-FR"},{"@type":"Organization","@id":"https:\/\/www.3eco.com\/fr\/#organization","name":"3E","url":"https:\/\/www.3eco.com\/fr\/","logo":{"@type":"ImageObject","inLanguage":"fr-FR","@id":"https:\/\/www.3eco.com\/fr\/#\/schema\/logo\/image\/","url":"https:\/\/www.3eco.com\/wp-content\/uploads\/2024\/05\/3e-logo.svg","contentUrl":"https:\/\/www.3eco.com\/wp-content\/uploads\/2024\/05\/3e-logo.svg","width":82,"height":29,"caption":"3E"},"image":{"@id":"https:\/\/www.3eco.com\/fr\/#\/schema\/logo\/image\/"},"sameAs":["https:\/\/web.facebook.com\/3ESaferWorld","https:\/\/x.com\/3E_Safer_World","https:\/\/www.youtube.com\/@Channel3E","https:\/\/www.instagram.com\/3e_safer_world\/","https:\/\/www.facebook.com\/3ESaferWorld"],"email":"support@3eco.com"}]}},"_links":{"self":[{"href":"https:\/\/www.3eco.com\/fr\/wp-json\/wp\/v2\/pages\/20849","targetHints":{"allow":["GET"]}}],"collection":[{"href":"https:\/\/www.3eco.com\/fr\/wp-json\/wp\/v2\/pages"}],"about":[{"href":"https:\/\/www.3eco.com\/fr\/wp-json\/wp\/v2\/types\/page"}],"author":[{"embeddable":true,"href":"https:\/\/www.3eco.com\/fr\/wp-json\/wp\/v2\/users\/18"}],"replies":[{"embeddable":true,"href":"https:\/\/www.3eco.com\/fr\/wp-json\/wp\/v2\/comments?post=20849"}],"version-history":[{"count":2,"href":"https:\/\/www.3eco.com\/fr\/wp-json\/wp\/v2\/pages\/20849\/revisions"}],"predecessor-version":[{"id":25311,"href":"https:\/\/www.3eco.com\/fr\/wp-json\/wp\/v2\/pages\/20849\/revisions\/25311"}],"wp:attachment":[{"href":"https:\/\/www.3eco.com\/fr\/wp-json\/wp\/v2\/media?parent=20849"}],"wp:term":[{"taxonomy":"capability","embeddable":true,"href":"https:\/\/www.3eco.com\/fr\/wp-json\/wp\/v2\/capability?post=20849"},{"taxonomy":"content-type","embeddable":true,"href":"https:\/\/www.3eco.com\/fr\/wp-json\/wp\/v2\/content-type?post=20849"},{"taxonomy":"industry","embeddable":true,"href":"https:\/\/www.3eco.com\/fr\/wp-json\/wp\/v2\/industry?post=20849"},{"taxonomy":"product-and-service","embeddable":true,"href":"https:\/\/www.3eco.com\/fr\/wp-json\/wp\/v2\/product-and-service?post=20849"},{"taxonomy":"region","embeddable":true,"href":"https:\/\/www.3eco.com\/fr\/wp-json\/wp\/v2\/region?post=20849"},{"taxonomy":"service-type","embeddable":true,"href":"https:\/\/www.3eco.com\/fr\/wp-json\/wp\/v2\/service-type?post=20849"},{"taxonomy":"solution","embeddable":true,"href":"https:\/\/www.3eco.com\/fr\/wp-json\/wp\/v2\/solution?post=20849"},{"taxonomy":"topic","embeddable":true,"href":"https:\/\/www.3eco.com\/fr\/wp-json\/wp\/v2\/topic?post=20849"}],"curies":[{"name":"wp","href":"https:\/\/api.w.org\/{rel}","templated":true}]}}