{"id":20862,"date":"2024-04-12T08:26:12","date_gmt":"2024-04-12T12:26:12","guid":{"rendered":"https:\/\/staging.3eco.com\/solutions-3e\/securite-des-produits-chimiques-et-du-lieu-de-travail\/service-de-gestion-des-donnees\/"},"modified":"2024-11-28T06:49:17","modified_gmt":"2024-11-28T10:49:17","slug":"service-de-gestion-des-donnees","status":"publish","type":"page","link":"https:\/\/www.3eco.com\/fr\/solutions-3e\/securite-des-produits-chimiques-et-des-lieux-de-travail\/service-de-gestion-des-donnees\/","title":{"rendered":"Service de gestion des donn\u00e9es"},"content":{"rendered":"","protected":false},"excerpt":{"rendered":"","protected":false},"author":19,"featured_media":0,"parent":20757,"menu_order":0,"comment_status":"closed","ping_status":"closed","template":"page-solution.php","meta":{"_acf_changed":false,"inline_featured_image":false,"_3eco_schema_page_type":"","footnotes":""},"capability":[99],"content-type":[95],"industry":[28,26,27,31,33,34,36,35],"product-and-service":[38,39,40,41,42],"region":[],"service-type":[],"solution":[114],"topic":[],"class_list":["post-20862","page","type-page","status-publish","hentry","capability-chemical-inventory-management","content-type-capability","industry-consumer-packaged-goods","industry-chemicals","industry-construction","industry-manufacturing","industry-pharma","industry-plastics","industry-transportation","industry-retail","product-and-service-3e-erc","product-and-service-3e-exchange","product-and-service-3e-generate","product-and-service-3e-insight","product-and-service-3e-news","solution-marketability-commercial-decision-support"],"acf":[],"yoast_head":"<!-- This site is optimized with the Yoast SEO Premium plugin v26.8 (Yoast SEO v27.1.1) - https:\/\/yoast.com\/product\/yoast-seo-premium-wordpress\/ -->\n<title>Service de gestion des donn\u00e9es | 3E<\/title>\n<meta name=\"description\" content=\"Collecte, normalisation et support des donn\u00e9es fournisseurs enti\u00e8rement externalis\u00e9s. Gagnez en efficacit\u00e9 dans vos relations avec les fournisseurs et dans le respect des r\u00e8gles gr\u00e2ce \u00e0 des donn\u00e9es fiables g\u00e9r\u00e9es par 3E.\" \/>\n<meta name=\"robots\" content=\"index, follow, max-snippet:-1, max-image-preview:large, max-video-preview:-1\" \/>\n<link rel=\"canonical\" href=\"https:\/\/www.3eco.com\/fr\/solutions-3e\/securite-des-produits-chimiques-et-des-lieux-de-travail\/service-de-gestion-des-donnees\/\" \/>\n<meta property=\"og:locale\" content=\"fr_FR\" \/>\n<meta property=\"og:type\" content=\"article\" \/>\n<meta property=\"og:title\" content=\"Service de gestion des donn\u00e9es\" \/>\n<meta property=\"og:description\" content=\"Collecte, normalisation et support des donn\u00e9es fournisseurs enti\u00e8rement externalis\u00e9s. Gagnez en efficacit\u00e9 dans vos relations avec les fournisseurs et dans le respect des r\u00e8gles gr\u00e2ce \u00e0 des donn\u00e9es fiables g\u00e9r\u00e9es par 3E.\" \/>\n<meta property=\"og:url\" content=\"https:\/\/www.3eco.com\/fr\/solutions-3e\/securite-des-produits-chimiques-et-des-lieux-de-travail\/service-de-gestion-des-donnees\/\" \/>\n<meta property=\"og:site_name\" content=\"3E\" \/>\n<meta property=\"article:publisher\" content=\"https:\/\/web.facebook.com\/3ESaferWorld\" \/>\n<meta property=\"article:modified_time\" content=\"2024-11-28T10:49:17+00:00\" \/>\n<meta name=\"twitter:card\" content=\"summary_large_image\" \/>\n<meta name=\"twitter:site\" content=\"@3E_Safer_World\" \/>\n<meta name=\"twitter:label1\" content=\"Est. reading time\" \/>\n\t<meta name=\"twitter:data1\" content=\"6 minutes\" \/>\n<script type=\"application\/ld+json\" class=\"yoast-schema-graph\">{\"@context\":\"https:\/\/schema.org\",\"@graph\":[{\"@type\":\"WebPage\",\"@id\":\"https:\/\/www.3eco.com\/fr\/solutions-3e\/securite-des-produits-chimiques-et-des-lieux-de-travail\/service-de-gestion-des-donnees\/\",\"url\":\"https:\/\/www.3eco.com\/fr\/solutions-3e\/securite-des-produits-chimiques-et-des-lieux-de-travail\/service-de-gestion-des-donnees\/\",\"name\":\"Service de gestion des donn\u00e9es | 3E\",\"isPartOf\":{\"@id\":\"https:\/\/www.3eco.com\/fr\/#website\"},\"datePublished\":\"2024-04-12T12:26:12+00:00\",\"dateModified\":\"2024-11-28T10:49:17+00:00\",\"description\":\"Collecte, normalisation et support des donn\u00e9es fournisseurs enti\u00e8rement externalis\u00e9s. Gagnez en efficacit\u00e9 dans vos relations avec les fournisseurs et dans le respect des r\u00e8gles gr\u00e2ce \u00e0 des donn\u00e9es fiables g\u00e9r\u00e9es par 3E.\",\"breadcrumb\":{\"@id\":\"https:\/\/www.3eco.com\/fr\/solutions-3e\/securite-des-produits-chimiques-et-des-lieux-de-travail\/service-de-gestion-des-donnees\/#breadcrumb\"},\"inLanguage\":\"fr-FR\",\"potentialAction\":[{\"@type\":\"ReadAction\",\"target\":[\"https:\/\/www.3eco.com\/fr\/solutions-3e\/securite-des-produits-chimiques-et-des-lieux-de-travail\/service-de-gestion-des-donnees\/\"]}]},{\"@type\":\"BreadcrumbList\",\"@id\":\"https:\/\/www.3eco.com\/fr\/solutions-3e\/securite-des-produits-chimiques-et-des-lieux-de-travail\/service-de-gestion-des-donnees\/#breadcrumb\",\"itemListElement\":[{\"@type\":\"ListItem\",\"position\":1,\"name\":\"Home\",\"item\":\"https:\/\/www.3eco.com\/fr\/homepage\/\"},{\"@type\":\"ListItem\",\"position\":2,\"name\":\"Solutions 3E\",\"item\":\"https:\/\/www.3eco.com\/fr\/solutions-3e\/\"},{\"@type\":\"ListItem\",\"position\":3,\"name\":\"S\u00e9curit\u00e9 des produits chimiques et des lieux de travail\",\"item\":\"https:\/\/www.3eco.com\/fr\/solutions-3e\/securite-des-produits-chimiques-et-des-lieux-de-travail\/\"},{\"@type\":\"ListItem\",\"position\":4,\"name\":\"Service de gestion des donn\u00e9es\"}]},{\"@type\":\"WebSite\",\"@id\":\"https:\/\/www.3eco.com\/fr\/#website\",\"url\":\"https:\/\/www.3eco.com\/fr\/\",\"name\":\"3E\",\"description\":\"\",\"publisher\":{\"@id\":\"https:\/\/www.3eco.com\/fr\/#organization\"},\"alternateName\":\"3E\",\"potentialAction\":[{\"@type\":\"SearchAction\",\"target\":{\"@type\":\"EntryPoint\",\"urlTemplate\":\"https:\/\/www.3eco.com\/fr\/?s={search_term_string}\"},\"query-input\":{\"@type\":\"PropertyValueSpecification\",\"valueRequired\":true,\"valueName\":\"search_term_string\"}}],\"inLanguage\":\"fr-FR\"},{\"@type\":\"Organization\",\"@id\":\"https:\/\/www.3eco.com\/fr\/#organization\",\"name\":\"3E\",\"url\":\"https:\/\/www.3eco.com\/fr\/\",\"logo\":{\"@type\":\"ImageObject\",\"inLanguage\":\"fr-FR\",\"@id\":\"https:\/\/www.3eco.com\/fr\/#\/schema\/logo\/image\/\",\"url\":\"https:\/\/www.3eco.com\/wp-content\/uploads\/2024\/05\/3e-logo.svg\",\"contentUrl\":\"https:\/\/www.3eco.com\/wp-content\/uploads\/2024\/05\/3e-logo.svg\",\"width\":82,\"height\":29,\"caption\":\"3E\"},\"image\":{\"@id\":\"https:\/\/www.3eco.com\/fr\/#\/schema\/logo\/image\/\"},\"sameAs\":[\"https:\/\/web.facebook.com\/3ESaferWorld\",\"https:\/\/x.com\/3E_Safer_World\",\"https:\/\/www.youtube.com\/@Channel3E\",\"https:\/\/www.instagram.com\/3e_safer_world\/\",\"https:\/\/www.facebook.com\/3ESaferWorld\"],\"email\":\"support@3eco.com\"}]}<\/script>\n<!-- \/ Yoast SEO Premium plugin. -->","yoast_head_json":{"title":"Service de gestion des donn\u00e9es | 3E","description":"Collecte, normalisation et support des donn\u00e9es fournisseurs enti\u00e8rement externalis\u00e9s. Gagnez en efficacit\u00e9 dans vos relations avec les fournisseurs et dans le respect des r\u00e8gles gr\u00e2ce \u00e0 des donn\u00e9es fiables g\u00e9r\u00e9es par 3E.","robots":{"index":"index","follow":"follow","max-snippet":"max-snippet:-1","max-image-preview":"max-image-preview:large","max-video-preview":"max-video-preview:-1"},"canonical":"https:\/\/www.3eco.com\/fr\/solutions-3e\/securite-des-produits-chimiques-et-des-lieux-de-travail\/service-de-gestion-des-donnees\/","og_locale":"fr_FR","og_type":"article","og_title":"Service de gestion des donn\u00e9es","og_description":"Collecte, normalisation et support des donn\u00e9es fournisseurs enti\u00e8rement externalis\u00e9s. Gagnez en efficacit\u00e9 dans vos relations avec les fournisseurs et dans le respect des r\u00e8gles gr\u00e2ce \u00e0 des donn\u00e9es fiables g\u00e9r\u00e9es par 3E.","og_url":"https:\/\/www.3eco.com\/fr\/solutions-3e\/securite-des-produits-chimiques-et-des-lieux-de-travail\/service-de-gestion-des-donnees\/","og_site_name":"3E","article_publisher":"https:\/\/web.facebook.com\/3ESaferWorld","article_modified_time":"2024-11-28T10:49:17+00:00","twitter_card":"summary_large_image","twitter_site":"@3E_Safer_World","twitter_misc":{"Est. reading time":"6 minutes"},"schema":{"@context":"https:\/\/schema.org","@graph":[{"@type":"WebPage","@id":"https:\/\/www.3eco.com\/fr\/solutions-3e\/securite-des-produits-chimiques-et-des-lieux-de-travail\/service-de-gestion-des-donnees\/","url":"https:\/\/www.3eco.com\/fr\/solutions-3e\/securite-des-produits-chimiques-et-des-lieux-de-travail\/service-de-gestion-des-donnees\/","name":"Service de gestion des donn\u00e9es | 3E","isPartOf":{"@id":"https:\/\/www.3eco.com\/fr\/#website"},"datePublished":"2024-04-12T12:26:12+00:00","dateModified":"2024-11-28T10:49:17+00:00","description":"Collecte, normalisation et support des donn\u00e9es fournisseurs enti\u00e8rement externalis\u00e9s. Gagnez en efficacit\u00e9 dans vos relations avec les fournisseurs et dans le respect des r\u00e8gles gr\u00e2ce \u00e0 des donn\u00e9es fiables g\u00e9r\u00e9es par 3E.","breadcrumb":{"@id":"https:\/\/www.3eco.com\/fr\/solutions-3e\/securite-des-produits-chimiques-et-des-lieux-de-travail\/service-de-gestion-des-donnees\/#breadcrumb"},"inLanguage":"fr-FR","potentialAction":[{"@type":"ReadAction","target":["https:\/\/www.3eco.com\/fr\/solutions-3e\/securite-des-produits-chimiques-et-des-lieux-de-travail\/service-de-gestion-des-donnees\/"]}]},{"@type":"BreadcrumbList","@id":"https:\/\/www.3eco.com\/fr\/solutions-3e\/securite-des-produits-chimiques-et-des-lieux-de-travail\/service-de-gestion-des-donnees\/#breadcrumb","itemListElement":[{"@type":"ListItem","position":1,"name":"Home","item":"https:\/\/www.3eco.com\/fr\/homepage\/"},{"@type":"ListItem","position":2,"name":"Solutions 3E","item":"https:\/\/www.3eco.com\/fr\/solutions-3e\/"},{"@type":"ListItem","position":3,"name":"S\u00e9curit\u00e9 des produits chimiques et des lieux de travail","item":"https:\/\/www.3eco.com\/fr\/solutions-3e\/securite-des-produits-chimiques-et-des-lieux-de-travail\/"},{"@type":"ListItem","position":4,"name":"Service de gestion des donn\u00e9es"}]},{"@type":"WebSite","@id":"https:\/\/www.3eco.com\/fr\/#website","url":"https:\/\/www.3eco.com\/fr\/","name":"3E","description":"","publisher":{"@id":"https:\/\/www.3eco.com\/fr\/#organization"},"alternateName":"3E","potentialAction":[{"@type":"SearchAction","target":{"@type":"EntryPoint","urlTemplate":"https:\/\/www.3eco.com\/fr\/?s={search_term_string}"},"query-input":{"@type":"PropertyValueSpecification","valueRequired":true,"valueName":"search_term_string"}}],"inLanguage":"fr-FR"},{"@type":"Organization","@id":"https:\/\/www.3eco.com\/fr\/#organization","name":"3E","url":"https:\/\/www.3eco.com\/fr\/","logo":{"@type":"ImageObject","inLanguage":"fr-FR","@id":"https:\/\/www.3eco.com\/fr\/#\/schema\/logo\/image\/","url":"https:\/\/www.3eco.com\/wp-content\/uploads\/2024\/05\/3e-logo.svg","contentUrl":"https:\/\/www.3eco.com\/wp-content\/uploads\/2024\/05\/3e-logo.svg","width":82,"height":29,"caption":"3E"},"image":{"@id":"https:\/\/www.3eco.com\/fr\/#\/schema\/logo\/image\/"},"sameAs":["https:\/\/web.facebook.com\/3ESaferWorld","https:\/\/x.com\/3E_Safer_World","https:\/\/www.youtube.com\/@Channel3E","https:\/\/www.instagram.com\/3e_safer_world\/","https:\/\/www.facebook.com\/3ESaferWorld"],"email":"support@3eco.com"}]}},"_links":{"self":[{"href":"https:\/\/www.3eco.com\/fr\/wp-json\/wp\/v2\/pages\/20862","targetHints":{"allow":["GET"]}}],"collection":[{"href":"https:\/\/www.3eco.com\/fr\/wp-json\/wp\/v2\/pages"}],"about":[{"href":"https:\/\/www.3eco.com\/fr\/wp-json\/wp\/v2\/types\/page"}],"author":[{"embeddable":true,"href":"https:\/\/www.3eco.com\/fr\/wp-json\/wp\/v2\/users\/19"}],"replies":[{"embeddable":true,"href":"https:\/\/www.3eco.com\/fr\/wp-json\/wp\/v2\/comments?post=20862"}],"version-history":[{"count":3,"href":"https:\/\/www.3eco.com\/fr\/wp-json\/wp\/v2\/pages\/20862\/revisions"}],"predecessor-version":[{"id":26007,"href":"https:\/\/www.3eco.com\/fr\/wp-json\/wp\/v2\/pages\/20862\/revisions\/26007"}],"up":[{"embeddable":true,"href":"https:\/\/www.3eco.com\/fr\/wp-json\/wp\/v2\/pages\/20757"}],"wp:attachment":[{"href":"https:\/\/www.3eco.com\/fr\/wp-json\/wp\/v2\/media?parent=20862"}],"wp:term":[{"taxonomy":"capability","embeddable":true,"href":"https:\/\/www.3eco.com\/fr\/wp-json\/wp\/v2\/capability?post=20862"},{"taxonomy":"content-type","embeddable":true,"href":"https:\/\/www.3eco.com\/fr\/wp-json\/wp\/v2\/content-type?post=20862"},{"taxonomy":"industry","embeddable":true,"href":"https:\/\/www.3eco.com\/fr\/wp-json\/wp\/v2\/industry?post=20862"},{"taxonomy":"product-and-service","embeddable":true,"href":"https:\/\/www.3eco.com\/fr\/wp-json\/wp\/v2\/product-and-service?post=20862"},{"taxonomy":"region","embeddable":true,"href":"https:\/\/www.3eco.com\/fr\/wp-json\/wp\/v2\/region?post=20862"},{"taxonomy":"service-type","embeddable":true,"href":"https:\/\/www.3eco.com\/fr\/wp-json\/wp\/v2\/service-type?post=20862"},{"taxonomy":"solution","embeddable":true,"href":"https:\/\/www.3eco.com\/fr\/wp-json\/wp\/v2\/solution?post=20862"},{"taxonomy":"topic","embeddable":true,"href":"https:\/\/www.3eco.com\/fr\/wp-json\/wp\/v2\/topic?post=20862"}],"curies":[{"name":"wp","href":"https:\/\/api.w.org\/{rel}","templated":true}]}}