{"id":20994,"date":"2024-04-12T03:43:33","date_gmt":"2024-04-12T07:43:33","guid":{"rendered":"https:\/\/staging.3eco.com\/3e-cer\/"},"modified":"2024-07-18T18:20:21","modified_gmt":"2024-07-18T22:20:21","slug":"3e-cer","status":"publish","type":"page","link":"https:\/\/www.3eco.com\/fr\/solutions-3e\/gestion-des-produits\/3e-cer\/","title":{"rendered":"3E CER+"},"content":{"rendered":"","protected":false},"excerpt":{"rendered":"","protected":false},"author":18,"featured_media":0,"parent":21123,"menu_order":0,"comment_status":"closed","ping_status":"closed","template":"page-solution.php","meta":{"_acf_changed":false,"inline_featured_image":false,"_3eco_schema_page_type":"","footnotes":""},"capability":[772,1150,1122,1146,1141,1146,1136,1089],"content-type":[921],"industry":[670,668,669,671,967,673,938,674],"product-and-service":[676,679,712],"region":[],"service-type":[],"solution":[1413,1363,1435,1419,686,1432,1400,1444],"topic":[],"class_list":{"0":"post-20994","1":"page","2":"type-page","3":"status-publish","4":"hentry","5":"capability-chemical-inventory-management-ja","6":"capability-sds-indexation-ja","7":"capability-partner-integration-ja","8":"capability-sds-data-obtainment-ja","9":"capability-sap-integration-ja","11":"capability-product-ingredient-screening-ja","12":"capability-classification-services-ja","13":"content-type-product-ja","14":"industry-consumer-packaged-goods-ja","15":"industry-chemicals-ja","16":"industry-construction-ja","17":"industry-manufacturing-ja","18":"industry-pharma-ja","19":"industry-plastics-ja","20":"industry-transportion-ja","21":"industry-retail-ja","22":"product-and-service-3e-authoring-services-ja","23":"product-and-service-3e-generate-ja","24":"product-and-service-3e-news-ja","25":"solution-horizon-scanning-ja","26":"solution-circularity-ja","27":"solution-product-compliance-ja","28":"solution-integrated-regulatory-content-ja","29":"solution-product-stewardship-ja","30":"solution-pfas-risk-management-ja","31":"solution-emergency-response-ja","32":"solution-product-transparency-ja"},"acf":[],"yoast_head":"<!-- This site is optimized with the Yoast SEO Premium plugin v26.8 (Yoast SEO v27.1.1) - https:\/\/yoast.com\/product\/yoast-seo-premium-wordpress\/ -->\n<title>3E CER+ | 3E<\/title>\n<meta name=\"description\" content=\"Exploitez toute la puissance de notre conformit\u00e9 en mati\u00e8re de s\u00e9curit\u00e9 et de gestion des produits avec 3E ERC+ et SAP. R\u00e9diger et publier des FDS, effectuer des \u00e9valuations du march\u00e9 et des marchandises dangereuses, avertir les Poison Centres, et bien d&#039;autres choses encore !\" \/>\n<meta name=\"robots\" content=\"index, follow, max-snippet:-1, max-image-preview:large, max-video-preview:-1\" \/>\n<link rel=\"canonical\" href=\"https:\/\/www.3eco.com\/fr\/solutions-3e\/gestion-des-produits\/3e-cer\/\" \/>\n<meta property=\"og:locale\" content=\"fr_FR\" \/>\n<meta property=\"og:type\" content=\"article\" \/>\n<meta property=\"og:title\" content=\"3E CER+\" \/>\n<meta property=\"og:description\" content=\"Exploitez toute la puissance de notre conformit\u00e9 en mati\u00e8re de s\u00e9curit\u00e9 et de gestion des produits avec 3E ERC+ et SAP. R\u00e9diger et publier des FDS, effectuer des \u00e9valuations du march\u00e9 et des marchandises dangereuses, avertir les Poison Centres, et bien d&#039;autres choses encore !\" \/>\n<meta property=\"og:url\" content=\"https:\/\/www.3eco.com\/fr\/solutions-3e\/gestion-des-produits\/3e-cer\/\" \/>\n<meta property=\"og:site_name\" content=\"3E\" \/>\n<meta property=\"article:publisher\" content=\"https:\/\/web.facebook.com\/3ESaferWorld\" \/>\n<meta property=\"article:modified_time\" content=\"2024-07-18T22:20:21+00:00\" \/>\n<meta name=\"twitter:card\" content=\"summary_large_image\" \/>\n<meta name=\"twitter:site\" content=\"@3E_Safer_World\" \/>\n<meta name=\"twitter:label1\" content=\"Est. reading time\" \/>\n\t<meta name=\"twitter:data1\" content=\"6 minutes\" \/>\n<script type=\"application\/ld+json\" class=\"yoast-schema-graph\">{\"@context\":\"https:\/\/schema.org\",\"@graph\":[{\"@type\":\"WebPage\",\"@id\":\"https:\/\/www.3eco.com\/fr\/solutions-3e\/gestion-des-produits\/3e-cer\/\",\"url\":\"https:\/\/www.3eco.com\/fr\/solutions-3e\/gestion-des-produits\/3e-cer\/\",\"name\":\"3E CER+ | 3E\",\"isPartOf\":{\"@id\":\"https:\/\/www.3eco.com\/fr\/#website\"},\"datePublished\":\"2024-04-12T07:43:33+00:00\",\"dateModified\":\"2024-07-18T22:20:21+00:00\",\"description\":\"Exploitez toute la puissance de notre conformit\u00e9 en mati\u00e8re de s\u00e9curit\u00e9 et de gestion des produits avec 3E ERC+ et SAP. R\u00e9diger et publier des FDS, effectuer des \u00e9valuations du march\u00e9 et des marchandises dangereuses, avertir les Poison Centres, et bien d'autres choses encore !\",\"breadcrumb\":{\"@id\":\"https:\/\/www.3eco.com\/fr\/solutions-3e\/gestion-des-produits\/3e-cer\/#breadcrumb\"},\"inLanguage\":\"fr-FR\",\"potentialAction\":[{\"@type\":\"ReadAction\",\"target\":[\"https:\/\/www.3eco.com\/fr\/solutions-3e\/gestion-des-produits\/3e-cer\/\"]}]},{\"@type\":\"BreadcrumbList\",\"@id\":\"https:\/\/www.3eco.com\/fr\/solutions-3e\/gestion-des-produits\/3e-cer\/#breadcrumb\",\"itemListElement\":[{\"@type\":\"ListItem\",\"position\":1,\"name\":\"Home\",\"item\":\"https:\/\/www.3eco.com\/fr\/homepage\/\"},{\"@type\":\"ListItem\",\"position\":2,\"name\":\"Solutions 3E\",\"item\":\"https:\/\/www.3eco.com\/fr\/solutions-3e\/\"},{\"@type\":\"ListItem\",\"position\":3,\"name\":\"Gestion de la conformit\u00e9 des produits chimiques\",\"item\":\"https:\/\/www.3eco.com\/fr\/solutions-3e\/gestion-des-produits\/\"},{\"@type\":\"ListItem\",\"position\":4,\"name\":\"3E CER+\"}]},{\"@type\":\"WebSite\",\"@id\":\"https:\/\/www.3eco.com\/fr\/#website\",\"url\":\"https:\/\/www.3eco.com\/fr\/\",\"name\":\"3E\",\"description\":\"\",\"publisher\":{\"@id\":\"https:\/\/www.3eco.com\/fr\/#organization\"},\"alternateName\":\"3E\",\"potentialAction\":[{\"@type\":\"SearchAction\",\"target\":{\"@type\":\"EntryPoint\",\"urlTemplate\":\"https:\/\/www.3eco.com\/fr\/?s={search_term_string}\"},\"query-input\":{\"@type\":\"PropertyValueSpecification\",\"valueRequired\":true,\"valueName\":\"search_term_string\"}}],\"inLanguage\":\"fr-FR\"},{\"@type\":\"Organization\",\"@id\":\"https:\/\/www.3eco.com\/fr\/#organization\",\"name\":\"3E\",\"url\":\"https:\/\/www.3eco.com\/fr\/\",\"logo\":{\"@type\":\"ImageObject\",\"inLanguage\":\"fr-FR\",\"@id\":\"https:\/\/www.3eco.com\/fr\/#\/schema\/logo\/image\/\",\"url\":\"https:\/\/www.3eco.com\/wp-content\/uploads\/2024\/05\/3e-logo.svg\",\"contentUrl\":\"https:\/\/www.3eco.com\/wp-content\/uploads\/2024\/05\/3e-logo.svg\",\"width\":82,\"height\":29,\"caption\":\"3E\"},\"image\":{\"@id\":\"https:\/\/www.3eco.com\/fr\/#\/schema\/logo\/image\/\"},\"sameAs\":[\"https:\/\/web.facebook.com\/3ESaferWorld\",\"https:\/\/x.com\/3E_Safer_World\",\"https:\/\/www.youtube.com\/@Channel3E\",\"https:\/\/www.instagram.com\/3e_safer_world\/\",\"https:\/\/www.facebook.com\/3ESaferWorld\"],\"email\":\"support@3eco.com\"}]}<\/script>\n<!-- \/ Yoast SEO Premium plugin. -->","yoast_head_json":{"title":"3E CER+ | 3E","description":"Exploitez toute la puissance de notre conformit\u00e9 en mati\u00e8re de s\u00e9curit\u00e9 et de gestion des produits avec 3E ERC+ et SAP. R\u00e9diger et publier des FDS, effectuer des \u00e9valuations du march\u00e9 et des marchandises dangereuses, avertir les Poison Centres, et bien d'autres choses encore !","robots":{"index":"index","follow":"follow","max-snippet":"max-snippet:-1","max-image-preview":"max-image-preview:large","max-video-preview":"max-video-preview:-1"},"canonical":"https:\/\/www.3eco.com\/fr\/solutions-3e\/gestion-des-produits\/3e-cer\/","og_locale":"fr_FR","og_type":"article","og_title":"3E CER+","og_description":"Exploitez toute la puissance de notre conformit\u00e9 en mati\u00e8re de s\u00e9curit\u00e9 et de gestion des produits avec 3E ERC+ et SAP. R\u00e9diger et publier des FDS, effectuer des \u00e9valuations du march\u00e9 et des marchandises dangereuses, avertir les Poison Centres, et bien d'autres choses encore !","og_url":"https:\/\/www.3eco.com\/fr\/solutions-3e\/gestion-des-produits\/3e-cer\/","og_site_name":"3E","article_publisher":"https:\/\/web.facebook.com\/3ESaferWorld","article_modified_time":"2024-07-18T22:20:21+00:00","twitter_card":"summary_large_image","twitter_site":"@3E_Safer_World","twitter_misc":{"Est. reading time":"6 minutes"},"schema":{"@context":"https:\/\/schema.org","@graph":[{"@type":"WebPage","@id":"https:\/\/www.3eco.com\/fr\/solutions-3e\/gestion-des-produits\/3e-cer\/","url":"https:\/\/www.3eco.com\/fr\/solutions-3e\/gestion-des-produits\/3e-cer\/","name":"3E CER+ | 3E","isPartOf":{"@id":"https:\/\/www.3eco.com\/fr\/#website"},"datePublished":"2024-04-12T07:43:33+00:00","dateModified":"2024-07-18T22:20:21+00:00","description":"Exploitez toute la puissance de notre conformit\u00e9 en mati\u00e8re de s\u00e9curit\u00e9 et de gestion des produits avec 3E ERC+ et SAP. R\u00e9diger et publier des FDS, effectuer des \u00e9valuations du march\u00e9 et des marchandises dangereuses, avertir les Poison Centres, et bien d'autres choses encore !","breadcrumb":{"@id":"https:\/\/www.3eco.com\/fr\/solutions-3e\/gestion-des-produits\/3e-cer\/#breadcrumb"},"inLanguage":"fr-FR","potentialAction":[{"@type":"ReadAction","target":["https:\/\/www.3eco.com\/fr\/solutions-3e\/gestion-des-produits\/3e-cer\/"]}]},{"@type":"BreadcrumbList","@id":"https:\/\/www.3eco.com\/fr\/solutions-3e\/gestion-des-produits\/3e-cer\/#breadcrumb","itemListElement":[{"@type":"ListItem","position":1,"name":"Home","item":"https:\/\/www.3eco.com\/fr\/homepage\/"},{"@type":"ListItem","position":2,"name":"Solutions 3E","item":"https:\/\/www.3eco.com\/fr\/solutions-3e\/"},{"@type":"ListItem","position":3,"name":"Gestion de la conformit\u00e9 des produits chimiques","item":"https:\/\/www.3eco.com\/fr\/solutions-3e\/gestion-des-produits\/"},{"@type":"ListItem","position":4,"name":"3E CER+"}]},{"@type":"WebSite","@id":"https:\/\/www.3eco.com\/fr\/#website","url":"https:\/\/www.3eco.com\/fr\/","name":"3E","description":"","publisher":{"@id":"https:\/\/www.3eco.com\/fr\/#organization"},"alternateName":"3E","potentialAction":[{"@type":"SearchAction","target":{"@type":"EntryPoint","urlTemplate":"https:\/\/www.3eco.com\/fr\/?s={search_term_string}"},"query-input":{"@type":"PropertyValueSpecification","valueRequired":true,"valueName":"search_term_string"}}],"inLanguage":"fr-FR"},{"@type":"Organization","@id":"https:\/\/www.3eco.com\/fr\/#organization","name":"3E","url":"https:\/\/www.3eco.com\/fr\/","logo":{"@type":"ImageObject","inLanguage":"fr-FR","@id":"https:\/\/www.3eco.com\/fr\/#\/schema\/logo\/image\/","url":"https:\/\/www.3eco.com\/wp-content\/uploads\/2024\/05\/3e-logo.svg","contentUrl":"https:\/\/www.3eco.com\/wp-content\/uploads\/2024\/05\/3e-logo.svg","width":82,"height":29,"caption":"3E"},"image":{"@id":"https:\/\/www.3eco.com\/fr\/#\/schema\/logo\/image\/"},"sameAs":["https:\/\/web.facebook.com\/3ESaferWorld","https:\/\/x.com\/3E_Safer_World","https:\/\/www.youtube.com\/@Channel3E","https:\/\/www.instagram.com\/3e_safer_world\/","https:\/\/www.facebook.com\/3ESaferWorld"],"email":"support@3eco.com"}]}},"_links":{"self":[{"href":"https:\/\/www.3eco.com\/fr\/wp-json\/wp\/v2\/pages\/20994","targetHints":{"allow":["GET"]}}],"collection":[{"href":"https:\/\/www.3eco.com\/fr\/wp-json\/wp\/v2\/pages"}],"about":[{"href":"https:\/\/www.3eco.com\/fr\/wp-json\/wp\/v2\/types\/page"}],"author":[{"embeddable":true,"href":"https:\/\/www.3eco.com\/fr\/wp-json\/wp\/v2\/users\/18"}],"replies":[{"embeddable":true,"href":"https:\/\/www.3eco.com\/fr\/wp-json\/wp\/v2\/comments?post=20994"}],"version-history":[{"count":2,"href":"https:\/\/www.3eco.com\/fr\/wp-json\/wp\/v2\/pages\/20994\/revisions"}],"predecessor-version":[{"id":22077,"href":"https:\/\/www.3eco.com\/fr\/wp-json\/wp\/v2\/pages\/20994\/revisions\/22077"}],"up":[{"embeddable":true,"href":"https:\/\/www.3eco.com\/fr\/wp-json\/wp\/v2\/pages\/21123"}],"wp:attachment":[{"href":"https:\/\/www.3eco.com\/fr\/wp-json\/wp\/v2\/media?parent=20994"}],"wp:term":[{"taxonomy":"capability","embeddable":true,"href":"https:\/\/www.3eco.com\/fr\/wp-json\/wp\/v2\/capability?post=20994"},{"taxonomy":"content-type","embeddable":true,"href":"https:\/\/www.3eco.com\/fr\/wp-json\/wp\/v2\/content-type?post=20994"},{"taxonomy":"industry","embeddable":true,"href":"https:\/\/www.3eco.com\/fr\/wp-json\/wp\/v2\/industry?post=20994"},{"taxonomy":"product-and-service","embeddable":true,"href":"https:\/\/www.3eco.com\/fr\/wp-json\/wp\/v2\/product-and-service?post=20994"},{"taxonomy":"region","embeddable":true,"href":"https:\/\/www.3eco.com\/fr\/wp-json\/wp\/v2\/region?post=20994"},{"taxonomy":"service-type","embeddable":true,"href":"https:\/\/www.3eco.com\/fr\/wp-json\/wp\/v2\/service-type?post=20994"},{"taxonomy":"solution","embeddable":true,"href":"https:\/\/www.3eco.com\/fr\/wp-json\/wp\/v2\/solution?post=20994"},{"taxonomy":"topic","embeddable":true,"href":"https:\/\/www.3eco.com\/fr\/wp-json\/wp\/v2\/topic?post=20994"}],"curies":[{"name":"wp","href":"https:\/\/api.w.org\/{rel}","templated":true}]}}