{"id":21003,"date":"2024-04-12T05:27:21","date_gmt":"2024-04-12T09:27:21","guid":{"rendered":"https:\/\/staging.3eco.com\/produits-chimiques\/"},"modified":"2024-11-26T13:05:11","modified_gmt":"2024-11-26T17:05:11","slug":"produits-chimiques","status":"publish","type":"page","link":"https:\/\/www.3eco.com\/fr\/produits-chimiques\/","title":{"rendered":"Industrie chimique"},"content":{"rendered":"","protected":false},"excerpt":{"rendered":"","protected":false},"author":18,"featured_media":0,"parent":0,"menu_order":0,"comment_status":"closed","ping_status":"closed","template":"page-solution.php","meta":{"_acf_changed":false,"inline_featured_image":false,"_3eco_schema_page_type":"","footnotes":""},"capability":[16,25,99,23,18,22,101,21,20,24,12],"content-type":[],"industry":[],"product-and-service":[37,38,39,40,41,42,44],"region":[],"service-type":[],"solution":[151],"topic":[],"class_list":["post-21003","page","type-page","status-publish","hentry","capability-global-regulatory-news","capability-supplier-surveys","capability-chemical-inventory-management","capability-sds-indexation","capability-partner-integration","capability-sds-data-obtainment","capability-trusted-supplier-network","capability-sap-integration","capability-product-ingredient-screening","capability-supplier-outreach","capability-classification-services","product-and-service-3e-authoring-services","product-and-service-3e-erc","product-and-service-3e-exchange","product-and-service-3e-generate","product-and-service-3e-insight","product-and-service-3e-news","product-and-service-3e-regulatory-content-api","solution-chemical-inventory-sds-management"],"acf":[],"yoast_head":"<!-- This site is optimized with the Yoast SEO Premium plugin v26.8 (Yoast SEO v27.1.1) - https:\/\/yoast.com\/product\/yoast-seo-premium-wordpress\/ -->\n<title>Industrie chimique | 3E<\/title>\n<meta name=\"description\" content=\"Les fabricants de produits chimiques doivent surmonter les risques inh\u00e9rents \u00e0 la cr\u00e9ation de composants de produits individuels, \u00e0 l&#039;utilisation et \u00e0 l&#039;essai de nouveaux produits chimiques et, en fin de compte, \u00e0 la s\u00e9lection de produits chimiques pour les produits utilis\u00e9s par les consommateurs.\" \/>\n<meta name=\"robots\" content=\"index, follow, max-snippet:-1, max-image-preview:large, max-video-preview:-1\" \/>\n<link rel=\"canonical\" href=\"https:\/\/www.3eco.com\/fr\/produits-chimiques\/\" \/>\n<meta property=\"og:locale\" content=\"fr_FR\" \/>\n<meta property=\"og:type\" content=\"article\" \/>\n<meta property=\"og:title\" content=\"Industrie chimique\" \/>\n<meta property=\"og:description\" content=\"Les fabricants de produits chimiques doivent surmonter les risques inh\u00e9rents \u00e0 la cr\u00e9ation de composants de produits individuels, \u00e0 l&#039;utilisation et \u00e0 l&#039;essai de nouveaux produits chimiques et, en fin de compte, \u00e0 la s\u00e9lection de produits chimiques pour les produits utilis\u00e9s par les consommateurs.\" \/>\n<meta property=\"og:url\" content=\"https:\/\/www.3eco.com\/fr\/produits-chimiques\/\" \/>\n<meta property=\"og:site_name\" content=\"3E\" \/>\n<meta property=\"article:publisher\" content=\"https:\/\/web.facebook.com\/3ESaferWorld\" \/>\n<meta property=\"article:modified_time\" content=\"2024-11-26T17:05:11+00:00\" \/>\n<meta name=\"twitter:card\" content=\"summary_large_image\" \/>\n<meta name=\"twitter:site\" content=\"@3E_Safer_World\" \/>\n<meta name=\"twitter:label1\" content=\"Est. reading time\" \/>\n\t<meta name=\"twitter:data1\" content=\"5 minutes\" \/>\n<script type=\"application\/ld+json\" class=\"yoast-schema-graph\">{\"@context\":\"https:\/\/schema.org\",\"@graph\":[{\"@type\":\"WebPage\",\"@id\":\"https:\/\/www.3eco.com\/fr\/produits-chimiques\/\",\"url\":\"https:\/\/www.3eco.com\/fr\/produits-chimiques\/\",\"name\":\"Industrie chimique | 3E\",\"isPartOf\":{\"@id\":\"https:\/\/www.3eco.com\/fr\/#website\"},\"datePublished\":\"2024-04-12T09:27:21+00:00\",\"dateModified\":\"2024-11-26T17:05:11+00:00\",\"description\":\"Les fabricants de produits chimiques doivent surmonter les risques inh\u00e9rents \u00e0 la cr\u00e9ation de composants de produits individuels, \u00e0 l'utilisation et \u00e0 l'essai de nouveaux produits chimiques et, en fin de compte, \u00e0 la s\u00e9lection de produits chimiques pour les produits utilis\u00e9s par les consommateurs.\",\"breadcrumb\":{\"@id\":\"https:\/\/www.3eco.com\/fr\/produits-chimiques\/#breadcrumb\"},\"inLanguage\":\"fr-FR\",\"potentialAction\":[{\"@type\":\"ReadAction\",\"target\":[\"https:\/\/www.3eco.com\/fr\/produits-chimiques\/\"]}]},{\"@type\":\"BreadcrumbList\",\"@id\":\"https:\/\/www.3eco.com\/fr\/produits-chimiques\/#breadcrumb\",\"itemListElement\":[{\"@type\":\"ListItem\",\"position\":1,\"name\":\"Home\",\"item\":\"https:\/\/www.3eco.com\/fr\/homepage\/\"},{\"@type\":\"ListItem\",\"position\":2,\"name\":\"Industrie chimique\"}]},{\"@type\":\"WebSite\",\"@id\":\"https:\/\/www.3eco.com\/fr\/#website\",\"url\":\"https:\/\/www.3eco.com\/fr\/\",\"name\":\"3E\",\"description\":\"\",\"publisher\":{\"@id\":\"https:\/\/www.3eco.com\/fr\/#organization\"},\"alternateName\":\"3E\",\"potentialAction\":[{\"@type\":\"SearchAction\",\"target\":{\"@type\":\"EntryPoint\",\"urlTemplate\":\"https:\/\/www.3eco.com\/fr\/?s={search_term_string}\"},\"query-input\":{\"@type\":\"PropertyValueSpecification\",\"valueRequired\":true,\"valueName\":\"search_term_string\"}}],\"inLanguage\":\"fr-FR\"},{\"@type\":\"Organization\",\"@id\":\"https:\/\/www.3eco.com\/fr\/#organization\",\"name\":\"3E\",\"url\":\"https:\/\/www.3eco.com\/fr\/\",\"logo\":{\"@type\":\"ImageObject\",\"inLanguage\":\"fr-FR\",\"@id\":\"https:\/\/www.3eco.com\/fr\/#\/schema\/logo\/image\/\",\"url\":\"https:\/\/www.3eco.com\/wp-content\/uploads\/2024\/05\/3e-logo.svg\",\"contentUrl\":\"https:\/\/www.3eco.com\/wp-content\/uploads\/2024\/05\/3e-logo.svg\",\"width\":82,\"height\":29,\"caption\":\"3E\"},\"image\":{\"@id\":\"https:\/\/www.3eco.com\/fr\/#\/schema\/logo\/image\/\"},\"sameAs\":[\"https:\/\/web.facebook.com\/3ESaferWorld\",\"https:\/\/x.com\/3E_Safer_World\",\"https:\/\/www.youtube.com\/@Channel3E\",\"https:\/\/www.instagram.com\/3e_safer_world\/\",\"https:\/\/www.facebook.com\/3ESaferWorld\"],\"email\":\"support@3eco.com\"}]}<\/script>\n<!-- \/ Yoast SEO Premium plugin. -->","yoast_head_json":{"title":"Industrie chimique | 3E","description":"Les fabricants de produits chimiques doivent surmonter les risques inh\u00e9rents \u00e0 la cr\u00e9ation de composants de produits individuels, \u00e0 l'utilisation et \u00e0 l'essai de nouveaux produits chimiques et, en fin de compte, \u00e0 la s\u00e9lection de produits chimiques pour les produits utilis\u00e9s par les consommateurs.","robots":{"index":"index","follow":"follow","max-snippet":"max-snippet:-1","max-image-preview":"max-image-preview:large","max-video-preview":"max-video-preview:-1"},"canonical":"https:\/\/www.3eco.com\/fr\/produits-chimiques\/","og_locale":"fr_FR","og_type":"article","og_title":"Industrie chimique","og_description":"Les fabricants de produits chimiques doivent surmonter les risques inh\u00e9rents \u00e0 la cr\u00e9ation de composants de produits individuels, \u00e0 l'utilisation et \u00e0 l'essai de nouveaux produits chimiques et, en fin de compte, \u00e0 la s\u00e9lection de produits chimiques pour les produits utilis\u00e9s par les consommateurs.","og_url":"https:\/\/www.3eco.com\/fr\/produits-chimiques\/","og_site_name":"3E","article_publisher":"https:\/\/web.facebook.com\/3ESaferWorld","article_modified_time":"2024-11-26T17:05:11+00:00","twitter_card":"summary_large_image","twitter_site":"@3E_Safer_World","twitter_misc":{"Est. reading time":"5 minutes"},"schema":{"@context":"https:\/\/schema.org","@graph":[{"@type":"WebPage","@id":"https:\/\/www.3eco.com\/fr\/produits-chimiques\/","url":"https:\/\/www.3eco.com\/fr\/produits-chimiques\/","name":"Industrie chimique | 3E","isPartOf":{"@id":"https:\/\/www.3eco.com\/fr\/#website"},"datePublished":"2024-04-12T09:27:21+00:00","dateModified":"2024-11-26T17:05:11+00:00","description":"Les fabricants de produits chimiques doivent surmonter les risques inh\u00e9rents \u00e0 la cr\u00e9ation de composants de produits individuels, \u00e0 l'utilisation et \u00e0 l'essai de nouveaux produits chimiques et, en fin de compte, \u00e0 la s\u00e9lection de produits chimiques pour les produits utilis\u00e9s par les consommateurs.","breadcrumb":{"@id":"https:\/\/www.3eco.com\/fr\/produits-chimiques\/#breadcrumb"},"inLanguage":"fr-FR","potentialAction":[{"@type":"ReadAction","target":["https:\/\/www.3eco.com\/fr\/produits-chimiques\/"]}]},{"@type":"BreadcrumbList","@id":"https:\/\/www.3eco.com\/fr\/produits-chimiques\/#breadcrumb","itemListElement":[{"@type":"ListItem","position":1,"name":"Home","item":"https:\/\/www.3eco.com\/fr\/homepage\/"},{"@type":"ListItem","position":2,"name":"Industrie chimique"}]},{"@type":"WebSite","@id":"https:\/\/www.3eco.com\/fr\/#website","url":"https:\/\/www.3eco.com\/fr\/","name":"3E","description":"","publisher":{"@id":"https:\/\/www.3eco.com\/fr\/#organization"},"alternateName":"3E","potentialAction":[{"@type":"SearchAction","target":{"@type":"EntryPoint","urlTemplate":"https:\/\/www.3eco.com\/fr\/?s={search_term_string}"},"query-input":{"@type":"PropertyValueSpecification","valueRequired":true,"valueName":"search_term_string"}}],"inLanguage":"fr-FR"},{"@type":"Organization","@id":"https:\/\/www.3eco.com\/fr\/#organization","name":"3E","url":"https:\/\/www.3eco.com\/fr\/","logo":{"@type":"ImageObject","inLanguage":"fr-FR","@id":"https:\/\/www.3eco.com\/fr\/#\/schema\/logo\/image\/","url":"https:\/\/www.3eco.com\/wp-content\/uploads\/2024\/05\/3e-logo.svg","contentUrl":"https:\/\/www.3eco.com\/wp-content\/uploads\/2024\/05\/3e-logo.svg","width":82,"height":29,"caption":"3E"},"image":{"@id":"https:\/\/www.3eco.com\/fr\/#\/schema\/logo\/image\/"},"sameAs":["https:\/\/web.facebook.com\/3ESaferWorld","https:\/\/x.com\/3E_Safer_World","https:\/\/www.youtube.com\/@Channel3E","https:\/\/www.instagram.com\/3e_safer_world\/","https:\/\/www.facebook.com\/3ESaferWorld"],"email":"support@3eco.com"}]}},"_links":{"self":[{"href":"https:\/\/www.3eco.com\/fr\/wp-json\/wp\/v2\/pages\/21003","targetHints":{"allow":["GET"]}}],"collection":[{"href":"https:\/\/www.3eco.com\/fr\/wp-json\/wp\/v2\/pages"}],"about":[{"href":"https:\/\/www.3eco.com\/fr\/wp-json\/wp\/v2\/types\/page"}],"author":[{"embeddable":true,"href":"https:\/\/www.3eco.com\/fr\/wp-json\/wp\/v2\/users\/18"}],"replies":[{"embeddable":true,"href":"https:\/\/www.3eco.com\/fr\/wp-json\/wp\/v2\/comments?post=21003"}],"version-history":[{"count":3,"href":"https:\/\/www.3eco.com\/fr\/wp-json\/wp\/v2\/pages\/21003\/revisions"}],"predecessor-version":[{"id":25907,"href":"https:\/\/www.3eco.com\/fr\/wp-json\/wp\/v2\/pages\/21003\/revisions\/25907"}],"wp:attachment":[{"href":"https:\/\/www.3eco.com\/fr\/wp-json\/wp\/v2\/media?parent=21003"}],"wp:term":[{"taxonomy":"capability","embeddable":true,"href":"https:\/\/www.3eco.com\/fr\/wp-json\/wp\/v2\/capability?post=21003"},{"taxonomy":"content-type","embeddable":true,"href":"https:\/\/www.3eco.com\/fr\/wp-json\/wp\/v2\/content-type?post=21003"},{"taxonomy":"industry","embeddable":true,"href":"https:\/\/www.3eco.com\/fr\/wp-json\/wp\/v2\/industry?post=21003"},{"taxonomy":"product-and-service","embeddable":true,"href":"https:\/\/www.3eco.com\/fr\/wp-json\/wp\/v2\/product-and-service?post=21003"},{"taxonomy":"region","embeddable":true,"href":"https:\/\/www.3eco.com\/fr\/wp-json\/wp\/v2\/region?post=21003"},{"taxonomy":"service-type","embeddable":true,"href":"https:\/\/www.3eco.com\/fr\/wp-json\/wp\/v2\/service-type?post=21003"},{"taxonomy":"solution","embeddable":true,"href":"https:\/\/www.3eco.com\/fr\/wp-json\/wp\/v2\/solution?post=21003"},{"taxonomy":"topic","embeddable":true,"href":"https:\/\/www.3eco.com\/fr\/wp-json\/wp\/v2\/topic?post=21003"}],"curies":[{"name":"wp","href":"https:\/\/api.w.org\/{rel}","templated":true}]}}