{"id":21067,"date":"2024-04-11T08:01:13","date_gmt":"2024-04-11T12:01:13","guid":{"rendered":"https:\/\/staging.3eco.com\/integration-sap\/"},"modified":"2026-02-16T14:16:56","modified_gmt":"2026-02-16T18:16:56","slug":"integration-sap","status":"publish","type":"page","link":"https:\/\/www.3eco.com\/fr\/solutions-3e\/gestion-des-produits\/integration-sap\/","title":{"rendered":"Int\u00e9gration SAP"},"content":{"rendered":"","protected":false},"excerpt":{"rendered":"","protected":false},"author":18,"featured_media":0,"parent":21123,"menu_order":0,"comment_status":"closed","ping_status":"closed","template":"page-solution.php","meta":{"_acf_changed":false,"inline_featured_image":false,"_3eco_schema_page_type":"","footnotes":""},"capability":[263,263,254],"content-type":[273],"industry":[292,288,290,294,296,298,302,300],"product-and-service":[311,313,323],"region":[],"service-type":[],"solution":[397,397],"topic":[],"class_list":{"0":"post-21067","1":"page","2":"type-page","3":"status-publish","4":"hentry","5":"capability-chemical-inventory-management-fr","7":"capability-sds-data-obtainment-fr","8":"content-type-capability-fr","9":"industry-consumer-packaged-goods-fr","10":"industry-produits-chimiques-fr","11":"industry-construction-fr","12":"industry-manufacturing-fr","13":"industry-pharma-fr","14":"industry-plastics-fr","15":"industry-transportation-fr","16":"industry-retail-fr","17":"product-and-service-3e-authoring-services-fr","18":"product-and-service-3e-erc-fr","19":"product-and-service-3e-regulatory-content-api-fr","20":"solution-marketability-commercial-decision-support-fr"},"acf":[],"yoast_head":"<!-- This site is optimized with the Yoast SEO Premium plugin v26.8 (Yoast SEO v27.1.1) - https:\/\/yoast.com\/product\/yoast-seo-premium-wordpress\/ -->\n<title>Int\u00e9gration SAP | 3E<\/title>\n<meta name=\"description\" content=\"Exploitez toute la puissance de SAP EHS et de S\/4HANA for Product Compliance en l&#039;enrichissant de contenu r\u00e9glementaire et d&#039;automatisation 3E, pour une conformit\u00e9 r\u00e9glementaire et une prise de d\u00e9cision en temps r\u00e9el.\" \/>\n<meta name=\"robots\" content=\"index, follow, max-snippet:-1, max-image-preview:large, max-video-preview:-1\" \/>\n<link rel=\"canonical\" href=\"https:\/\/www.3eco.com\/fr\/solutions-3e\/gestion-des-produits\/integration-sap\/\" \/>\n<meta property=\"og:locale\" content=\"fr_FR\" \/>\n<meta property=\"og:type\" content=\"article\" \/>\n<meta property=\"og:title\" content=\"Int\u00e9gration SAP\" \/>\n<meta property=\"og:description\" content=\"Exploitez toute la puissance de SAP EHS et de S\/4HANA for Product Compliance en l&#039;enrichissant de contenu r\u00e9glementaire et d&#039;automatisation 3E, pour une conformit\u00e9 r\u00e9glementaire et une prise de d\u00e9cision en temps r\u00e9el.\" \/>\n<meta property=\"og:url\" content=\"https:\/\/www.3eco.com\/fr\/solutions-3e\/gestion-des-produits\/integration-sap\/\" \/>\n<meta property=\"og:site_name\" content=\"3E\" \/>\n<meta property=\"article:publisher\" content=\"https:\/\/web.facebook.com\/3ESaferWorld\" \/>\n<meta property=\"article:modified_time\" content=\"2026-02-16T18:16:56+00:00\" \/>\n<meta name=\"twitter:card\" content=\"summary_large_image\" \/>\n<meta name=\"twitter:site\" content=\"@3E_Safer_World\" \/>\n<meta name=\"twitter:label1\" content=\"Est. reading time\" \/>\n\t<meta name=\"twitter:data1\" content=\"7 minutes\" \/>\n<script type=\"application\/ld+json\" class=\"yoast-schema-graph\">{\"@context\":\"https:\/\/schema.org\",\"@graph\":[{\"@type\":\"WebPage\",\"@id\":\"https:\/\/www.3eco.com\/fr\/solutions-3e\/gestion-des-produits\/integration-sap\/\",\"url\":\"https:\/\/www.3eco.com\/fr\/solutions-3e\/gestion-des-produits\/integration-sap\/\",\"name\":\"Int\u00e9gration SAP | 3E\",\"isPartOf\":{\"@id\":\"https:\/\/www.3eco.com\/fr\/#website\"},\"datePublished\":\"2024-04-11T12:01:13+00:00\",\"dateModified\":\"2026-02-16T18:16:56+00:00\",\"description\":\"Exploitez toute la puissance de SAP EHS et de S\/4HANA for Product Compliance en l'enrichissant de contenu r\u00e9glementaire et d'automatisation 3E, pour une conformit\u00e9 r\u00e9glementaire et une prise de d\u00e9cision en temps r\u00e9el.\",\"breadcrumb\":{\"@id\":\"https:\/\/www.3eco.com\/fr\/solutions-3e\/gestion-des-produits\/integration-sap\/#breadcrumb\"},\"inLanguage\":\"fr-FR\",\"potentialAction\":[{\"@type\":\"ReadAction\",\"target\":[\"https:\/\/www.3eco.com\/fr\/solutions-3e\/gestion-des-produits\/integration-sap\/\"]}]},{\"@type\":\"BreadcrumbList\",\"@id\":\"https:\/\/www.3eco.com\/fr\/solutions-3e\/gestion-des-produits\/integration-sap\/#breadcrumb\",\"itemListElement\":[{\"@type\":\"ListItem\",\"position\":1,\"name\":\"Home\",\"item\":\"https:\/\/www.3eco.com\/fr\/homepage\/\"},{\"@type\":\"ListItem\",\"position\":2,\"name\":\"Solutions 3E\",\"item\":\"https:\/\/www.3eco.com\/fr\/solutions-3e\/\"},{\"@type\":\"ListItem\",\"position\":3,\"name\":\"Gestion de la conformit\u00e9 des produits chimiques\",\"item\":\"https:\/\/www.3eco.com\/fr\/solutions-3e\/gestion-des-produits\/\"},{\"@type\":\"ListItem\",\"position\":4,\"name\":\"Int\u00e9gration SAP\"}]},{\"@type\":\"WebSite\",\"@id\":\"https:\/\/www.3eco.com\/fr\/#website\",\"url\":\"https:\/\/www.3eco.com\/fr\/\",\"name\":\"3E\",\"description\":\"\",\"publisher\":{\"@id\":\"https:\/\/www.3eco.com\/fr\/#organization\"},\"alternateName\":\"3E\",\"potentialAction\":[{\"@type\":\"SearchAction\",\"target\":{\"@type\":\"EntryPoint\",\"urlTemplate\":\"https:\/\/www.3eco.com\/fr\/?s={search_term_string}\"},\"query-input\":{\"@type\":\"PropertyValueSpecification\",\"valueRequired\":true,\"valueName\":\"search_term_string\"}}],\"inLanguage\":\"fr-FR\"},{\"@type\":\"Organization\",\"@id\":\"https:\/\/www.3eco.com\/fr\/#organization\",\"name\":\"3E\",\"url\":\"https:\/\/www.3eco.com\/fr\/\",\"logo\":{\"@type\":\"ImageObject\",\"inLanguage\":\"fr-FR\",\"@id\":\"https:\/\/www.3eco.com\/fr\/#\/schema\/logo\/image\/\",\"url\":\"https:\/\/www.3eco.com\/wp-content\/uploads\/2024\/05\/3e-logo.svg\",\"contentUrl\":\"https:\/\/www.3eco.com\/wp-content\/uploads\/2024\/05\/3e-logo.svg\",\"width\":82,\"height\":29,\"caption\":\"3E\"},\"image\":{\"@id\":\"https:\/\/www.3eco.com\/fr\/#\/schema\/logo\/image\/\"},\"sameAs\":[\"https:\/\/web.facebook.com\/3ESaferWorld\",\"https:\/\/x.com\/3E_Safer_World\",\"https:\/\/www.youtube.com\/@Channel3E\",\"https:\/\/www.instagram.com\/3e_safer_world\/\",\"https:\/\/www.facebook.com\/3ESaferWorld\"],\"email\":\"support@3eco.com\"}]}<\/script>\n<!-- \/ Yoast SEO Premium plugin. -->","yoast_head_json":{"title":"Int\u00e9gration SAP | 3E","description":"Exploitez toute la puissance de SAP EHS et de S\/4HANA for Product Compliance en l'enrichissant de contenu r\u00e9glementaire et d'automatisation 3E, pour une conformit\u00e9 r\u00e9glementaire et une prise de d\u00e9cision en temps r\u00e9el.","robots":{"index":"index","follow":"follow","max-snippet":"max-snippet:-1","max-image-preview":"max-image-preview:large","max-video-preview":"max-video-preview:-1"},"canonical":"https:\/\/www.3eco.com\/fr\/solutions-3e\/gestion-des-produits\/integration-sap\/","og_locale":"fr_FR","og_type":"article","og_title":"Int\u00e9gration SAP","og_description":"Exploitez toute la puissance de SAP EHS et de S\/4HANA for Product Compliance en l'enrichissant de contenu r\u00e9glementaire et d'automatisation 3E, pour une conformit\u00e9 r\u00e9glementaire et une prise de d\u00e9cision en temps r\u00e9el.","og_url":"https:\/\/www.3eco.com\/fr\/solutions-3e\/gestion-des-produits\/integration-sap\/","og_site_name":"3E","article_publisher":"https:\/\/web.facebook.com\/3ESaferWorld","article_modified_time":"2026-02-16T18:16:56+00:00","twitter_card":"summary_large_image","twitter_site":"@3E_Safer_World","twitter_misc":{"Est. reading time":"7 minutes"},"schema":{"@context":"https:\/\/schema.org","@graph":[{"@type":"WebPage","@id":"https:\/\/www.3eco.com\/fr\/solutions-3e\/gestion-des-produits\/integration-sap\/","url":"https:\/\/www.3eco.com\/fr\/solutions-3e\/gestion-des-produits\/integration-sap\/","name":"Int\u00e9gration SAP | 3E","isPartOf":{"@id":"https:\/\/www.3eco.com\/fr\/#website"},"datePublished":"2024-04-11T12:01:13+00:00","dateModified":"2026-02-16T18:16:56+00:00","description":"Exploitez toute la puissance de SAP EHS et de S\/4HANA for Product Compliance en l'enrichissant de contenu r\u00e9glementaire et d'automatisation 3E, pour une conformit\u00e9 r\u00e9glementaire et une prise de d\u00e9cision en temps r\u00e9el.","breadcrumb":{"@id":"https:\/\/www.3eco.com\/fr\/solutions-3e\/gestion-des-produits\/integration-sap\/#breadcrumb"},"inLanguage":"fr-FR","potentialAction":[{"@type":"ReadAction","target":["https:\/\/www.3eco.com\/fr\/solutions-3e\/gestion-des-produits\/integration-sap\/"]}]},{"@type":"BreadcrumbList","@id":"https:\/\/www.3eco.com\/fr\/solutions-3e\/gestion-des-produits\/integration-sap\/#breadcrumb","itemListElement":[{"@type":"ListItem","position":1,"name":"Home","item":"https:\/\/www.3eco.com\/fr\/homepage\/"},{"@type":"ListItem","position":2,"name":"Solutions 3E","item":"https:\/\/www.3eco.com\/fr\/solutions-3e\/"},{"@type":"ListItem","position":3,"name":"Gestion de la conformit\u00e9 des produits chimiques","item":"https:\/\/www.3eco.com\/fr\/solutions-3e\/gestion-des-produits\/"},{"@type":"ListItem","position":4,"name":"Int\u00e9gration SAP"}]},{"@type":"WebSite","@id":"https:\/\/www.3eco.com\/fr\/#website","url":"https:\/\/www.3eco.com\/fr\/","name":"3E","description":"","publisher":{"@id":"https:\/\/www.3eco.com\/fr\/#organization"},"alternateName":"3E","potentialAction":[{"@type":"SearchAction","target":{"@type":"EntryPoint","urlTemplate":"https:\/\/www.3eco.com\/fr\/?s={search_term_string}"},"query-input":{"@type":"PropertyValueSpecification","valueRequired":true,"valueName":"search_term_string"}}],"inLanguage":"fr-FR"},{"@type":"Organization","@id":"https:\/\/www.3eco.com\/fr\/#organization","name":"3E","url":"https:\/\/www.3eco.com\/fr\/","logo":{"@type":"ImageObject","inLanguage":"fr-FR","@id":"https:\/\/www.3eco.com\/fr\/#\/schema\/logo\/image\/","url":"https:\/\/www.3eco.com\/wp-content\/uploads\/2024\/05\/3e-logo.svg","contentUrl":"https:\/\/www.3eco.com\/wp-content\/uploads\/2024\/05\/3e-logo.svg","width":82,"height":29,"caption":"3E"},"image":{"@id":"https:\/\/www.3eco.com\/fr\/#\/schema\/logo\/image\/"},"sameAs":["https:\/\/web.facebook.com\/3ESaferWorld","https:\/\/x.com\/3E_Safer_World","https:\/\/www.youtube.com\/@Channel3E","https:\/\/www.instagram.com\/3e_safer_world\/","https:\/\/www.facebook.com\/3ESaferWorld"],"email":"support@3eco.com"}]}},"_links":{"self":[{"href":"https:\/\/www.3eco.com\/fr\/wp-json\/wp\/v2\/pages\/21067","targetHints":{"allow":["GET"]}}],"collection":[{"href":"https:\/\/www.3eco.com\/fr\/wp-json\/wp\/v2\/pages"}],"about":[{"href":"https:\/\/www.3eco.com\/fr\/wp-json\/wp\/v2\/types\/page"}],"author":[{"embeddable":true,"href":"https:\/\/www.3eco.com\/fr\/wp-json\/wp\/v2\/users\/18"}],"replies":[{"embeddable":true,"href":"https:\/\/www.3eco.com\/fr\/wp-json\/wp\/v2\/comments?post=21067"}],"version-history":[{"count":3,"href":"https:\/\/www.3eco.com\/fr\/wp-json\/wp\/v2\/pages\/21067\/revisions"}],"predecessor-version":[{"id":37525,"href":"https:\/\/www.3eco.com\/fr\/wp-json\/wp\/v2\/pages\/21067\/revisions\/37525"}],"up":[{"embeddable":true,"href":"https:\/\/www.3eco.com\/fr\/wp-json\/wp\/v2\/pages\/21123"}],"wp:attachment":[{"href":"https:\/\/www.3eco.com\/fr\/wp-json\/wp\/v2\/media?parent=21067"}],"wp:term":[{"taxonomy":"capability","embeddable":true,"href":"https:\/\/www.3eco.com\/fr\/wp-json\/wp\/v2\/capability?post=21067"},{"taxonomy":"content-type","embeddable":true,"href":"https:\/\/www.3eco.com\/fr\/wp-json\/wp\/v2\/content-type?post=21067"},{"taxonomy":"industry","embeddable":true,"href":"https:\/\/www.3eco.com\/fr\/wp-json\/wp\/v2\/industry?post=21067"},{"taxonomy":"product-and-service","embeddable":true,"href":"https:\/\/www.3eco.com\/fr\/wp-json\/wp\/v2\/product-and-service?post=21067"},{"taxonomy":"region","embeddable":true,"href":"https:\/\/www.3eco.com\/fr\/wp-json\/wp\/v2\/region?post=21067"},{"taxonomy":"service-type","embeddable":true,"href":"https:\/\/www.3eco.com\/fr\/wp-json\/wp\/v2\/service-type?post=21067"},{"taxonomy":"solution","embeddable":true,"href":"https:\/\/www.3eco.com\/fr\/wp-json\/wp\/v2\/solution?post=21067"},{"taxonomy":"topic","embeddable":true,"href":"https:\/\/www.3eco.com\/fr\/wp-json\/wp\/v2\/topic?post=21067"}],"curies":[{"name":"wp","href":"https:\/\/api.w.org\/{rel}","templated":true}]}}