{"id":21118,"date":"2024-04-11T03:40:28","date_gmt":"2024-04-11T07:40:28","guid":{"rendered":"https:\/\/staging.3eco.com\/solutions-3e\/couverture-reglementaire-mondiale\/notifications-au-poison-centre\/"},"modified":"2024-07-18T18:47:17","modified_gmt":"2024-07-18T22:47:17","slug":"notifications-au-poison-centre","status":"publish","type":"page","link":"https:\/\/www.3eco.com\/fr\/solutions-3e\/couverture-reglementaire-mondiale\/notifications-au-poison-centre\/","title":{"rendered":"Notifications au Poison Centre"},"content":{"rendered":"","protected":false},"excerpt":{"rendered":"","protected":false},"author":18,"featured_media":0,"parent":20632,"menu_order":0,"comment_status":"closed","ping_status":"closed","template":"page-solution.php","meta":{"_acf_changed":false,"inline_featured_image":false,"_3eco_schema_page_type":"","footnotes":""},"capability":[99],"content-type":[95],"industry":[28,26,27,31,33,34,36,35],"product-and-service":[38,40,41,42],"region":[],"service-type":[],"solution":[63],"topic":[],"class_list":["post-21118","page","type-page","status-publish","hentry","capability-chemical-inventory-management","content-type-capability","industry-consumer-packaged-goods","industry-chemicals","industry-construction","industry-manufacturing","industry-pharma","industry-plastics","industry-transportation","industry-retail","product-and-service-3e-erc","product-and-service-3e-generate","product-and-service-3e-insight","product-and-service-3e-news","solution-horizon-scanning"],"acf":[],"yoast_head":"<!-- This site is optimized with the Yoast SEO Premium plugin v26.8 (Yoast SEO v27.1.1) - https:\/\/yoast.com\/product\/yoast-seo-premium-wordpress\/ -->\n<title>Notifications au Poison Centre | 3E<\/title>\n<meta name=\"description\" content=\"Il est imp\u00e9ratif de respecter les notifications des Poison Centres dans l&#039;UE afin que les centres puissent g\u00e9rer efficacement les situations d&#039;urgence impliquant une exposition \u00e0 l&#039;un de vos produits.\" \/>\n<meta name=\"robots\" content=\"index, follow, max-snippet:-1, max-image-preview:large, max-video-preview:-1\" \/>\n<link rel=\"canonical\" href=\"https:\/\/www.3eco.com\/fr\/solutions-3e\/couverture-reglementaire-mondiale\/notifications-au-poison-centre\/\" \/>\n<meta property=\"og:locale\" content=\"fr_FR\" \/>\n<meta property=\"og:type\" content=\"article\" \/>\n<meta property=\"og:title\" content=\"Notifications au Poison Centre\" \/>\n<meta property=\"og:description\" content=\"Il est imp\u00e9ratif de respecter les notifications des Poison Centres dans l&#039;UE afin que les centres puissent g\u00e9rer efficacement les situations d&#039;urgence impliquant une exposition \u00e0 l&#039;un de vos produits.\" \/>\n<meta property=\"og:url\" content=\"https:\/\/www.3eco.com\/fr\/solutions-3e\/couverture-reglementaire-mondiale\/notifications-au-poison-centre\/\" \/>\n<meta property=\"og:site_name\" content=\"3E\" \/>\n<meta property=\"article:publisher\" content=\"https:\/\/web.facebook.com\/3ESaferWorld\" \/>\n<meta property=\"article:modified_time\" content=\"2024-07-18T22:47:17+00:00\" \/>\n<meta name=\"twitter:card\" content=\"summary_large_image\" \/>\n<meta name=\"twitter:site\" content=\"@3E_Safer_World\" \/>\n<meta name=\"twitter:label1\" content=\"Est. reading time\" \/>\n\t<meta name=\"twitter:data1\" content=\"6 minutes\" \/>\n<script type=\"application\/ld+json\" class=\"yoast-schema-graph\">{\"@context\":\"https:\/\/schema.org\",\"@graph\":[{\"@type\":\"WebPage\",\"@id\":\"https:\/\/www.3eco.com\/fr\/solutions-3e\/couverture-reglementaire-mondiale\/notifications-au-poison-centre\/\",\"url\":\"https:\/\/www.3eco.com\/fr\/solutions-3e\/couverture-reglementaire-mondiale\/notifications-au-poison-centre\/\",\"name\":\"Notifications au Poison Centre | 3E\",\"isPartOf\":{\"@id\":\"https:\/\/www.3eco.com\/fr\/#website\"},\"datePublished\":\"2024-04-11T07:40:28+00:00\",\"dateModified\":\"2024-07-18T22:47:17+00:00\",\"description\":\"Il est imp\u00e9ratif de respecter les notifications des Poison Centres dans l'UE afin que les centres puissent g\u00e9rer efficacement les situations d'urgence impliquant une exposition \u00e0 l'un de vos produits.\",\"breadcrumb\":{\"@id\":\"https:\/\/www.3eco.com\/fr\/solutions-3e\/couverture-reglementaire-mondiale\/notifications-au-poison-centre\/#breadcrumb\"},\"inLanguage\":\"fr-FR\",\"potentialAction\":[{\"@type\":\"ReadAction\",\"target\":[\"https:\/\/www.3eco.com\/fr\/solutions-3e\/couverture-reglementaire-mondiale\/notifications-au-poison-centre\/\"]}]},{\"@type\":\"BreadcrumbList\",\"@id\":\"https:\/\/www.3eco.com\/fr\/solutions-3e\/couverture-reglementaire-mondiale\/notifications-au-poison-centre\/#breadcrumb\",\"itemListElement\":[{\"@type\":\"ListItem\",\"position\":1,\"name\":\"Home\",\"item\":\"https:\/\/www.3eco.com\/fr\/\"},{\"@type\":\"ListItem\",\"position\":2,\"name\":\"Solutions 3E\",\"item\":\"https:\/\/www.3eco.com\/fr\/solutions-3e\/\"},{\"@type\":\"ListItem\",\"position\":3,\"name\":\"Couverture r\u00e9glementaire mondiale\",\"item\":\"https:\/\/www.3eco.com\/fr\/solutions-3e\/couverture-reglementaire-mondiale\/\"},{\"@type\":\"ListItem\",\"position\":4,\"name\":\"Notifications au Poison Centre\"}]},{\"@type\":\"WebSite\",\"@id\":\"https:\/\/www.3eco.com\/fr\/#website\",\"url\":\"https:\/\/www.3eco.com\/fr\/\",\"name\":\"3E\",\"description\":\"\",\"publisher\":{\"@id\":\"https:\/\/www.3eco.com\/fr\/#organization\"},\"alternateName\":\"3E\",\"potentialAction\":[{\"@type\":\"SearchAction\",\"target\":{\"@type\":\"EntryPoint\",\"urlTemplate\":\"https:\/\/www.3eco.com\/fr\/?s={search_term_string}\"},\"query-input\":{\"@type\":\"PropertyValueSpecification\",\"valueRequired\":true,\"valueName\":\"search_term_string\"}}],\"inLanguage\":\"fr-FR\"},{\"@type\":\"Organization\",\"@id\":\"https:\/\/www.3eco.com\/fr\/#organization\",\"name\":\"3E\",\"url\":\"https:\/\/www.3eco.com\/fr\/\",\"logo\":{\"@type\":\"ImageObject\",\"inLanguage\":\"fr-FR\",\"@id\":\"https:\/\/www.3eco.com\/fr\/#\/schema\/logo\/image\/\",\"url\":\"https:\/\/www.3eco.com\/wp-content\/uploads\/2024\/05\/3e-logo.svg\",\"contentUrl\":\"https:\/\/www.3eco.com\/wp-content\/uploads\/2024\/05\/3e-logo.svg\",\"width\":82,\"height\":29,\"caption\":\"3E\"},\"image\":{\"@id\":\"https:\/\/www.3eco.com\/fr\/#\/schema\/logo\/image\/\"},\"sameAs\":[\"https:\/\/web.facebook.com\/3ESaferWorld\",\"https:\/\/x.com\/3E_Safer_World\",\"https:\/\/www.youtube.com\/@Channel3E\",\"https:\/\/www.instagram.com\/3e_safer_world\/\",\"https:\/\/www.facebook.com\/3ESaferWorld\"],\"email\":\"support@3eco.com\"}]}<\/script>\n<!-- \/ Yoast SEO Premium plugin. -->","yoast_head_json":{"title":"Notifications au Poison Centre | 3E","description":"Il est imp\u00e9ratif de respecter les notifications des Poison Centres dans l'UE afin que les centres puissent g\u00e9rer efficacement les situations d'urgence impliquant une exposition \u00e0 l'un de vos produits.","robots":{"index":"index","follow":"follow","max-snippet":"max-snippet:-1","max-image-preview":"max-image-preview:large","max-video-preview":"max-video-preview:-1"},"canonical":"https:\/\/www.3eco.com\/fr\/solutions-3e\/couverture-reglementaire-mondiale\/notifications-au-poison-centre\/","og_locale":"fr_FR","og_type":"article","og_title":"Notifications au Poison Centre","og_description":"Il est imp\u00e9ratif de respecter les notifications des Poison Centres dans l'UE afin que les centres puissent g\u00e9rer efficacement les situations d'urgence impliquant une exposition \u00e0 l'un de vos produits.","og_url":"https:\/\/www.3eco.com\/fr\/solutions-3e\/couverture-reglementaire-mondiale\/notifications-au-poison-centre\/","og_site_name":"3E","article_publisher":"https:\/\/web.facebook.com\/3ESaferWorld","article_modified_time":"2024-07-18T22:47:17+00:00","twitter_card":"summary_large_image","twitter_site":"@3E_Safer_World","twitter_misc":{"Est. reading time":"6 minutes"},"schema":{"@context":"https:\/\/schema.org","@graph":[{"@type":"WebPage","@id":"https:\/\/www.3eco.com\/fr\/solutions-3e\/couverture-reglementaire-mondiale\/notifications-au-poison-centre\/","url":"https:\/\/www.3eco.com\/fr\/solutions-3e\/couverture-reglementaire-mondiale\/notifications-au-poison-centre\/","name":"Notifications au Poison Centre | 3E","isPartOf":{"@id":"https:\/\/www.3eco.com\/fr\/#website"},"datePublished":"2024-04-11T07:40:28+00:00","dateModified":"2024-07-18T22:47:17+00:00","description":"Il est imp\u00e9ratif de respecter les notifications des Poison Centres dans l'UE afin que les centres puissent g\u00e9rer efficacement les situations d'urgence impliquant une exposition \u00e0 l'un de vos produits.","breadcrumb":{"@id":"https:\/\/www.3eco.com\/fr\/solutions-3e\/couverture-reglementaire-mondiale\/notifications-au-poison-centre\/#breadcrumb"},"inLanguage":"fr-FR","potentialAction":[{"@type":"ReadAction","target":["https:\/\/www.3eco.com\/fr\/solutions-3e\/couverture-reglementaire-mondiale\/notifications-au-poison-centre\/"]}]},{"@type":"BreadcrumbList","@id":"https:\/\/www.3eco.com\/fr\/solutions-3e\/couverture-reglementaire-mondiale\/notifications-au-poison-centre\/#breadcrumb","itemListElement":[{"@type":"ListItem","position":1,"name":"Home","item":"https:\/\/www.3eco.com\/fr\/"},{"@type":"ListItem","position":2,"name":"Solutions 3E","item":"https:\/\/www.3eco.com\/fr\/solutions-3e\/"},{"@type":"ListItem","position":3,"name":"Couverture r\u00e9glementaire mondiale","item":"https:\/\/www.3eco.com\/fr\/solutions-3e\/couverture-reglementaire-mondiale\/"},{"@type":"ListItem","position":4,"name":"Notifications au Poison Centre"}]},{"@type":"WebSite","@id":"https:\/\/www.3eco.com\/fr\/#website","url":"https:\/\/www.3eco.com\/fr\/","name":"3E","description":"","publisher":{"@id":"https:\/\/www.3eco.com\/fr\/#organization"},"alternateName":"3E","potentialAction":[{"@type":"SearchAction","target":{"@type":"EntryPoint","urlTemplate":"https:\/\/www.3eco.com\/fr\/?s={search_term_string}"},"query-input":{"@type":"PropertyValueSpecification","valueRequired":true,"valueName":"search_term_string"}}],"inLanguage":"fr-FR"},{"@type":"Organization","@id":"https:\/\/www.3eco.com\/fr\/#organization","name":"3E","url":"https:\/\/www.3eco.com\/fr\/","logo":{"@type":"ImageObject","inLanguage":"fr-FR","@id":"https:\/\/www.3eco.com\/fr\/#\/schema\/logo\/image\/","url":"https:\/\/www.3eco.com\/wp-content\/uploads\/2024\/05\/3e-logo.svg","contentUrl":"https:\/\/www.3eco.com\/wp-content\/uploads\/2024\/05\/3e-logo.svg","width":82,"height":29,"caption":"3E"},"image":{"@id":"https:\/\/www.3eco.com\/fr\/#\/schema\/logo\/image\/"},"sameAs":["https:\/\/web.facebook.com\/3ESaferWorld","https:\/\/x.com\/3E_Safer_World","https:\/\/www.youtube.com\/@Channel3E","https:\/\/www.instagram.com\/3e_safer_world\/","https:\/\/www.facebook.com\/3ESaferWorld"],"email":"support@3eco.com"}]}},"_links":{"self":[{"href":"https:\/\/www.3eco.com\/fr\/wp-json\/wp\/v2\/pages\/21118","targetHints":{"allow":["GET"]}}],"collection":[{"href":"https:\/\/www.3eco.com\/fr\/wp-json\/wp\/v2\/pages"}],"about":[{"href":"https:\/\/www.3eco.com\/fr\/wp-json\/wp\/v2\/types\/page"}],"author":[{"embeddable":true,"href":"https:\/\/www.3eco.com\/fr\/wp-json\/wp\/v2\/users\/18"}],"replies":[{"embeddable":true,"href":"https:\/\/www.3eco.com\/fr\/wp-json\/wp\/v2\/comments?post=21118"}],"version-history":[{"count":1,"href":"https:\/\/www.3eco.com\/fr\/wp-json\/wp\/v2\/pages\/21118\/revisions"}],"predecessor-version":[{"id":22090,"href":"https:\/\/www.3eco.com\/fr\/wp-json\/wp\/v2\/pages\/21118\/revisions\/22090"}],"up":[{"embeddable":true,"href":"https:\/\/www.3eco.com\/fr\/wp-json\/wp\/v2\/pages\/20632"}],"wp:attachment":[{"href":"https:\/\/www.3eco.com\/fr\/wp-json\/wp\/v2\/media?parent=21118"}],"wp:term":[{"taxonomy":"capability","embeddable":true,"href":"https:\/\/www.3eco.com\/fr\/wp-json\/wp\/v2\/capability?post=21118"},{"taxonomy":"content-type","embeddable":true,"href":"https:\/\/www.3eco.com\/fr\/wp-json\/wp\/v2\/content-type?post=21118"},{"taxonomy":"industry","embeddable":true,"href":"https:\/\/www.3eco.com\/fr\/wp-json\/wp\/v2\/industry?post=21118"},{"taxonomy":"product-and-service","embeddable":true,"href":"https:\/\/www.3eco.com\/fr\/wp-json\/wp\/v2\/product-and-service?post=21118"},{"taxonomy":"region","embeddable":true,"href":"https:\/\/www.3eco.com\/fr\/wp-json\/wp\/v2\/region?post=21118"},{"taxonomy":"service-type","embeddable":true,"href":"https:\/\/www.3eco.com\/fr\/wp-json\/wp\/v2\/service-type?post=21118"},{"taxonomy":"solution","embeddable":true,"href":"https:\/\/www.3eco.com\/fr\/wp-json\/wp\/v2\/solution?post=21118"},{"taxonomy":"topic","embeddable":true,"href":"https:\/\/www.3eco.com\/fr\/wp-json\/wp\/v2\/topic?post=21118"}],"curies":[{"name":"wp","href":"https:\/\/api.w.org\/{rel}","templated":true}]}}