{"id":21203,"date":"2024-04-10T13:49:05","date_gmt":"2024-04-10T17:49:05","guid":{"rendered":"https:\/\/staging.3eco.com\/solutions-3e\/gestion-des-produits\/contenu-reglementaire-integre\/"},"modified":"2024-07-18T18:54:35","modified_gmt":"2024-07-18T22:54:35","slug":"contenu-reglementaire-integre","status":"publish","type":"page","link":"https:\/\/www.3eco.com\/fr\/solutions-3e\/gestion-des-produits\/contenu-reglementaire-integre\/","title":{"rendered":"Contenu r\u00e9glementaire int\u00e9gr\u00e9"},"content":{"rendered":"","protected":false},"excerpt":{"rendered":"","protected":false},"author":11,"featured_media":0,"parent":21123,"menu_order":0,"comment_status":"closed","ping_status":"closed","template":"page-solution.php","meta":{"_acf_changed":false,"inline_featured_image":false,"_3eco_schema_page_type":"","footnotes":""},"capability":[16,23,18,22,21,22],"content-type":[194],"industry":[28,26,27,127,31,117,33,34,118,36,35],"product-and-service":[38,40,41,42,44],"region":[],"service-type":[],"solution":[63,114,64,75,105],"topic":[],"class_list":{"0":"post-21203","1":"page","2":"type-page","3":"status-publish","4":"hentry","5":"capability-global-regulatory-news","6":"capability-sds-indexation","7":"capability-partner-integration","8":"capability-sds-data-obtainment","9":"capability-sap-integration","11":"content-type-child-solution","12":"industry-consumer-packaged-goods","13":"industry-chemicals","14":"industry-construction","15":"industry-energy-utilities","16":"industry-manufacturing","17":"industry-oil-gas","18":"industry-pharma","19":"industry-plastics","20":"industry-healthcare-hospitals","21":"industry-transportation","22":"industry-retail","23":"product-and-service-3e-erc","24":"product-and-service-3e-generate","25":"product-and-service-3e-insight","26":"product-and-service-3e-news","27":"product-and-service-3e-regulatory-content-api","28":"solution-horizon-scanning","29":"solution-marketability-commercial-decision-support","30":"solution-integrated-regulatory-content","31":"solution-sds-authoring","32":"solution-product-stewardship"},"acf":[],"yoast_head":"<!-- This site is optimized with the Yoast SEO Premium plugin v26.8 (Yoast SEO v27.1.1) - https:\/\/yoast.com\/product\/yoast-seo-premium-wordpress\/ -->\n<title>Contenu r\u00e9glementaire int\u00e9gr\u00e9 | 3E<\/title>\n<meta name=\"robots\" content=\"index, follow, max-snippet:-1, max-image-preview:large, max-video-preview:-1\" \/>\n<link rel=\"canonical\" href=\"https:\/\/www.3eco.com\/fr\/solutions-3e\/gestion-des-produits\/contenu-reglementaire-integre\/\" \/>\n<meta property=\"og:locale\" content=\"fr_FR\" \/>\n<meta property=\"og:type\" content=\"article\" \/>\n<meta property=\"og:title\" content=\"Contenu r\u00e9glementaire int\u00e9gr\u00e9\" \/>\n<meta property=\"og:url\" content=\"https:\/\/www.3eco.com\/fr\/solutions-3e\/gestion-des-produits\/contenu-reglementaire-integre\/\" \/>\n<meta property=\"og:site_name\" content=\"3E\" \/>\n<meta property=\"article:publisher\" content=\"https:\/\/web.facebook.com\/3ESaferWorld\" \/>\n<meta property=\"article:modified_time\" content=\"2024-07-18T22:54:35+00:00\" \/>\n<meta name=\"twitter:card\" content=\"summary_large_image\" \/>\n<meta name=\"twitter:site\" content=\"@3E_Safer_World\" \/>\n<meta name=\"twitter:label1\" content=\"Est. reading time\" \/>\n\t<meta name=\"twitter:data1\" content=\"6 minutes\" \/>\n<script type=\"application\/ld+json\" class=\"yoast-schema-graph\">{\"@context\":\"https:\/\/schema.org\",\"@graph\":[{\"@type\":\"WebPage\",\"@id\":\"https:\/\/www.3eco.com\/fr\/solutions-3e\/gestion-des-produits\/contenu-reglementaire-integre\/\",\"url\":\"https:\/\/www.3eco.com\/fr\/solutions-3e\/gestion-des-produits\/contenu-reglementaire-integre\/\",\"name\":\"Contenu r\u00e9glementaire int\u00e9gr\u00e9 | 3E\",\"isPartOf\":{\"@id\":\"https:\/\/www.3eco.com\/fr\/#website\"},\"datePublished\":\"2024-04-10T17:49:05+00:00\",\"dateModified\":\"2024-07-18T22:54:35+00:00\",\"breadcrumb\":{\"@id\":\"https:\/\/www.3eco.com\/fr\/solutions-3e\/gestion-des-produits\/contenu-reglementaire-integre\/#breadcrumb\"},\"inLanguage\":\"fr-FR\",\"potentialAction\":[{\"@type\":\"ReadAction\",\"target\":[\"https:\/\/www.3eco.com\/fr\/solutions-3e\/gestion-des-produits\/contenu-reglementaire-integre\/\"]}]},{\"@type\":\"BreadcrumbList\",\"@id\":\"https:\/\/www.3eco.com\/fr\/solutions-3e\/gestion-des-produits\/contenu-reglementaire-integre\/#breadcrumb\",\"itemListElement\":[{\"@type\":\"ListItem\",\"position\":1,\"name\":\"Home\",\"item\":\"https:\/\/www.3eco.com\/fr\/\"},{\"@type\":\"ListItem\",\"position\":2,\"name\":\"Solutions 3E\",\"item\":\"https:\/\/www.3eco.com\/fr\/solutions-3e\/\"},{\"@type\":\"ListItem\",\"position\":3,\"name\":\"Gestion de la conformit\u00e9 des produits chimiques\",\"item\":\"https:\/\/www.3eco.com\/fr\/solutions-3e\/gestion-des-produits\/\"},{\"@type\":\"ListItem\",\"position\":4,\"name\":\"Contenu r\u00e9glementaire int\u00e9gr\u00e9\"}]},{\"@type\":\"WebSite\",\"@id\":\"https:\/\/www.3eco.com\/fr\/#website\",\"url\":\"https:\/\/www.3eco.com\/fr\/\",\"name\":\"3E\",\"description\":\"\",\"publisher\":{\"@id\":\"https:\/\/www.3eco.com\/fr\/#organization\"},\"alternateName\":\"3E\",\"potentialAction\":[{\"@type\":\"SearchAction\",\"target\":{\"@type\":\"EntryPoint\",\"urlTemplate\":\"https:\/\/www.3eco.com\/fr\/?s={search_term_string}\"},\"query-input\":{\"@type\":\"PropertyValueSpecification\",\"valueRequired\":true,\"valueName\":\"search_term_string\"}}],\"inLanguage\":\"fr-FR\"},{\"@type\":\"Organization\",\"@id\":\"https:\/\/www.3eco.com\/fr\/#organization\",\"name\":\"3E\",\"url\":\"https:\/\/www.3eco.com\/fr\/\",\"logo\":{\"@type\":\"ImageObject\",\"inLanguage\":\"fr-FR\",\"@id\":\"https:\/\/www.3eco.com\/fr\/#\/schema\/logo\/image\/\",\"url\":\"https:\/\/www.3eco.com\/wp-content\/uploads\/2024\/05\/3e-logo.svg\",\"contentUrl\":\"https:\/\/www.3eco.com\/wp-content\/uploads\/2024\/05\/3e-logo.svg\",\"width\":82,\"height\":29,\"caption\":\"3E\"},\"image\":{\"@id\":\"https:\/\/www.3eco.com\/fr\/#\/schema\/logo\/image\/\"},\"sameAs\":[\"https:\/\/web.facebook.com\/3ESaferWorld\",\"https:\/\/x.com\/3E_Safer_World\",\"https:\/\/www.youtube.com\/@Channel3E\",\"https:\/\/www.instagram.com\/3e_safer_world\/\",\"https:\/\/www.facebook.com\/3ESaferWorld\"],\"email\":\"support@3eco.com\"}]}<\/script>\n<!-- \/ Yoast SEO Premium plugin. -->","yoast_head_json":{"title":"Contenu r\u00e9glementaire int\u00e9gr\u00e9 | 3E","robots":{"index":"index","follow":"follow","max-snippet":"max-snippet:-1","max-image-preview":"max-image-preview:large","max-video-preview":"max-video-preview:-1"},"canonical":"https:\/\/www.3eco.com\/fr\/solutions-3e\/gestion-des-produits\/contenu-reglementaire-integre\/","og_locale":"fr_FR","og_type":"article","og_title":"Contenu r\u00e9glementaire int\u00e9gr\u00e9","og_url":"https:\/\/www.3eco.com\/fr\/solutions-3e\/gestion-des-produits\/contenu-reglementaire-integre\/","og_site_name":"3E","article_publisher":"https:\/\/web.facebook.com\/3ESaferWorld","article_modified_time":"2024-07-18T22:54:35+00:00","twitter_card":"summary_large_image","twitter_site":"@3E_Safer_World","twitter_misc":{"Est. reading time":"6 minutes"},"schema":{"@context":"https:\/\/schema.org","@graph":[{"@type":"WebPage","@id":"https:\/\/www.3eco.com\/fr\/solutions-3e\/gestion-des-produits\/contenu-reglementaire-integre\/","url":"https:\/\/www.3eco.com\/fr\/solutions-3e\/gestion-des-produits\/contenu-reglementaire-integre\/","name":"Contenu r\u00e9glementaire int\u00e9gr\u00e9 | 3E","isPartOf":{"@id":"https:\/\/www.3eco.com\/fr\/#website"},"datePublished":"2024-04-10T17:49:05+00:00","dateModified":"2024-07-18T22:54:35+00:00","breadcrumb":{"@id":"https:\/\/www.3eco.com\/fr\/solutions-3e\/gestion-des-produits\/contenu-reglementaire-integre\/#breadcrumb"},"inLanguage":"fr-FR","potentialAction":[{"@type":"ReadAction","target":["https:\/\/www.3eco.com\/fr\/solutions-3e\/gestion-des-produits\/contenu-reglementaire-integre\/"]}]},{"@type":"BreadcrumbList","@id":"https:\/\/www.3eco.com\/fr\/solutions-3e\/gestion-des-produits\/contenu-reglementaire-integre\/#breadcrumb","itemListElement":[{"@type":"ListItem","position":1,"name":"Home","item":"https:\/\/www.3eco.com\/fr\/"},{"@type":"ListItem","position":2,"name":"Solutions 3E","item":"https:\/\/www.3eco.com\/fr\/solutions-3e\/"},{"@type":"ListItem","position":3,"name":"Gestion de la conformit\u00e9 des produits chimiques","item":"https:\/\/www.3eco.com\/fr\/solutions-3e\/gestion-des-produits\/"},{"@type":"ListItem","position":4,"name":"Contenu r\u00e9glementaire int\u00e9gr\u00e9"}]},{"@type":"WebSite","@id":"https:\/\/www.3eco.com\/fr\/#website","url":"https:\/\/www.3eco.com\/fr\/","name":"3E","description":"","publisher":{"@id":"https:\/\/www.3eco.com\/fr\/#organization"},"alternateName":"3E","potentialAction":[{"@type":"SearchAction","target":{"@type":"EntryPoint","urlTemplate":"https:\/\/www.3eco.com\/fr\/?s={search_term_string}"},"query-input":{"@type":"PropertyValueSpecification","valueRequired":true,"valueName":"search_term_string"}}],"inLanguage":"fr-FR"},{"@type":"Organization","@id":"https:\/\/www.3eco.com\/fr\/#organization","name":"3E","url":"https:\/\/www.3eco.com\/fr\/","logo":{"@type":"ImageObject","inLanguage":"fr-FR","@id":"https:\/\/www.3eco.com\/fr\/#\/schema\/logo\/image\/","url":"https:\/\/www.3eco.com\/wp-content\/uploads\/2024\/05\/3e-logo.svg","contentUrl":"https:\/\/www.3eco.com\/wp-content\/uploads\/2024\/05\/3e-logo.svg","width":82,"height":29,"caption":"3E"},"image":{"@id":"https:\/\/www.3eco.com\/fr\/#\/schema\/logo\/image\/"},"sameAs":["https:\/\/web.facebook.com\/3ESaferWorld","https:\/\/x.com\/3E_Safer_World","https:\/\/www.youtube.com\/@Channel3E","https:\/\/www.instagram.com\/3e_safer_world\/","https:\/\/www.facebook.com\/3ESaferWorld"],"email":"support@3eco.com"}]}},"_links":{"self":[{"href":"https:\/\/www.3eco.com\/fr\/wp-json\/wp\/v2\/pages\/21203","targetHints":{"allow":["GET"]}}],"collection":[{"href":"https:\/\/www.3eco.com\/fr\/wp-json\/wp\/v2\/pages"}],"about":[{"href":"https:\/\/www.3eco.com\/fr\/wp-json\/wp\/v2\/types\/page"}],"author":[{"embeddable":true,"href":"https:\/\/www.3eco.com\/fr\/wp-json\/wp\/v2\/users\/11"}],"replies":[{"embeddable":true,"href":"https:\/\/www.3eco.com\/fr\/wp-json\/wp\/v2\/comments?post=21203"}],"version-history":[{"count":1,"href":"https:\/\/www.3eco.com\/fr\/wp-json\/wp\/v2\/pages\/21203\/revisions"}],"predecessor-version":[{"id":22094,"href":"https:\/\/www.3eco.com\/fr\/wp-json\/wp\/v2\/pages\/21203\/revisions\/22094"}],"up":[{"embeddable":true,"href":"https:\/\/www.3eco.com\/fr\/wp-json\/wp\/v2\/pages\/21123"}],"wp:attachment":[{"href":"https:\/\/www.3eco.com\/fr\/wp-json\/wp\/v2\/media?parent=21203"}],"wp:term":[{"taxonomy":"capability","embeddable":true,"href":"https:\/\/www.3eco.com\/fr\/wp-json\/wp\/v2\/capability?post=21203"},{"taxonomy":"content-type","embeddable":true,"href":"https:\/\/www.3eco.com\/fr\/wp-json\/wp\/v2\/content-type?post=21203"},{"taxonomy":"industry","embeddable":true,"href":"https:\/\/www.3eco.com\/fr\/wp-json\/wp\/v2\/industry?post=21203"},{"taxonomy":"product-and-service","embeddable":true,"href":"https:\/\/www.3eco.com\/fr\/wp-json\/wp\/v2\/product-and-service?post=21203"},{"taxonomy":"region","embeddable":true,"href":"https:\/\/www.3eco.com\/fr\/wp-json\/wp\/v2\/region?post=21203"},{"taxonomy":"service-type","embeddable":true,"href":"https:\/\/www.3eco.com\/fr\/wp-json\/wp\/v2\/service-type?post=21203"},{"taxonomy":"solution","embeddable":true,"href":"https:\/\/www.3eco.com\/fr\/wp-json\/wp\/v2\/solution?post=21203"},{"taxonomy":"topic","embeddable":true,"href":"https:\/\/www.3eco.com\/fr\/wp-json\/wp\/v2\/topic?post=21203"}],"curies":[{"name":"wp","href":"https:\/\/api.w.org\/{rel}","templated":true}]}}