{"id":22656,"date":"2025-02-12T17:10:04","date_gmt":"2025-02-12T21:10:04","guid":{"rendered":"https:\/\/www.3eco.com\/?page_id=22656"},"modified":"2025-02-12T17:10:07","modified_gmt":"2025-02-12T21:10:07","slug":"3e-contenu-reglementaire-2","status":"publish","type":"page","link":"https:\/\/www.3eco.com\/fr\/solutions-3e\/gestion-des-produits\/3e-contenu-reglementaire-2\/","title":{"rendered":"3E Contenu r\u00e9glementaire"},"content":{"rendered":"","protected":false},"excerpt":{"rendered":"","protected":false},"author":11,"featured_media":0,"parent":21123,"menu_order":0,"comment_status":"closed","ping_status":"closed","template":"page-solution.php","meta":{"_acf_changed":false,"inline_featured_image":false,"_3eco_schema_page_type":"","footnotes":""},"capability":[18,21,20],"content-type":[96],"industry":[28,26,27,31,33,34,36,35],"product-and-service":[],"region":[],"service-type":[],"solution":[63,114,68,64,75,105,67,69],"topic":[],"class_list":["post-22656","page","type-page","status-publish","hentry","capability-partner-integration","capability-sap-integration","capability-product-ingredient-screening","content-type-product","industry-consumer-packaged-goods","industry-chemicals","industry-construction","industry-manufacturing","industry-pharma","industry-plastics","industry-transportation","industry-retail","solution-horizon-scanning","solution-marketability-commercial-decision-support","solution-product-compliance","solution-integrated-regulatory-content","solution-sds-authoring","solution-product-stewardship","solution-pfas-risk-management","solution-product-transparency"],"acf":[],"yoast_head":"<!-- This site is optimized with the Yoast SEO Premium plugin v26.8 (Yoast SEO v27.1.1) - https:\/\/yoast.com\/product\/yoast-seo-premium-wordpress\/ -->\n<title>3E Contenu r\u00e9glementaire | 3E<\/title>\n<meta name=\"description\" content=\"Rationalisez la mise en conformit\u00e9 et acc\u00e9dez de mani\u00e8re transparente au contenu r\u00e9glementaire : liste des donn\u00e9es sur les substances, phrases multilingues et contenu sur les marchandises dangereuses.\" \/>\n<meta name=\"robots\" content=\"index, follow, max-snippet:-1, max-image-preview:large, max-video-preview:-1\" \/>\n<link rel=\"canonical\" href=\"https:\/\/www.3eco.com\/fr\/solutions-3e\/gestion-des-produits\/3e-contenu-reglementaire-2\/\" \/>\n<meta property=\"og:locale\" content=\"fr_FR\" \/>\n<meta property=\"og:type\" content=\"article\" \/>\n<meta property=\"og:title\" content=\"3E Contenu r\u00e9glementaire\" \/>\n<meta property=\"og:description\" content=\"Rationalisez la mise en conformit\u00e9 et acc\u00e9dez de mani\u00e8re transparente au contenu r\u00e9glementaire : liste des donn\u00e9es sur les substances, phrases multilingues et contenu sur les marchandises dangereuses.\" \/>\n<meta property=\"og:url\" content=\"https:\/\/www.3eco.com\/fr\/solutions-3e\/gestion-des-produits\/3e-contenu-reglementaire-2\/\" \/>\n<meta property=\"og:site_name\" content=\"3E\" \/>\n<meta property=\"article:publisher\" content=\"https:\/\/web.facebook.com\/3ESaferWorld\" \/>\n<meta property=\"article:modified_time\" content=\"2025-02-12T21:10:07+00:00\" \/>\n<meta name=\"twitter:card\" content=\"summary_large_image\" \/>\n<meta name=\"twitter:site\" content=\"@3E_Safer_World\" \/>\n<meta name=\"twitter:label1\" content=\"Est. reading time\" \/>\n\t<meta name=\"twitter:data1\" content=\"7 minutes\" \/>\n<script type=\"application\/ld+json\" class=\"yoast-schema-graph\">{\"@context\":\"https:\/\/schema.org\",\"@graph\":[{\"@type\":\"WebPage\",\"@id\":\"https:\/\/www.3eco.com\/fr\/solutions-3e\/gestion-des-produits\/3e-contenu-reglementaire-2\/\",\"url\":\"https:\/\/www.3eco.com\/fr\/solutions-3e\/gestion-des-produits\/3e-contenu-reglementaire-2\/\",\"name\":\"3E Contenu r\u00e9glementaire | 3E\",\"isPartOf\":{\"@id\":\"https:\/\/www.3eco.com\/fr\/#website\"},\"datePublished\":\"2025-02-12T21:10:04+00:00\",\"dateModified\":\"2025-02-12T21:10:07+00:00\",\"description\":\"Rationalisez la mise en conformit\u00e9 et acc\u00e9dez de mani\u00e8re transparente au contenu r\u00e9glementaire : liste des donn\u00e9es sur les substances, phrases multilingues et contenu sur les marchandises dangereuses.\",\"breadcrumb\":{\"@id\":\"https:\/\/www.3eco.com\/fr\/solutions-3e\/gestion-des-produits\/3e-contenu-reglementaire-2\/#breadcrumb\"},\"inLanguage\":\"fr-FR\",\"potentialAction\":[{\"@type\":\"ReadAction\",\"target\":[\"https:\/\/www.3eco.com\/fr\/solutions-3e\/gestion-des-produits\/3e-contenu-reglementaire-2\/\"]}]},{\"@type\":\"BreadcrumbList\",\"@id\":\"https:\/\/www.3eco.com\/fr\/solutions-3e\/gestion-des-produits\/3e-contenu-reglementaire-2\/#breadcrumb\",\"itemListElement\":[{\"@type\":\"ListItem\",\"position\":1,\"name\":\"Home\",\"item\":\"https:\/\/www.3eco.com\/fr\/homepage\/\"},{\"@type\":\"ListItem\",\"position\":2,\"name\":\"Solutions 3E\",\"item\":\"https:\/\/www.3eco.com\/fr\/solutions-3e\/\"},{\"@type\":\"ListItem\",\"position\":3,\"name\":\"Gestion de la conformit\u00e9 des produits chimiques\",\"item\":\"https:\/\/www.3eco.com\/fr\/solutions-3e\/gestion-des-produits\/\"},{\"@type\":\"ListItem\",\"position\":4,\"name\":\"3E Contenu r\u00e9glementaire\"}]},{\"@type\":\"WebSite\",\"@id\":\"https:\/\/www.3eco.com\/fr\/#website\",\"url\":\"https:\/\/www.3eco.com\/fr\/\",\"name\":\"3E\",\"description\":\"\",\"publisher\":{\"@id\":\"https:\/\/www.3eco.com\/fr\/#organization\"},\"alternateName\":\"3E\",\"potentialAction\":[{\"@type\":\"SearchAction\",\"target\":{\"@type\":\"EntryPoint\",\"urlTemplate\":\"https:\/\/www.3eco.com\/fr\/?s={search_term_string}\"},\"query-input\":{\"@type\":\"PropertyValueSpecification\",\"valueRequired\":true,\"valueName\":\"search_term_string\"}}],\"inLanguage\":\"fr-FR\"},{\"@type\":\"Organization\",\"@id\":\"https:\/\/www.3eco.com\/fr\/#organization\",\"name\":\"3E\",\"url\":\"https:\/\/www.3eco.com\/fr\/\",\"logo\":{\"@type\":\"ImageObject\",\"inLanguage\":\"fr-FR\",\"@id\":\"https:\/\/www.3eco.com\/fr\/#\/schema\/logo\/image\/\",\"url\":\"https:\/\/www.3eco.com\/wp-content\/uploads\/2024\/05\/3e-logo.svg\",\"contentUrl\":\"https:\/\/www.3eco.com\/wp-content\/uploads\/2024\/05\/3e-logo.svg\",\"width\":82,\"height\":29,\"caption\":\"3E\"},\"image\":{\"@id\":\"https:\/\/www.3eco.com\/fr\/#\/schema\/logo\/image\/\"},\"sameAs\":[\"https:\/\/web.facebook.com\/3ESaferWorld\",\"https:\/\/x.com\/3E_Safer_World\",\"https:\/\/www.youtube.com\/@Channel3E\",\"https:\/\/www.instagram.com\/3e_safer_world\/\",\"https:\/\/www.facebook.com\/3ESaferWorld\"],\"email\":\"support@3eco.com\"}]}<\/script>\n<!-- \/ Yoast SEO Premium plugin. -->","yoast_head_json":{"title":"3E Contenu r\u00e9glementaire | 3E","description":"Rationalisez la mise en conformit\u00e9 et acc\u00e9dez de mani\u00e8re transparente au contenu r\u00e9glementaire : liste des donn\u00e9es sur les substances, phrases multilingues et contenu sur les marchandises dangereuses.","robots":{"index":"index","follow":"follow","max-snippet":"max-snippet:-1","max-image-preview":"max-image-preview:large","max-video-preview":"max-video-preview:-1"},"canonical":"https:\/\/www.3eco.com\/fr\/solutions-3e\/gestion-des-produits\/3e-contenu-reglementaire-2\/","og_locale":"fr_FR","og_type":"article","og_title":"3E Contenu r\u00e9glementaire","og_description":"Rationalisez la mise en conformit\u00e9 et acc\u00e9dez de mani\u00e8re transparente au contenu r\u00e9glementaire : liste des donn\u00e9es sur les substances, phrases multilingues et contenu sur les marchandises dangereuses.","og_url":"https:\/\/www.3eco.com\/fr\/solutions-3e\/gestion-des-produits\/3e-contenu-reglementaire-2\/","og_site_name":"3E","article_publisher":"https:\/\/web.facebook.com\/3ESaferWorld","article_modified_time":"2025-02-12T21:10:07+00:00","twitter_card":"summary_large_image","twitter_site":"@3E_Safer_World","twitter_misc":{"Est. reading time":"7 minutes"},"schema":{"@context":"https:\/\/schema.org","@graph":[{"@type":"WebPage","@id":"https:\/\/www.3eco.com\/fr\/solutions-3e\/gestion-des-produits\/3e-contenu-reglementaire-2\/","url":"https:\/\/www.3eco.com\/fr\/solutions-3e\/gestion-des-produits\/3e-contenu-reglementaire-2\/","name":"3E Contenu r\u00e9glementaire | 3E","isPartOf":{"@id":"https:\/\/www.3eco.com\/fr\/#website"},"datePublished":"2025-02-12T21:10:04+00:00","dateModified":"2025-02-12T21:10:07+00:00","description":"Rationalisez la mise en conformit\u00e9 et acc\u00e9dez de mani\u00e8re transparente au contenu r\u00e9glementaire : liste des donn\u00e9es sur les substances, phrases multilingues et contenu sur les marchandises dangereuses.","breadcrumb":{"@id":"https:\/\/www.3eco.com\/fr\/solutions-3e\/gestion-des-produits\/3e-contenu-reglementaire-2\/#breadcrumb"},"inLanguage":"fr-FR","potentialAction":[{"@type":"ReadAction","target":["https:\/\/www.3eco.com\/fr\/solutions-3e\/gestion-des-produits\/3e-contenu-reglementaire-2\/"]}]},{"@type":"BreadcrumbList","@id":"https:\/\/www.3eco.com\/fr\/solutions-3e\/gestion-des-produits\/3e-contenu-reglementaire-2\/#breadcrumb","itemListElement":[{"@type":"ListItem","position":1,"name":"Home","item":"https:\/\/www.3eco.com\/fr\/homepage\/"},{"@type":"ListItem","position":2,"name":"Solutions 3E","item":"https:\/\/www.3eco.com\/fr\/solutions-3e\/"},{"@type":"ListItem","position":3,"name":"Gestion de la conformit\u00e9 des produits chimiques","item":"https:\/\/www.3eco.com\/fr\/solutions-3e\/gestion-des-produits\/"},{"@type":"ListItem","position":4,"name":"3E Contenu r\u00e9glementaire"}]},{"@type":"WebSite","@id":"https:\/\/www.3eco.com\/fr\/#website","url":"https:\/\/www.3eco.com\/fr\/","name":"3E","description":"","publisher":{"@id":"https:\/\/www.3eco.com\/fr\/#organization"},"alternateName":"3E","potentialAction":[{"@type":"SearchAction","target":{"@type":"EntryPoint","urlTemplate":"https:\/\/www.3eco.com\/fr\/?s={search_term_string}"},"query-input":{"@type":"PropertyValueSpecification","valueRequired":true,"valueName":"search_term_string"}}],"inLanguage":"fr-FR"},{"@type":"Organization","@id":"https:\/\/www.3eco.com\/fr\/#organization","name":"3E","url":"https:\/\/www.3eco.com\/fr\/","logo":{"@type":"ImageObject","inLanguage":"fr-FR","@id":"https:\/\/www.3eco.com\/fr\/#\/schema\/logo\/image\/","url":"https:\/\/www.3eco.com\/wp-content\/uploads\/2024\/05\/3e-logo.svg","contentUrl":"https:\/\/www.3eco.com\/wp-content\/uploads\/2024\/05\/3e-logo.svg","width":82,"height":29,"caption":"3E"},"image":{"@id":"https:\/\/www.3eco.com\/fr\/#\/schema\/logo\/image\/"},"sameAs":["https:\/\/web.facebook.com\/3ESaferWorld","https:\/\/x.com\/3E_Safer_World","https:\/\/www.youtube.com\/@Channel3E","https:\/\/www.instagram.com\/3e_safer_world\/","https:\/\/www.facebook.com\/3ESaferWorld"],"email":"support@3eco.com"}]}},"_links":{"self":[{"href":"https:\/\/www.3eco.com\/fr\/wp-json\/wp\/v2\/pages\/22656","targetHints":{"allow":["GET"]}}],"collection":[{"href":"https:\/\/www.3eco.com\/fr\/wp-json\/wp\/v2\/pages"}],"about":[{"href":"https:\/\/www.3eco.com\/fr\/wp-json\/wp\/v2\/types\/page"}],"author":[{"embeddable":true,"href":"https:\/\/www.3eco.com\/fr\/wp-json\/wp\/v2\/users\/11"}],"replies":[{"embeddable":true,"href":"https:\/\/www.3eco.com\/fr\/wp-json\/wp\/v2\/comments?post=22656"}],"version-history":[{"count":1,"href":"https:\/\/www.3eco.com\/fr\/wp-json\/wp\/v2\/pages\/22656\/revisions"}],"predecessor-version":[{"id":27368,"href":"https:\/\/www.3eco.com\/fr\/wp-json\/wp\/v2\/pages\/22656\/revisions\/27368"}],"up":[{"embeddable":true,"href":"https:\/\/www.3eco.com\/fr\/wp-json\/wp\/v2\/pages\/21123"}],"wp:attachment":[{"href":"https:\/\/www.3eco.com\/fr\/wp-json\/wp\/v2\/media?parent=22656"}],"wp:term":[{"taxonomy":"capability","embeddable":true,"href":"https:\/\/www.3eco.com\/fr\/wp-json\/wp\/v2\/capability?post=22656"},{"taxonomy":"content-type","embeddable":true,"href":"https:\/\/www.3eco.com\/fr\/wp-json\/wp\/v2\/content-type?post=22656"},{"taxonomy":"industry","embeddable":true,"href":"https:\/\/www.3eco.com\/fr\/wp-json\/wp\/v2\/industry?post=22656"},{"taxonomy":"product-and-service","embeddable":true,"href":"https:\/\/www.3eco.com\/fr\/wp-json\/wp\/v2\/product-and-service?post=22656"},{"taxonomy":"region","embeddable":true,"href":"https:\/\/www.3eco.com\/fr\/wp-json\/wp\/v2\/region?post=22656"},{"taxonomy":"service-type","embeddable":true,"href":"https:\/\/www.3eco.com\/fr\/wp-json\/wp\/v2\/service-type?post=22656"},{"taxonomy":"solution","embeddable":true,"href":"https:\/\/www.3eco.com\/fr\/wp-json\/wp\/v2\/solution?post=22656"},{"taxonomy":"topic","embeddable":true,"href":"https:\/\/www.3eco.com\/fr\/wp-json\/wp\/v2\/topic?post=22656"}],"curies":[{"name":"wp","href":"https:\/\/api.w.org\/{rel}","templated":true}]}}