{"id":32738,"date":"2025-08-02T08:22:30","date_gmt":"2025-08-02T12:22:30","guid":{"rendered":"https:\/\/www.3eco.com\/pourquoi-3e\/solutions-de-conformite-reglementaire-3e-ai\/video-de-demonstration-de-lassistant-ia-3e-pour-la-conformite-des-produits\/"},"modified":"2025-12-02T05:48:25","modified_gmt":"2025-12-02T09:48:25","slug":"video-de-demonstration-de-lassistant-ia-3e-pour-la-conformite-des-produits","status":"publish","type":"page","link":"https:\/\/www.3eco.com\/fr\/pourquoi-3e\/video-de-demonstration-de-lassistant-ia-3e-pour-la-conformite-des-produits\/","title":{"rendered":"Vid\u00e9o de d\u00e9monstration de l&#8217;assistant IA 3E pour la conformit\u00e9 des produits"},"content":{"rendered":"<p>Avez-vous d\u00e9j\u00e0 r\u00eav\u00e9 de disposer d&#8217;un assistant expert en recherche r\u00e9glementaire, capable d&#8217;\u00e9valuer l&#8217;impact des r\u00e9glementations sur vos produits et de r\u00e9pondre \u00e0 toutes vos questions, des PFAS aux derni\u00e8res \u00e9volutions r\u00e9glementaires ? Un assistant qui conna\u00eetrait chaque produit chimique contenu dans vos produits et saurait exactement comment chaque r\u00e9glementation mondiale s&#8217;applique \u00e0 ces produits chimiques ? C&#8217;est d\u00e9sormais possible !<\/p>\n","protected":false},"excerpt":{"rendered":"<p>Avez-vous d\u00e9j\u00e0 r\u00eav\u00e9 de disposer d&#8217;un assistant expert en recherche r\u00e9glementaire, capable d&#8217;\u00e9valuer l&#8217;impact des r\u00e9glementations sur vos produits et de r\u00e9pondre \u00e0 toutes vos questions, des PFAS aux derni\u00e8res \u00e9volutions r\u00e9glementaires ? Un assistant qui conna\u00eetrait chaque produit chimique contenu dans vos produits et saurait exactement comment chaque r\u00e9glementation mondiale s&#8217;applique \u00e0 ces produits [&hellip;]<\/p>\n","protected":false},"author":6,"featured_media":0,"parent":36794,"menu_order":0,"comment_status":"closed","ping_status":"closed","template":"page-about.php","meta":{"_acf_changed":false,"inline_featured_image":false,"_3eco_schema_page_type":"","footnotes":""},"capability":[],"content-type":[],"industry":[],"product-and-service":[],"region":[],"service-type":[],"solution":[],"topic":[],"class_list":["post-32738","page","type-page","status-publish","hentry"],"acf":[],"yoast_head":"<!-- This site is optimized with the Yoast SEO Premium plugin v26.8 (Yoast SEO v27.1.1) - https:\/\/yoast.com\/product\/yoast-seo-premium-wordpress\/ -->\n<title>Vid\u00e9o de d\u00e9monstration de l&#039;assistant IA 3E pour la conformit\u00e9 des produits | 3E<\/title>\n<meta name=\"description\" content=\"Avez-vous d\u00e9j\u00e0 r\u00eav\u00e9 de disposer d&#039;un assistant expert en recherche r\u00e9glementaire, capable d&#039;\u00e9valuer l&#039;impact des r\u00e9glementations sur vos produits et de\" \/>\n<meta name=\"robots\" content=\"index, follow, max-snippet:-1, max-image-preview:large, max-video-preview:-1\" \/>\n<link rel=\"canonical\" href=\"https:\/\/www.3eco.com\/fr\/pourquoi-3e\/video-de-demonstration-de-lassistant-ia-3e-pour-la-conformite-des-produits\/\" \/>\n<meta property=\"og:locale\" content=\"fr_FR\" \/>\n<meta property=\"og:type\" content=\"article\" \/>\n<meta property=\"og:title\" content=\"Vid\u00e9o de d\u00e9monstration de l&#039;assistant IA 3E pour la conformit\u00e9 des produits\" \/>\n<meta property=\"og:description\" content=\"Avez-vous d\u00e9j\u00e0 r\u00eav\u00e9 de disposer d&#039;un assistant expert en recherche r\u00e9glementaire, capable d&#039;\u00e9valuer l&#039;impact des r\u00e9glementations sur vos produits et de\" \/>\n<meta property=\"og:url\" content=\"https:\/\/www.3eco.com\/fr\/pourquoi-3e\/video-de-demonstration-de-lassistant-ia-3e-pour-la-conformite-des-produits\/\" \/>\n<meta property=\"og:site_name\" content=\"3E\" \/>\n<meta property=\"article:publisher\" content=\"https:\/\/web.facebook.com\/3ESaferWorld\" \/>\n<meta property=\"article:modified_time\" content=\"2025-12-02T09:48:25+00:00\" \/>\n<meta name=\"twitter:card\" content=\"summary_large_image\" \/>\n<meta name=\"twitter:site\" content=\"@3E_Safer_World\" \/>\n<meta name=\"twitter:label1\" content=\"Est. reading time\" \/>\n\t<meta name=\"twitter:data1\" content=\"1 minute\" \/>\n<script type=\"application\/ld+json\" class=\"yoast-schema-graph\">{\"@context\":\"https:\/\/schema.org\",\"@graph\":[{\"@type\":\"WebPage\",\"@id\":\"https:\/\/www.3eco.com\/fr\/pourquoi-3e\/video-de-demonstration-de-lassistant-ia-3e-pour-la-conformite-des-produits\/\",\"url\":\"https:\/\/www.3eco.com\/fr\/pourquoi-3e\/video-de-demonstration-de-lassistant-ia-3e-pour-la-conformite-des-produits\/\",\"name\":\"Vid\u00e9o de d\u00e9monstration de l'assistant IA 3E pour la conformit\u00e9 des produits | 3E\",\"isPartOf\":{\"@id\":\"https:\/\/www.3eco.com\/fr\/#website\"},\"datePublished\":\"2025-08-02T12:22:30+00:00\",\"dateModified\":\"2025-12-02T09:48:25+00:00\",\"description\":\"Avez-vous d\u00e9j\u00e0 r\u00eav\u00e9 de disposer d'un assistant expert en recherche r\u00e9glementaire, capable d'\u00e9valuer l'impact des r\u00e9glementations sur vos produits et de\",\"breadcrumb\":{\"@id\":\"https:\/\/www.3eco.com\/fr\/pourquoi-3e\/video-de-demonstration-de-lassistant-ia-3e-pour-la-conformite-des-produits\/#breadcrumb\"},\"inLanguage\":\"fr-FR\",\"potentialAction\":[{\"@type\":\"ReadAction\",\"target\":[\"https:\/\/www.3eco.com\/fr\/pourquoi-3e\/video-de-demonstration-de-lassistant-ia-3e-pour-la-conformite-des-produits\/\"]}]},{\"@type\":\"BreadcrumbList\",\"@id\":\"https:\/\/www.3eco.com\/fr\/pourquoi-3e\/video-de-demonstration-de-lassistant-ia-3e-pour-la-conformite-des-produits\/#breadcrumb\",\"itemListElement\":[{\"@type\":\"ListItem\",\"position\":1,\"name\":\"Home\",\"item\":\"https:\/\/www.3eco.com\/fr\/homepage\/\"},{\"@type\":\"ListItem\",\"position\":2,\"name\":\"Pourquoi 3E ?\",\"item\":\"https:\/\/www.3eco.com\/fr\/pourquoi-3e\/\"},{\"@type\":\"ListItem\",\"position\":3,\"name\":\"Vid\u00e9o de d\u00e9monstration de l&#8217;assistant IA 3E pour la conformit\u00e9 des produits\"}]},{\"@type\":\"WebSite\",\"@id\":\"https:\/\/www.3eco.com\/fr\/#website\",\"url\":\"https:\/\/www.3eco.com\/fr\/\",\"name\":\"3E\",\"description\":\"\",\"publisher\":{\"@id\":\"https:\/\/www.3eco.com\/fr\/#organization\"},\"alternateName\":\"3E\",\"potentialAction\":[{\"@type\":\"SearchAction\",\"target\":{\"@type\":\"EntryPoint\",\"urlTemplate\":\"https:\/\/www.3eco.com\/fr\/?s={search_term_string}\"},\"query-input\":{\"@type\":\"PropertyValueSpecification\",\"valueRequired\":true,\"valueName\":\"search_term_string\"}}],\"inLanguage\":\"fr-FR\"},{\"@type\":\"Organization\",\"@id\":\"https:\/\/www.3eco.com\/fr\/#organization\",\"name\":\"3E\",\"url\":\"https:\/\/www.3eco.com\/fr\/\",\"logo\":{\"@type\":\"ImageObject\",\"inLanguage\":\"fr-FR\",\"@id\":\"https:\/\/www.3eco.com\/fr\/#\/schema\/logo\/image\/\",\"url\":\"https:\/\/www.3eco.com\/wp-content\/uploads\/2024\/05\/3e-logo.svg\",\"contentUrl\":\"https:\/\/www.3eco.com\/wp-content\/uploads\/2024\/05\/3e-logo.svg\",\"width\":82,\"height\":29,\"caption\":\"3E\"},\"image\":{\"@id\":\"https:\/\/www.3eco.com\/fr\/#\/schema\/logo\/image\/\"},\"sameAs\":[\"https:\/\/web.facebook.com\/3ESaferWorld\",\"https:\/\/x.com\/3E_Safer_World\",\"https:\/\/www.youtube.com\/@Channel3E\",\"https:\/\/www.instagram.com\/3e_safer_world\/\",\"https:\/\/www.facebook.com\/3ESaferWorld\"],\"email\":\"support@3eco.com\"}]}<\/script>\n<!-- \/ Yoast SEO Premium plugin. -->","yoast_head_json":{"title":"Vid\u00e9o de d\u00e9monstration de l'assistant IA 3E pour la conformit\u00e9 des produits | 3E","description":"Avez-vous d\u00e9j\u00e0 r\u00eav\u00e9 de disposer d'un assistant expert en recherche r\u00e9glementaire, capable d'\u00e9valuer l'impact des r\u00e9glementations sur vos produits et de","robots":{"index":"index","follow":"follow","max-snippet":"max-snippet:-1","max-image-preview":"max-image-preview:large","max-video-preview":"max-video-preview:-1"},"canonical":"https:\/\/www.3eco.com\/fr\/pourquoi-3e\/video-de-demonstration-de-lassistant-ia-3e-pour-la-conformite-des-produits\/","og_locale":"fr_FR","og_type":"article","og_title":"Vid\u00e9o de d\u00e9monstration de l'assistant IA 3E pour la conformit\u00e9 des produits","og_description":"Avez-vous d\u00e9j\u00e0 r\u00eav\u00e9 de disposer d'un assistant expert en recherche r\u00e9glementaire, capable d'\u00e9valuer l'impact des r\u00e9glementations sur vos produits et de","og_url":"https:\/\/www.3eco.com\/fr\/pourquoi-3e\/video-de-demonstration-de-lassistant-ia-3e-pour-la-conformite-des-produits\/","og_site_name":"3E","article_publisher":"https:\/\/web.facebook.com\/3ESaferWorld","article_modified_time":"2025-12-02T09:48:25+00:00","twitter_card":"summary_large_image","twitter_site":"@3E_Safer_World","twitter_misc":{"Est. reading time":"1 minute"},"schema":{"@context":"https:\/\/schema.org","@graph":[{"@type":"WebPage","@id":"https:\/\/www.3eco.com\/fr\/pourquoi-3e\/video-de-demonstration-de-lassistant-ia-3e-pour-la-conformite-des-produits\/","url":"https:\/\/www.3eco.com\/fr\/pourquoi-3e\/video-de-demonstration-de-lassistant-ia-3e-pour-la-conformite-des-produits\/","name":"Vid\u00e9o de d\u00e9monstration de l'assistant IA 3E pour la conformit\u00e9 des produits | 3E","isPartOf":{"@id":"https:\/\/www.3eco.com\/fr\/#website"},"datePublished":"2025-08-02T12:22:30+00:00","dateModified":"2025-12-02T09:48:25+00:00","description":"Avez-vous d\u00e9j\u00e0 r\u00eav\u00e9 de disposer d'un assistant expert en recherche r\u00e9glementaire, capable d'\u00e9valuer l'impact des r\u00e9glementations sur vos produits et de","breadcrumb":{"@id":"https:\/\/www.3eco.com\/fr\/pourquoi-3e\/video-de-demonstration-de-lassistant-ia-3e-pour-la-conformite-des-produits\/#breadcrumb"},"inLanguage":"fr-FR","potentialAction":[{"@type":"ReadAction","target":["https:\/\/www.3eco.com\/fr\/pourquoi-3e\/video-de-demonstration-de-lassistant-ia-3e-pour-la-conformite-des-produits\/"]}]},{"@type":"BreadcrumbList","@id":"https:\/\/www.3eco.com\/fr\/pourquoi-3e\/video-de-demonstration-de-lassistant-ia-3e-pour-la-conformite-des-produits\/#breadcrumb","itemListElement":[{"@type":"ListItem","position":1,"name":"Home","item":"https:\/\/www.3eco.com\/fr\/homepage\/"},{"@type":"ListItem","position":2,"name":"Pourquoi 3E ?","item":"https:\/\/www.3eco.com\/fr\/pourquoi-3e\/"},{"@type":"ListItem","position":3,"name":"Vid\u00e9o de d\u00e9monstration de l&#8217;assistant IA 3E pour la conformit\u00e9 des produits"}]},{"@type":"WebSite","@id":"https:\/\/www.3eco.com\/fr\/#website","url":"https:\/\/www.3eco.com\/fr\/","name":"3E","description":"","publisher":{"@id":"https:\/\/www.3eco.com\/fr\/#organization"},"alternateName":"3E","potentialAction":[{"@type":"SearchAction","target":{"@type":"EntryPoint","urlTemplate":"https:\/\/www.3eco.com\/fr\/?s={search_term_string}"},"query-input":{"@type":"PropertyValueSpecification","valueRequired":true,"valueName":"search_term_string"}}],"inLanguage":"fr-FR"},{"@type":"Organization","@id":"https:\/\/www.3eco.com\/fr\/#organization","name":"3E","url":"https:\/\/www.3eco.com\/fr\/","logo":{"@type":"ImageObject","inLanguage":"fr-FR","@id":"https:\/\/www.3eco.com\/fr\/#\/schema\/logo\/image\/","url":"https:\/\/www.3eco.com\/wp-content\/uploads\/2024\/05\/3e-logo.svg","contentUrl":"https:\/\/www.3eco.com\/wp-content\/uploads\/2024\/05\/3e-logo.svg","width":82,"height":29,"caption":"3E"},"image":{"@id":"https:\/\/www.3eco.com\/fr\/#\/schema\/logo\/image\/"},"sameAs":["https:\/\/web.facebook.com\/3ESaferWorld","https:\/\/x.com\/3E_Safer_World","https:\/\/www.youtube.com\/@Channel3E","https:\/\/www.instagram.com\/3e_safer_world\/","https:\/\/www.facebook.com\/3ESaferWorld"],"email":"support@3eco.com"}]}},"_links":{"self":[{"href":"https:\/\/www.3eco.com\/fr\/wp-json\/wp\/v2\/pages\/32738","targetHints":{"allow":["GET"]}}],"collection":[{"href":"https:\/\/www.3eco.com\/fr\/wp-json\/wp\/v2\/pages"}],"about":[{"href":"https:\/\/www.3eco.com\/fr\/wp-json\/wp\/v2\/types\/page"}],"author":[{"embeddable":true,"href":"https:\/\/www.3eco.com\/fr\/wp-json\/wp\/v2\/users\/6"}],"replies":[{"embeddable":true,"href":"https:\/\/www.3eco.com\/fr\/wp-json\/wp\/v2\/comments?post=32738"}],"version-history":[{"count":8,"href":"https:\/\/www.3eco.com\/fr\/wp-json\/wp\/v2\/pages\/32738\/revisions"}],"predecessor-version":[{"id":35998,"href":"https:\/\/www.3eco.com\/fr\/wp-json\/wp\/v2\/pages\/32738\/revisions\/35998"}],"up":[{"embeddable":true,"href":"https:\/\/www.3eco.com\/fr\/wp-json\/wp\/v2\/pages\/36794"}],"wp:attachment":[{"href":"https:\/\/www.3eco.com\/fr\/wp-json\/wp\/v2\/media?parent=32738"}],"wp:term":[{"taxonomy":"capability","embeddable":true,"href":"https:\/\/www.3eco.com\/fr\/wp-json\/wp\/v2\/capability?post=32738"},{"taxonomy":"content-type","embeddable":true,"href":"https:\/\/www.3eco.com\/fr\/wp-json\/wp\/v2\/content-type?post=32738"},{"taxonomy":"industry","embeddable":true,"href":"https:\/\/www.3eco.com\/fr\/wp-json\/wp\/v2\/industry?post=32738"},{"taxonomy":"product-and-service","embeddable":true,"href":"https:\/\/www.3eco.com\/fr\/wp-json\/wp\/v2\/product-and-service?post=32738"},{"taxonomy":"region","embeddable":true,"href":"https:\/\/www.3eco.com\/fr\/wp-json\/wp\/v2\/region?post=32738"},{"taxonomy":"service-type","embeddable":true,"href":"https:\/\/www.3eco.com\/fr\/wp-json\/wp\/v2\/service-type?post=32738"},{"taxonomy":"solution","embeddable":true,"href":"https:\/\/www.3eco.com\/fr\/wp-json\/wp\/v2\/solution?post=32738"},{"taxonomy":"topic","embeddable":true,"href":"https:\/\/www.3eco.com\/fr\/wp-json\/wp\/v2\/topic?post=32738"}],"curies":[{"name":"wp","href":"https:\/\/api.w.org\/{rel}","templated":true}]}}