{"id":37104,"date":"2026-02-05T19:54:43","date_gmt":"2026-02-05T23:54:43","guid":{"rendered":"https:\/\/www.3eco.com\/?page_id=37104"},"modified":"2026-04-02T09:29:08","modified_gmt":"2026-04-02T13:29:08","slug":"page-daccueil","status":"publish","type":"page","link":"https:\/\/www.3eco.com\/fr\/","title":{"rendered":"Page d&#8217;accueil"},"content":{"rendered":"<p>&nbsp;<\/p>\n<p>&nbsp;<\/p>\n","protected":false},"excerpt":{"rendered":"<p>&nbsp; &nbsp;<\/p>\n","protected":false},"author":48,"featured_media":18204,"parent":0,"menu_order":0,"comment_status":"closed","ping_status":"closed","template":"","meta":{"_acf_changed":false,"inline_featured_image":false,"_3eco_schema_page_type":"","footnotes":""},"capability":[],"content-type":[],"industry":[],"product-and-service":[],"region":[],"service-type":[],"solution":[],"topic":[],"class_list":["post-37104","page","type-page","status-publish","has-post-thumbnail","hentry"],"acf":[],"yoast_head":"<!-- This site is optimized with the Yoast SEO Premium plugin v26.8 (Yoast SEO v27.1.1) - https:\/\/yoast.com\/product\/yoast-seo-premium-wordpress\/ -->\n<title>Logiciel de conformit\u00e9 HSE<\/title>\n<meta name=\"description\" content=\"3E fournit des solutions aliment\u00e9es par l&#039;IA pour une conformit\u00e9 plus intelligente, en r\u00e9duisant les risques, en gagnant du temps et en renfor\u00e7ant la s\u00e9curit\u00e9, la gestion des produits et le d\u00e9veloppement durable.\" \/>\n<meta name=\"robots\" content=\"index, follow, max-snippet:-1, max-image-preview:large, max-video-preview:-1\" \/>\n<link rel=\"canonical\" href=\"https:\/\/www.3eco.com\/fr\/\" \/>\n<meta property=\"og:locale\" content=\"fr_FR\" \/>\n<meta property=\"og:type\" content=\"article\" \/>\n<meta property=\"og:title\" content=\"Page d&#039;accueil\" \/>\n<meta property=\"og:description\" content=\"3E fournit des solutions aliment\u00e9es par l&#039;IA pour une conformit\u00e9 plus intelligente, en r\u00e9duisant les risques, en gagnant du temps et en renfor\u00e7ant la s\u00e9curit\u00e9, la gestion des produits et le d\u00e9veloppement durable.\" \/>\n<meta property=\"og:url\" content=\"https:\/\/www.3eco.com\/fr\/\" \/>\n<meta property=\"og:site_name\" content=\"3E\" \/>\n<meta property=\"article:publisher\" content=\"https:\/\/web.facebook.com\/3ESaferWorld\" \/>\n<meta property=\"article:modified_time\" content=\"2026-04-02T13:29:08+00:00\" \/>\n<meta property=\"og:image\" content=\"https:\/\/www.3eco.com\/wp-content\/uploads\/2024\/06\/3E-Brand-Video-Still_16x9.jpg\" \/>\n\t<meta property=\"og:image:width\" content=\"1920\" \/>\n\t<meta property=\"og:image:height\" content=\"1080\" \/>\n\t<meta property=\"og:image:type\" content=\"image\/jpeg\" \/>\n<meta name=\"twitter:card\" content=\"summary_large_image\" \/>\n<meta name=\"twitter:site\" content=\"@3E_Safer_World\" \/>\n<meta name=\"twitter:label1\" content=\"Est. reading time\" \/>\n\t<meta name=\"twitter:data1\" content=\"13 minutes\" \/>\n<script type=\"application\/ld+json\" class=\"yoast-schema-graph\">{\"@context\":\"https:\/\/schema.org\",\"@graph\":[{\"@type\":\"WebPage\",\"@id\":\"https:\/\/www.3eco.com\/fr\/\",\"url\":\"https:\/\/www.3eco.com\/fr\/\",\"name\":\"Logiciel de conformit\u00e9 HSE\",\"isPartOf\":{\"@id\":\"https:\/\/www.3eco.com\/fr\/#website\"},\"primaryImageOfPage\":{\"@id\":\"https:\/\/www.3eco.com\/fr\/#primaryimage\"},\"image\":{\"@id\":\"https:\/\/www.3eco.com\/fr\/#primaryimage\"},\"thumbnailUrl\":\"https:\/\/www.3eco.com\/wp-content\/uploads\/2024\/06\/3E-Brand-Video-Still_16x9.jpg?v=1.0.9\",\"datePublished\":\"2026-02-05T23:54:43+00:00\",\"dateModified\":\"2026-04-02T13:29:08+00:00\",\"description\":\"3E fournit des solutions aliment\u00e9es par l'IA pour une conformit\u00e9 plus intelligente, en r\u00e9duisant les risques, en gagnant du temps et en renfor\u00e7ant la s\u00e9curit\u00e9, la gestion des produits et le d\u00e9veloppement durable.\",\"breadcrumb\":{\"@id\":\"https:\/\/www.3eco.com\/fr\/#breadcrumb\"},\"inLanguage\":\"fr-FR\",\"potentialAction\":[{\"@type\":\"ReadAction\",\"target\":[\"https:\/\/www.3eco.com\/fr\/\"]}]},{\"@type\":\"ImageObject\",\"inLanguage\":\"fr-FR\",\"@id\":\"https:\/\/www.3eco.com\/fr\/#primaryimage\",\"url\":\"https:\/\/www.3eco.com\/wp-content\/uploads\/2024\/06\/3E-Brand-Video-Still_16x9.jpg?v=1.0.9\",\"contentUrl\":\"https:\/\/www.3eco.com\/wp-content\/uploads\/2024\/06\/3E-Brand-Video-Still_16x9.jpg?v=1.0.9\",\"width\":1920,\"height\":1080,\"caption\":\"3E enables a safer, more sustainable world.\"},{\"@type\":\"BreadcrumbList\",\"@id\":\"https:\/\/www.3eco.com\/fr\/#breadcrumb\",\"itemListElement\":[{\"@type\":\"ListItem\",\"position\":1,\"name\":\"Home\",\"item\":\"https:\/\/www.3eco.com\/fr\/\"},{\"@type\":\"ListItem\",\"position\":2,\"name\":\"Page d&#8217;accueil\"}]},{\"@type\":\"WebSite\",\"@id\":\"https:\/\/www.3eco.com\/fr\/#website\",\"url\":\"https:\/\/www.3eco.com\/fr\/\",\"name\":\"3E\",\"description\":\"\",\"publisher\":{\"@id\":\"https:\/\/www.3eco.com\/fr\/#organization\"},\"alternateName\":\"3E\",\"potentialAction\":[{\"@type\":\"SearchAction\",\"target\":{\"@type\":\"EntryPoint\",\"urlTemplate\":\"https:\/\/www.3eco.com\/fr\/?s={search_term_string}\"},\"query-input\":{\"@type\":\"PropertyValueSpecification\",\"valueRequired\":true,\"valueName\":\"search_term_string\"}}],\"inLanguage\":\"fr-FR\"},{\"@type\":\"Organization\",\"@id\":\"https:\/\/www.3eco.com\/fr\/#organization\",\"name\":\"3E\",\"url\":\"https:\/\/www.3eco.com\/fr\/\",\"logo\":{\"@type\":\"ImageObject\",\"inLanguage\":\"fr-FR\",\"@id\":\"https:\/\/www.3eco.com\/fr\/#\/schema\/logo\/image\/\",\"url\":\"https:\/\/www.3eco.com\/wp-content\/uploads\/2024\/05\/3e-logo.svg\",\"contentUrl\":\"https:\/\/www.3eco.com\/wp-content\/uploads\/2024\/05\/3e-logo.svg\",\"width\":82,\"height\":29,\"caption\":\"3E\"},\"image\":{\"@id\":\"https:\/\/www.3eco.com\/fr\/#\/schema\/logo\/image\/\"},\"sameAs\":[\"https:\/\/web.facebook.com\/3ESaferWorld\",\"https:\/\/x.com\/3E_Safer_World\",\"https:\/\/www.youtube.com\/@Channel3E\",\"https:\/\/www.instagram.com\/3e_safer_world\/\",\"https:\/\/www.facebook.com\/3ESaferWorld\"],\"email\":\"support@3eco.com\"}]}<\/script>\n<!-- \/ Yoast SEO Premium plugin. -->","yoast_head_json":{"title":"Logiciel de conformit\u00e9 HSE","description":"3E fournit des solutions aliment\u00e9es par l'IA pour une conformit\u00e9 plus intelligente, en r\u00e9duisant les risques, en gagnant du temps et en renfor\u00e7ant la s\u00e9curit\u00e9, la gestion des produits et le d\u00e9veloppement durable.","robots":{"index":"index","follow":"follow","max-snippet":"max-snippet:-1","max-image-preview":"max-image-preview:large","max-video-preview":"max-video-preview:-1"},"canonical":"https:\/\/www.3eco.com\/fr\/","og_locale":"fr_FR","og_type":"article","og_title":"Page d'accueil","og_description":"3E fournit des solutions aliment\u00e9es par l'IA pour une conformit\u00e9 plus intelligente, en r\u00e9duisant les risques, en gagnant du temps et en renfor\u00e7ant la s\u00e9curit\u00e9, la gestion des produits et le d\u00e9veloppement durable.","og_url":"https:\/\/www.3eco.com\/fr\/","og_site_name":"3E","article_publisher":"https:\/\/web.facebook.com\/3ESaferWorld","article_modified_time":"2026-04-02T13:29:08+00:00","og_image":[{"width":1920,"height":1080,"url":"https:\/\/www.3eco.com\/wp-content\/uploads\/2024\/06\/3E-Brand-Video-Still_16x9.jpg","type":"image\/jpeg"}],"twitter_card":"summary_large_image","twitter_site":"@3E_Safer_World","twitter_misc":{"Est. reading time":"13 minutes"},"schema":{"@context":"https:\/\/schema.org","@graph":[{"@type":"WebPage","@id":"https:\/\/www.3eco.com\/fr\/","url":"https:\/\/www.3eco.com\/fr\/","name":"Logiciel de conformit\u00e9 HSE","isPartOf":{"@id":"https:\/\/www.3eco.com\/fr\/#website"},"primaryImageOfPage":{"@id":"https:\/\/www.3eco.com\/fr\/#primaryimage"},"image":{"@id":"https:\/\/www.3eco.com\/fr\/#primaryimage"},"thumbnailUrl":"https:\/\/www.3eco.com\/wp-content\/uploads\/2024\/06\/3E-Brand-Video-Still_16x9.jpg?v=1.0.9","datePublished":"2026-02-05T23:54:43+00:00","dateModified":"2026-04-02T13:29:08+00:00","description":"3E fournit des solutions aliment\u00e9es par l'IA pour une conformit\u00e9 plus intelligente, en r\u00e9duisant les risques, en gagnant du temps et en renfor\u00e7ant la s\u00e9curit\u00e9, la gestion des produits et le d\u00e9veloppement durable.","breadcrumb":{"@id":"https:\/\/www.3eco.com\/fr\/#breadcrumb"},"inLanguage":"fr-FR","potentialAction":[{"@type":"ReadAction","target":["https:\/\/www.3eco.com\/fr\/"]}]},{"@type":"ImageObject","inLanguage":"fr-FR","@id":"https:\/\/www.3eco.com\/fr\/#primaryimage","url":"https:\/\/www.3eco.com\/wp-content\/uploads\/2024\/06\/3E-Brand-Video-Still_16x9.jpg?v=1.0.9","contentUrl":"https:\/\/www.3eco.com\/wp-content\/uploads\/2024\/06\/3E-Brand-Video-Still_16x9.jpg?v=1.0.9","width":1920,"height":1080,"caption":"3E enables a safer, more sustainable world."},{"@type":"BreadcrumbList","@id":"https:\/\/www.3eco.com\/fr\/#breadcrumb","itemListElement":[{"@type":"ListItem","position":1,"name":"Home","item":"https:\/\/www.3eco.com\/fr\/"},{"@type":"ListItem","position":2,"name":"Page d&#8217;accueil"}]},{"@type":"WebSite","@id":"https:\/\/www.3eco.com\/fr\/#website","url":"https:\/\/www.3eco.com\/fr\/","name":"3E","description":"","publisher":{"@id":"https:\/\/www.3eco.com\/fr\/#organization"},"alternateName":"3E","potentialAction":[{"@type":"SearchAction","target":{"@type":"EntryPoint","urlTemplate":"https:\/\/www.3eco.com\/fr\/?s={search_term_string}"},"query-input":{"@type":"PropertyValueSpecification","valueRequired":true,"valueName":"search_term_string"}}],"inLanguage":"fr-FR"},{"@type":"Organization","@id":"https:\/\/www.3eco.com\/fr\/#organization","name":"3E","url":"https:\/\/www.3eco.com\/fr\/","logo":{"@type":"ImageObject","inLanguage":"fr-FR","@id":"https:\/\/www.3eco.com\/fr\/#\/schema\/logo\/image\/","url":"https:\/\/www.3eco.com\/wp-content\/uploads\/2024\/05\/3e-logo.svg","contentUrl":"https:\/\/www.3eco.com\/wp-content\/uploads\/2024\/05\/3e-logo.svg","width":82,"height":29,"caption":"3E"},"image":{"@id":"https:\/\/www.3eco.com\/fr\/#\/schema\/logo\/image\/"},"sameAs":["https:\/\/web.facebook.com\/3ESaferWorld","https:\/\/x.com\/3E_Safer_World","https:\/\/www.youtube.com\/@Channel3E","https:\/\/www.instagram.com\/3e_safer_world\/","https:\/\/www.facebook.com\/3ESaferWorld"],"email":"support@3eco.com"}]}},"_links":{"self":[{"href":"https:\/\/www.3eco.com\/fr\/wp-json\/wp\/v2\/pages\/37104","targetHints":{"allow":["GET"]}}],"collection":[{"href":"https:\/\/www.3eco.com\/fr\/wp-json\/wp\/v2\/pages"}],"about":[{"href":"https:\/\/www.3eco.com\/fr\/wp-json\/wp\/v2\/types\/page"}],"author":[{"embeddable":true,"href":"https:\/\/www.3eco.com\/fr\/wp-json\/wp\/v2\/users\/48"}],"replies":[{"embeddable":true,"href":"https:\/\/www.3eco.com\/fr\/wp-json\/wp\/v2\/comments?post=37104"}],"version-history":[{"count":22,"href":"https:\/\/www.3eco.com\/fr\/wp-json\/wp\/v2\/pages\/37104\/revisions"}],"predecessor-version":[{"id":39793,"href":"https:\/\/www.3eco.com\/fr\/wp-json\/wp\/v2\/pages\/37104\/revisions\/39793"}],"wp:featuredmedia":[{"embeddable":true,"href":"https:\/\/www.3eco.com\/fr\/wp-json\/wp\/v2\/media\/18204"}],"wp:attachment":[{"href":"https:\/\/www.3eco.com\/fr\/wp-json\/wp\/v2\/media?parent=37104"}],"wp:term":[{"taxonomy":"capability","embeddable":true,"href":"https:\/\/www.3eco.com\/fr\/wp-json\/wp\/v2\/capability?post=37104"},{"taxonomy":"content-type","embeddable":true,"href":"https:\/\/www.3eco.com\/fr\/wp-json\/wp\/v2\/content-type?post=37104"},{"taxonomy":"industry","embeddable":true,"href":"https:\/\/www.3eco.com\/fr\/wp-json\/wp\/v2\/industry?post=37104"},{"taxonomy":"product-and-service","embeddable":true,"href":"https:\/\/www.3eco.com\/fr\/wp-json\/wp\/v2\/product-and-service?post=37104"},{"taxonomy":"region","embeddable":true,"href":"https:\/\/www.3eco.com\/fr\/wp-json\/wp\/v2\/region?post=37104"},{"taxonomy":"service-type","embeddable":true,"href":"https:\/\/www.3eco.com\/fr\/wp-json\/wp\/v2\/service-type?post=37104"},{"taxonomy":"solution","embeddable":true,"href":"https:\/\/www.3eco.com\/fr\/wp-json\/wp\/v2\/solution?post=37104"},{"taxonomy":"topic","embeddable":true,"href":"https:\/\/www.3eco.com\/fr\/wp-json\/wp\/v2\/topic?post=37104"}],"curies":[{"name":"wp","href":"https:\/\/api.w.org\/{rel}","templated":true}]}}