{"id":19966,"date":"2024-04-11T15:18:18","date_gmt":"2024-04-11T19:18:18","guid":{"rendered":"https:\/\/staging.3eco.com\/visibilita-della-catena-di-approvvigionamento\/"},"modified":"2024-04-11T15:18:18","modified_gmt":"2024-04-11T19:18:18","slug":"visibilita-della-catena-di-approvvigionamento","status":"publish","type":"page","link":"https:\/\/www.3eco.com\/it\/visibilita-della-catena-di-approvvigionamento\/","title":{"rendered":"Visibilit\u00e0 della catena di approvvigionamento"},"content":{"rendered":"","protected":false},"excerpt":{"rendered":"","protected":false},"author":10,"featured_media":17865,"parent":0,"menu_order":0,"comment_status":"closed","ping_status":"closed","template":"page-solution.php","meta":{"_acf_changed":false,"inline_featured_image":false,"_3eco_schema_page_type":"","footnotes":""},"capability":[],"content-type":[],"industry":[],"product-and-service":[],"region":[],"service-type":[],"solution":[],"topic":[],"class_list":["post-19966","page","type-page","status-publish","has-post-thumbnail","hentry"],"acf":[],"yoast_head":"<!-- This site is optimized with the Yoast SEO Premium plugin v26.8 (Yoast SEO v27.1.1) - https:\/\/yoast.com\/product\/yoast-seo-premium-wordpress\/ -->\n<title>Visibilit\u00e0 della catena di approvvigionamento | 3E<\/title>\n<meta name=\"description\" content=\"Aumenta la visibilit\u00e0 della catena di approvvigionamento con una raccolta dati semplificata, la gestione della conformit\u00e0 e il reporting sulla sostenibilit\u00e0.\" \/>\n<meta name=\"robots\" content=\"index, follow, max-snippet:-1, max-image-preview:large, max-video-preview:-1\" \/>\n<link rel=\"canonical\" href=\"https:\/\/www.3eco.com\/it\/visibilita-della-catena-di-approvvigionamento\/\" \/>\n<meta property=\"og:locale\" content=\"it_IT\" \/>\n<meta property=\"og:type\" content=\"article\" \/>\n<meta property=\"og:title\" content=\"Visibilit\u00e0 della catena di approvvigionamento\" \/>\n<meta property=\"og:description\" content=\"Aumenta la visibilit\u00e0 della catena di approvvigionamento con una raccolta dati semplificata, la gestione della conformit\u00e0 e il reporting sulla sostenibilit\u00e0.\" \/>\n<meta property=\"og:url\" content=\"https:\/\/www.3eco.com\/it\/visibilita-della-catena-di-approvvigionamento\/\" \/>\n<meta property=\"og:site_name\" content=\"3E\" \/>\n<meta property=\"article:publisher\" content=\"https:\/\/web.facebook.com\/3ESaferWorld\" \/>\n<meta property=\"og:image\" content=\"https:\/\/www.3eco.com\/wp-content\/uploads\/2024\/06\/banner_1x1_supply-chain-visibility.jpg?v=1.0.10\" \/>\n\t<meta property=\"og:image:width\" content=\"1800\" \/>\n\t<meta property=\"og:image:height\" content=\"1800\" \/>\n\t<meta property=\"og:image:type\" content=\"image\/jpeg\" \/>\n<meta name=\"twitter:card\" content=\"summary_large_image\" \/>\n<meta name=\"twitter:site\" content=\"@3E_Safer_World\" \/>\n<script type=\"application\/ld+json\" class=\"yoast-schema-graph\">{\"@context\":\"https:\/\/schema.org\",\"@graph\":[{\"@type\":\"WebPage\",\"@id\":\"https:\/\/www.3eco.com\/it\/visibilita-della-catena-di-approvvigionamento\/\",\"url\":\"https:\/\/www.3eco.com\/it\/visibilita-della-catena-di-approvvigionamento\/\",\"name\":\"Visibilit\u00e0 della catena di approvvigionamento | 3E\",\"isPartOf\":{\"@id\":\"https:\/\/www.3eco.com\/it\/#website\"},\"primaryImageOfPage\":{\"@id\":\"https:\/\/www.3eco.com\/it\/visibilita-della-catena-di-approvvigionamento\/#primaryimage\"},\"image\":{\"@id\":\"https:\/\/www.3eco.com\/it\/visibilita-della-catena-di-approvvigionamento\/#primaryimage\"},\"thumbnailUrl\":\"https:\/\/www.3eco.com\/wp-content\/uploads\/2024\/06\/banner_1x1_supply-chain-visibility.jpg?v=1.0.10\",\"datePublished\":\"2024-04-11T19:18:18+00:00\",\"description\":\"Aumenta la visibilit\u00e0 della catena di approvvigionamento con una raccolta dati semplificata, la gestione della conformit\u00e0 e il reporting sulla sostenibilit\u00e0.\",\"breadcrumb\":{\"@id\":\"https:\/\/www.3eco.com\/it\/visibilita-della-catena-di-approvvigionamento\/#breadcrumb\"},\"inLanguage\":\"it-IT\",\"potentialAction\":[{\"@type\":\"ReadAction\",\"target\":[\"https:\/\/www.3eco.com\/it\/visibilita-della-catena-di-approvvigionamento\/\"]}]},{\"@type\":\"ImageObject\",\"inLanguage\":\"it-IT\",\"@id\":\"https:\/\/www.3eco.com\/it\/visibilita-della-catena-di-approvvigionamento\/#primaryimage\",\"url\":\"https:\/\/www.3eco.com\/wp-content\/uploads\/2024\/06\/banner_1x1_supply-chain-visibility.jpg?v=1.0.10\",\"contentUrl\":\"https:\/\/www.3eco.com\/wp-content\/uploads\/2024\/06\/banner_1x1_supply-chain-visibility.jpg?v=1.0.10\",\"width\":1800,\"height\":1800,\"caption\":\"Streamlined supply chain transparency solutions, backed our team of industry-leading experts\"},{\"@type\":\"BreadcrumbList\",\"@id\":\"https:\/\/www.3eco.com\/it\/visibilita-della-catena-di-approvvigionamento\/#breadcrumb\",\"itemListElement\":[{\"@type\":\"ListItem\",\"position\":1,\"name\":\"Home\",\"item\":\"https:\/\/www.3eco.com\/it\/\"},{\"@type\":\"ListItem\",\"position\":2,\"name\":\"Visibilit\u00e0 della catena di approvvigionamento\"}]},{\"@type\":\"WebSite\",\"@id\":\"https:\/\/www.3eco.com\/it\/#website\",\"url\":\"https:\/\/www.3eco.com\/it\/\",\"name\":\"3E\",\"description\":\"\",\"publisher\":{\"@id\":\"https:\/\/www.3eco.com\/it\/#organization\"},\"alternateName\":\"3E\",\"potentialAction\":[{\"@type\":\"SearchAction\",\"target\":{\"@type\":\"EntryPoint\",\"urlTemplate\":\"https:\/\/www.3eco.com\/it\/?s={search_term_string}\"},\"query-input\":{\"@type\":\"PropertyValueSpecification\",\"valueRequired\":true,\"valueName\":\"search_term_string\"}}],\"inLanguage\":\"it-IT\"},{\"@type\":\"Organization\",\"@id\":\"https:\/\/www.3eco.com\/it\/#organization\",\"name\":\"3E\",\"url\":\"https:\/\/www.3eco.com\/it\/\",\"logo\":{\"@type\":\"ImageObject\",\"inLanguage\":\"it-IT\",\"@id\":\"https:\/\/www.3eco.com\/it\/#\/schema\/logo\/image\/\",\"url\":\"https:\/\/www.3eco.com\/wp-content\/uploads\/2024\/05\/3e-logo.svg\",\"contentUrl\":\"https:\/\/www.3eco.com\/wp-content\/uploads\/2024\/05\/3e-logo.svg\",\"width\":82,\"height\":29,\"caption\":\"3E\"},\"image\":{\"@id\":\"https:\/\/www.3eco.com\/it\/#\/schema\/logo\/image\/\"},\"sameAs\":[\"https:\/\/web.facebook.com\/3ESaferWorld\",\"https:\/\/x.com\/3E_Safer_World\",\"https:\/\/www.youtube.com\/@Channel3E\",\"https:\/\/www.instagram.com\/3e_safer_world\/\",\"https:\/\/www.facebook.com\/3ESaferWorld\"],\"email\":\"support@3eco.com\"}]}<\/script>\n<!-- \/ Yoast SEO Premium plugin. -->","yoast_head_json":{"title":"Visibilit\u00e0 della catena di approvvigionamento | 3E","description":"Aumenta la visibilit\u00e0 della catena di approvvigionamento con una raccolta dati semplificata, la gestione della conformit\u00e0 e il reporting sulla sostenibilit\u00e0.","robots":{"index":"index","follow":"follow","max-snippet":"max-snippet:-1","max-image-preview":"max-image-preview:large","max-video-preview":"max-video-preview:-1"},"canonical":"https:\/\/www.3eco.com\/it\/visibilita-della-catena-di-approvvigionamento\/","og_locale":"it_IT","og_type":"article","og_title":"Visibilit\u00e0 della catena di approvvigionamento","og_description":"Aumenta la visibilit\u00e0 della catena di approvvigionamento con una raccolta dati semplificata, la gestione della conformit\u00e0 e il reporting sulla sostenibilit\u00e0.","og_url":"https:\/\/www.3eco.com\/it\/visibilita-della-catena-di-approvvigionamento\/","og_site_name":"3E","article_publisher":"https:\/\/web.facebook.com\/3ESaferWorld","og_image":[{"width":1800,"height":1800,"url":"https:\/\/www.3eco.com\/wp-content\/uploads\/2024\/06\/banner_1x1_supply-chain-visibility.jpg?v=1.0.10","type":"image\/jpeg"}],"twitter_card":"summary_large_image","twitter_site":"@3E_Safer_World","schema":{"@context":"https:\/\/schema.org","@graph":[{"@type":"WebPage","@id":"https:\/\/www.3eco.com\/it\/visibilita-della-catena-di-approvvigionamento\/","url":"https:\/\/www.3eco.com\/it\/visibilita-della-catena-di-approvvigionamento\/","name":"Visibilit\u00e0 della catena di approvvigionamento | 3E","isPartOf":{"@id":"https:\/\/www.3eco.com\/it\/#website"},"primaryImageOfPage":{"@id":"https:\/\/www.3eco.com\/it\/visibilita-della-catena-di-approvvigionamento\/#primaryimage"},"image":{"@id":"https:\/\/www.3eco.com\/it\/visibilita-della-catena-di-approvvigionamento\/#primaryimage"},"thumbnailUrl":"https:\/\/www.3eco.com\/wp-content\/uploads\/2024\/06\/banner_1x1_supply-chain-visibility.jpg?v=1.0.10","datePublished":"2024-04-11T19:18:18+00:00","description":"Aumenta la visibilit\u00e0 della catena di approvvigionamento con una raccolta dati semplificata, la gestione della conformit\u00e0 e il reporting sulla sostenibilit\u00e0.","breadcrumb":{"@id":"https:\/\/www.3eco.com\/it\/visibilita-della-catena-di-approvvigionamento\/#breadcrumb"},"inLanguage":"it-IT","potentialAction":[{"@type":"ReadAction","target":["https:\/\/www.3eco.com\/it\/visibilita-della-catena-di-approvvigionamento\/"]}]},{"@type":"ImageObject","inLanguage":"it-IT","@id":"https:\/\/www.3eco.com\/it\/visibilita-della-catena-di-approvvigionamento\/#primaryimage","url":"https:\/\/www.3eco.com\/wp-content\/uploads\/2024\/06\/banner_1x1_supply-chain-visibility.jpg?v=1.0.10","contentUrl":"https:\/\/www.3eco.com\/wp-content\/uploads\/2024\/06\/banner_1x1_supply-chain-visibility.jpg?v=1.0.10","width":1800,"height":1800,"caption":"Streamlined supply chain transparency solutions, backed our team of industry-leading experts"},{"@type":"BreadcrumbList","@id":"https:\/\/www.3eco.com\/it\/visibilita-della-catena-di-approvvigionamento\/#breadcrumb","itemListElement":[{"@type":"ListItem","position":1,"name":"Home","item":"https:\/\/www.3eco.com\/it\/"},{"@type":"ListItem","position":2,"name":"Visibilit\u00e0 della catena di approvvigionamento"}]},{"@type":"WebSite","@id":"https:\/\/www.3eco.com\/it\/#website","url":"https:\/\/www.3eco.com\/it\/","name":"3E","description":"","publisher":{"@id":"https:\/\/www.3eco.com\/it\/#organization"},"alternateName":"3E","potentialAction":[{"@type":"SearchAction","target":{"@type":"EntryPoint","urlTemplate":"https:\/\/www.3eco.com\/it\/?s={search_term_string}"},"query-input":{"@type":"PropertyValueSpecification","valueRequired":true,"valueName":"search_term_string"}}],"inLanguage":"it-IT"},{"@type":"Organization","@id":"https:\/\/www.3eco.com\/it\/#organization","name":"3E","url":"https:\/\/www.3eco.com\/it\/","logo":{"@type":"ImageObject","inLanguage":"it-IT","@id":"https:\/\/www.3eco.com\/it\/#\/schema\/logo\/image\/","url":"https:\/\/www.3eco.com\/wp-content\/uploads\/2024\/05\/3e-logo.svg","contentUrl":"https:\/\/www.3eco.com\/wp-content\/uploads\/2024\/05\/3e-logo.svg","width":82,"height":29,"caption":"3E"},"image":{"@id":"https:\/\/www.3eco.com\/it\/#\/schema\/logo\/image\/"},"sameAs":["https:\/\/web.facebook.com\/3ESaferWorld","https:\/\/x.com\/3E_Safer_World","https:\/\/www.youtube.com\/@Channel3E","https:\/\/www.instagram.com\/3e_safer_world\/","https:\/\/www.facebook.com\/3ESaferWorld"],"email":"support@3eco.com"}]}},"_links":{"self":[{"href":"https:\/\/www.3eco.com\/it\/wp-json\/wp\/v2\/pages\/19966","targetHints":{"allow":["GET"]}}],"collection":[{"href":"https:\/\/www.3eco.com\/it\/wp-json\/wp\/v2\/pages"}],"about":[{"href":"https:\/\/www.3eco.com\/it\/wp-json\/wp\/v2\/types\/page"}],"author":[{"embeddable":true,"href":"https:\/\/www.3eco.com\/it\/wp-json\/wp\/v2\/users\/10"}],"replies":[{"embeddable":true,"href":"https:\/\/www.3eco.com\/it\/wp-json\/wp\/v2\/comments?post=19966"}],"version-history":[{"count":0,"href":"https:\/\/www.3eco.com\/it\/wp-json\/wp\/v2\/pages\/19966\/revisions"}],"wp:featuredmedia":[{"embeddable":true,"href":"https:\/\/www.3eco.com\/it\/wp-json\/wp\/v2\/media\/17865"}],"wp:attachment":[{"href":"https:\/\/www.3eco.com\/it\/wp-json\/wp\/v2\/media?parent=19966"}],"wp:term":[{"taxonomy":"capability","embeddable":true,"href":"https:\/\/www.3eco.com\/it\/wp-json\/wp\/v2\/capability?post=19966"},{"taxonomy":"content-type","embeddable":true,"href":"https:\/\/www.3eco.com\/it\/wp-json\/wp\/v2\/content-type?post=19966"},{"taxonomy":"industry","embeddable":true,"href":"https:\/\/www.3eco.com\/it\/wp-json\/wp\/v2\/industry?post=19966"},{"taxonomy":"product-and-service","embeddable":true,"href":"https:\/\/www.3eco.com\/it\/wp-json\/wp\/v2\/product-and-service?post=19966"},{"taxonomy":"region","embeddable":true,"href":"https:\/\/www.3eco.com\/it\/wp-json\/wp\/v2\/region?post=19966"},{"taxonomy":"service-type","embeddable":true,"href":"https:\/\/www.3eco.com\/it\/wp-json\/wp\/v2\/service-type?post=19966"},{"taxonomy":"solution","embeddable":true,"href":"https:\/\/www.3eco.com\/it\/wp-json\/wp\/v2\/solution?post=19966"},{"taxonomy":"topic","embeddable":true,"href":"https:\/\/www.3eco.com\/it\/wp-json\/wp\/v2\/topic?post=19966"}],"curies":[{"name":"wp","href":"https:\/\/api.w.org\/{rel}","templated":true}]}}